{"id":116080,"date":"2025-08-09T00:00:00","date_gmt":"2025-08-09T05:00:00","guid":{"rendered":"http:\/\/gpl-love.com\/es\/?post_type=product&#038;p=116080"},"modified":"2026-04-10T11:17:26","modified_gmt":"2026-04-10T16:17:26","slug":"mycred-cashcred-stripe","status":"publish","type":"product","link":"https:\/\/gpl-love.com\/es\/producto\/mycred-cashcred-stripe\/","title":{"rendered":"myCred cashCred Stripe 1.0.3"},"content":{"rendered":"<h3>myCred cashCred Stripe Caracteristicas<\/h3>\n<p>El producto MyCred Cashcred Stripe es una herramienta inmensamente potente que atiende a las empresas que pretenden optimizar y mejorar sus sistemas de procesamiento de pagos de manera eficiente. A trav\u00e9s de la utilizaci\u00f3n de este notable producto, a los usuarios se les otorga la capacidad de aceptar los pagos de los clientes a trav\u00e9s de una multitud de m\u00e9todos de pago ampliamente utilizados, abarcar tarjetas de cr\u00e9dito, transferencias bancarias y pagos m\u00f3viles, entre otros. En particular, el sistema cuenta con un nivel extremadamente alto de seguridad y confiabilidad, reforzado por la inclusi\u00f3n de caracter\u00edsticas de protecci\u00f3n de fraude robustas que garantizan la seguridad y la integridad de todas las transacciones. Adem\u00e1s, MyCred Cashcred Stripe va m\u00e1s all\u00e1 al otorgar a las empresas el invaluable privilegio de acceder a poderosas herramientas de informes y an\u00e1lisis, lo que les permite monitorear meticulosamente los datos de transacciones en tiempo real y adquirir conocimientos perspicaces relacionados con el comportamiento del cliente y las tendencias de pago. En esencia, este producto tiene el potencial de revolucionar el panorama de las operaciones de procesamiento de pagos para empresas que buscan la simplificaci\u00f3n y optimizaci\u00f3n perfecta de sus procedimientos de pago.<\/p>\n<ul>\n<li>MyCred CashCred Stripe es una poderosa herramienta de procesamiento de pagos que le permite administrar y procesar f\u00e1cilmente los pagos desde su sitio web o aplicaci\u00f3n.<\/li>\n<li>Con MyCred Cashcred Stripe, puede aceptar pagos de clientes de todo el mundo, en una variedad de monedas.<\/li>\n<li>El sistema es totalmente personalizable, lo que le permite configurar sus pagos exactamente de la manera que los desea.<\/li>\n<li>Cuenta con una pasarela de pago segura y confiable que garantiza que los datos de sus clientes siempre est\u00e9n protegidos.<\/li>\n<li>La interfaz es f\u00e1cil de usar e intuitiva, lo que facilita incluso a los usuarios novatos configurar y administrar sus pagos.<\/li>\n<li>Con MyCred Cashcred Stripe, puede administrar f\u00e1cilmente los reembolsos, las devoluciones de cargo y las disputas de una sola plataforma, minimizando el riesgo de transacciones fraudulentas.<\/li>\n<li>Se integra a la perfecci\u00f3n con las populares plataformas de comercio electr\u00f3nico como WooCommerce y descargas digitales f\u00e1ciles, lo que le permite aceptar f\u00e1cilmente pagos para sus productos y servicios.<\/li>\n<li>El sistema presenta herramientas avanzadas de an\u00e1lisis e informes que le brindan informaci\u00f3n profunda sobre sus pagos y lo ayudan a tomar decisiones comerciales informadas.<\/li>\n<li>MyCred CashCred Stripe ofrece planes de precios flexibles para adaptarse a cualquier presupuesto, por lo que es una opci\u00f3n asequible para empresas de todos los tama\u00f1os.<\/li>\n<\/ul>\n","protected":false},"excerpt":{"rendered":"<p>La Stripe MyCred CashCred, que es una s\u00f3lida herramienta de integraci\u00f3n de pagos, sirve para facilitar las transacciones sin problemas para su sitio web o aplicaci\u00f3n m\u00f3vil. Al emplear esta herramienta, tiene la capacidad de recibir sin esfuerzo los pagos de sus usuarios y extender un programa de recompensas a trav\u00e9s de la plataforma MyCred. La integraci\u00f3n con Stripe garantiza la adquisici\u00f3n de todas las transacciones de manera segura y eficiente, mientras que el sistema CashCred le permite incentivar adecuadamente a sus usuarios por su lealtad y participaci\u00f3n activa. En general, el MyCred CashCred Stripe es una herramienta indispensable que cualquier negocio que busque aumentar sus capacidades del programa de pago y recompensas en l\u00ednea deber\u00eda poseer.<\/p>\n","protected":false},"featured_media":166848,"comment_status":"open","ping_status":"open","template":"","meta":[],"product_brand":[2503],"product_cat":[1214,1206,1211],"product_tag":[2187],"class_list":{"0":"post-116080","1":"product","2":"type-product","3":"status-publish","4":"has-post-thumbnail","6":"product_brand-mycred","7":"product_cat-personalizacion","8":"product_cat-plugins","9":"product_cat-wordpress-plugins","10":"product_tag-mycred","11":"member-discount","12":"discount-restricted","14":"first","15":"instock","16":"sale","17":"downloadable","18":"virtual","19":"sold-individually","20":"purchasable","21":"product-type-simple"},"_links":{"self":[{"href":"https:\/\/gpl-love.com\/es\/wp-json\/wp\/v2\/product\/116080","targetHints":{"allow":["GET"]}}],"collection":[{"href":"https:\/\/gpl-love.com\/es\/wp-json\/wp\/v2\/product"}],"about":[{"href":"https:\/\/gpl-love.com\/es\/wp-json\/wp\/v2\/types\/product"}],"replies":[{"embeddable":true,"href":"https:\/\/gpl-love.com\/es\/wp-json\/wp\/v2\/comments?post=116080"}],"wp:featuredmedia":[{"embeddable":true,"href":"https:\/\/gpl-love.com\/es\/wp-json\/wp\/v2\/media\/166848"}],"wp:attachment":[{"href":"https:\/\/gpl-love.com\/es\/wp-json\/wp\/v2\/media?parent=116080"}],"wp:term":[{"taxonomy":"product_brand","embeddable":true,"href":"https:\/\/gpl-love.com\/es\/wp-json\/wp\/v2\/product_brand?post=116080"},{"taxonomy":"product_cat","embeddable":true,"href":"https:\/\/gpl-love.com\/es\/wp-json\/wp\/v2\/product_cat?post=116080"},{"taxonomy":"product_tag","embeddable":true,"href":"https:\/\/gpl-love.com\/es\/wp-json\/wp\/v2\/product_tag?post=116080"}],"curies":[{"name":"wp","href":"https:\/\/api.w.org\/{rel}","templated":true}]}}