{"id":116078,"date":"2025-08-03T00:00:00","date_gmt":"2025-08-03T05:00:00","guid":{"rendered":"http:\/\/gpl-love.com\/es\/?post_type=product&#038;p=116078"},"modified":"2026-04-10T11:17:43","modified_gmt":"2026-04-10T16:17:43","slug":"mycred-woocommerce-plus","status":"publish","type":"product","link":"https:\/\/gpl-love.com\/es\/producto\/mycred-woocommerce-plus\/","title":{"rendered":"myCred WooCommerce Plus 2.1.2"},"content":{"rendered":"<h3>myCred WooCommerce Plus Caracteristicas<\/h3>\n<p>MyCred WooCommerce Plus, un complemento de considerable potencia, sirve para mejorar las funcionalidades de MyCred y WooCommerce. Esta integraci\u00f3n presenta una gran cantidad de caracter\u00edsticas y opciones para los propietarios de tiendas en l\u00ednea, que abarca el establecimiento sin esfuerzo y la administraci\u00f3n de sistemas de recompensas, programas de fidelizaci\u00f3n, as\u00ed como programas de referencia. Por medio de MyCred WooCommerce Plus, los propietarios de tiendas poseen los medios para alentar a los clientes a emprender una variedad de acciones, incluidas, entre otros, completar compras, enviar comentarios, recomendar amigos y mucho m\u00e1s. Los clientes tienen la oportunidad de acumular y posteriormente redimir puntos, mientras que los propietarios de tiendas tienen a su disposici\u00f3n los medios para monitorear y gobernar sin esfuerzo estos puntos. Adem\u00e1s, MyCred WooCommerce Plus ofrece una variedad de opciones de personalizaci\u00f3n, lo que permite a los propietarios de tiendas adaptar sus programas de recompensa de tal manera que satisfacen las necesidades espec\u00edficas de su negocio. En general, MyCred WooCommerce Plus es una herramienta indispensable para cualquier propietario de la tienda de WooCommerce en busca de aumentar la participaci\u00f3n del cliente, promover la lealtad y, en \u00faltima instancia, aumentar las ventas.<\/p>\n<ul>\n<li>Integraci\u00f3n con WooCommerce para la gesti\u00f3n sin problemas y el seguimiento del sistema de recompensas basado en puntos<\/li>\n<li>Reglas de ganancias y redenci\u00f3n de puntos personalizables para satisfacer las necesidades de su negocio<\/li>\n<li>Soporte para m\u00faltiples tipos de puntos y niveles de recompensa para incentivar e involucrar a los clientes<\/li>\n<li>Integraci\u00f3n con pasarelas de pago populares y proveedores de env\u00edo para una f\u00e1cil redenci\u00f3n y cumplimiento de recompensas<\/li>\n<li>Herramientas avanzadas de informes y an\u00e1lisis para monitorear y ajustar su programa de recompensas para un rendimiento \u00f3ptimo<\/li>\n<li>Interfaz f\u00e1cil de usar y proceso de configuraci\u00f3n intuitiva con soporte y documentaci\u00f3n dedicados disponibles<\/li>\n<li>Actualizaciones regulares y mejoras de caracter\u00edsticas para garantizar que su programa de recompensas se mantenga actualizado con las \u00faltimas tecnolog\u00edas y tendencias<\/li>\n<\/ul>\n","protected":false},"excerpt":{"rendered":"<p>MyCred WooCommerce Plus es un complemento incre\u00edblemente robusto que se integra perfectamente con WooCommerce, lo que resulta en un sistema de gesti\u00f3n de puntos notablemente completo para su estimada tienda en l\u00ednea. Este complemento extraordinario le otorga la notable capacidad de otorgar generosamente puntos a sus estimados clientes por una mir\u00edada de acciones estimadas, incluidas, entre otras, sus compras veneradas, referencias estimadas, estimadas revisiones de productos y muchas m\u00e1s. Estos estimados puntos pueden ser redimidos f\u00e1cilmente por sus estimados clientes por descuentos altamente codiciados, productos gratuitos y una variedad de otras recompensas estimadas. Adem\u00e1s, este complemento rastrea diligentemente todos los puntos ganados, registra meticulosamente todos los puntos gastados y realiza diligentemente un seguimiento de los puntos restantes, lo que le proporciona sin esfuerzo ideas invaluables relacionadas con el comportamiento estimado del cliente y el compromiso inquejador. Al aprovechar las potentes capacidades de MyCred WooCommerce Plus, puede dise\u00f1ar sin problemas un programa de lealtad incomparable que est\u00e9 garantizado para mantener a sus clientes apreciados que regresan continuamente para una satisfacci\u00f3n incomparable y una sensaci\u00f3n perdurable de satisfacci\u00f3n.<\/p>\n","protected":false},"featured_media":166872,"comment_status":"open","ping_status":"open","template":"","meta":[],"product_brand":[2503],"product_cat":[1214,1206,1211],"product_tag":[2187],"class_list":{"0":"post-116078","1":"product","2":"type-product","3":"status-publish","4":"has-post-thumbnail","6":"product_brand-mycred","7":"product_cat-personalizacion","8":"product_cat-plugins","9":"product_cat-wordpress-plugins","10":"product_tag-mycred","11":"member-discount","12":"discount-restricted","14":"first","15":"instock","16":"sale","17":"downloadable","18":"virtual","19":"sold-individually","20":"purchasable","21":"product-type-simple"},"_links":{"self":[{"href":"https:\/\/gpl-love.com\/es\/wp-json\/wp\/v2\/product\/116078","targetHints":{"allow":["GET"]}}],"collection":[{"href":"https:\/\/gpl-love.com\/es\/wp-json\/wp\/v2\/product"}],"about":[{"href":"https:\/\/gpl-love.com\/es\/wp-json\/wp\/v2\/types\/product"}],"replies":[{"embeddable":true,"href":"https:\/\/gpl-love.com\/es\/wp-json\/wp\/v2\/comments?post=116078"}],"wp:featuredmedia":[{"embeddable":true,"href":"https:\/\/gpl-love.com\/es\/wp-json\/wp\/v2\/media\/166872"}],"wp:attachment":[{"href":"https:\/\/gpl-love.com\/es\/wp-json\/wp\/v2\/media?parent=116078"}],"wp:term":[{"taxonomy":"product_brand","embeddable":true,"href":"https:\/\/gpl-love.com\/es\/wp-json\/wp\/v2\/product_brand?post=116078"},{"taxonomy":"product_cat","embeddable":true,"href":"https:\/\/gpl-love.com\/es\/wp-json\/wp\/v2\/product_cat?post=116078"},{"taxonomy":"product_tag","embeddable":true,"href":"https:\/\/gpl-love.com\/es\/wp-json\/wp\/v2\/product_tag?post=116078"}],"curies":[{"name":"wp","href":"https:\/\/api.w.org\/{rel}","templated":true}]}}