{"id":116076,"date":"2025-08-09T00:00:00","date_gmt":"2025-08-09T05:00:00","guid":{"rendered":"http:\/\/gpl-love.com\/es\/?post_type=product&#038;p=116076"},"modified":"2026-04-10T11:17:38","modified_gmt":"2026-04-10T16:17:38","slug":"mycred-social-proof","status":"publish","type":"product","link":"https:\/\/gpl-love.com\/es\/producto\/mycred-social-proof\/","title":{"rendered":"myCred Social Proof 1.2.9"},"content":{"rendered":"<h3>myCred Social Proof Caracteristicas<\/h3>\n<p>Mycred Social Proof, una herramienta incre\u00edblemente poderosa, sirve como catalizador para las empresas en su b\u00fasqueda para mejorar las conversiones y establecer confianza entre su clientela. Esta notable herramienta otorga a las empresas la capacidad de exhibir la participaci\u00f3n del cliente en tiempo real, que abarca un espectro de actividades como compras, revisiones y comentarios, directamente en su sitio web. Al mostrar esta invaluable prueba social, las empresas tienen la capacidad de fortalecer su credibilidad e infundir un sentido de urgencia en los clientes potenciales, lo que los lleva a tomar medidas decisivas. Con la extraordinaria prueba social MyCred a su disposici\u00f3n, las empresas pueden adaptar sin esfuerzo la pantalla para alinearse con su identidad de marca, seleccionar las actividades espec\u00edficas que desean destacar e incluso establecer desencadenantes espec\u00edficos que determinan cu\u00e1ndo se muestran acciones particulares. Para agregar a su encanto, este producto cuenta con una interfaz intuitiva que garantiza la facilidad de uso y cuenta con una integraci\u00f3n perfecta con plataformas de sitios web de renombre como WordPress, lo que lo convierte en la soluci\u00f3n definitiva para las empresas de todas las magnitudes ansiosas por aumentar su presencia en l\u00ednea.<\/p>\n<ul>\n<li>Aumenta las tasas de conversi\u00f3n con prueba social<\/li>\n<li>Muestra puntos de usuario totales ganados<\/li>\n<li>Muestra actividades recientes de usuarios<\/li>\n<li>Muestra la tabla de clasificaci\u00f3n de los principales usuarios<\/li>\n<li>Opciones de visualizaci\u00f3n personalizables<\/li>\n<li>Compatible con la mayor\u00eda de los temas y complementos de WordPress<\/li>\n<li>Instalaci\u00f3n y configuraci\u00f3n f\u00e1ciles<\/li>\n<li>Aumenta la participaci\u00f3n del usuario y la lealtad<\/li>\n<li>Aumenta la credibilidad y la confiabilidad del sitio<\/li>\n<li>Se puede utilizar para fines de gamificaci\u00f3n.<\/li>\n<\/ul>\n","protected":false},"excerpt":{"rendered":"<p>MyCred Social Proof es una herramienta excepcionalmente robusta e influyente que sirve para mejorar la credibilidad y la confiabilidad de su estimado sitio web o marca al exhibir sin esfuerzo notificaciones de prueba social en tiempo real. Al aprovechar la utilizaci\u00f3n de este notable complemento, est\u00e1 facultado para resaltar y mostrar efectivamente una amplia gama de acciones significativas que sus estimados visitantes han tomado, incluidas compras recientes, registros, revisiones y otras actividades vitales. Esta caracter\u00edstica notable juega un papel fundamental en el establecimiento de una s\u00f3lida base de confianza y confiabilidad, estimulando y motivando a otros usuarios a emular estas acciones ejemplares. Adem\u00e1s, vale la pena se\u00f1alar que este complemento altamente adaptable y vers\u00e1til puede integrarse perfectamente con una gran cantidad de temas y complementos prominentes de WordPress, asegurando una experiencia de usuario perfecta y armoniosa. En consecuencia, al aprovechar las capacidades y funcionalidades excepcionales de la prueba social de MyCred, puede empoderar y equipar de manera efectiva a sus estimados visitantes con la invaluable confianza y garant\u00eda adicional de comprometerse activamente y de todo coraz\u00f3n con su estimada marca, garantizando as\u00ed una sobretensi\u00f3n significativa y sustancial en sus tasas de conversi\u00f3n y \u00e9xito general del negocio.<\/p>\n","protected":false},"featured_media":166865,"comment_status":"open","ping_status":"open","template":"","meta":[],"product_brand":[2503],"product_cat":[1214,1206,1211],"product_tag":[2187],"class_list":{"0":"post-116076","1":"product","2":"type-product","3":"status-publish","4":"has-post-thumbnail","6":"product_brand-mycred","7":"product_cat-personalizacion","8":"product_cat-plugins","9":"product_cat-wordpress-plugins","10":"product_tag-mycred","11":"member-discount","12":"discount-restricted","14":"first","15":"instock","16":"sale","17":"downloadable","18":"virtual","19":"sold-individually","20":"purchasable","21":"product-type-simple"},"_links":{"self":[{"href":"https:\/\/gpl-love.com\/es\/wp-json\/wp\/v2\/product\/116076","targetHints":{"allow":["GET"]}}],"collection":[{"href":"https:\/\/gpl-love.com\/es\/wp-json\/wp\/v2\/product"}],"about":[{"href":"https:\/\/gpl-love.com\/es\/wp-json\/wp\/v2\/types\/product"}],"replies":[{"embeddable":true,"href":"https:\/\/gpl-love.com\/es\/wp-json\/wp\/v2\/comments?post=116076"}],"wp:featuredmedia":[{"embeddable":true,"href":"https:\/\/gpl-love.com\/es\/wp-json\/wp\/v2\/media\/166865"}],"wp:attachment":[{"href":"https:\/\/gpl-love.com\/es\/wp-json\/wp\/v2\/media?parent=116076"}],"wp:term":[{"taxonomy":"product_brand","embeddable":true,"href":"https:\/\/gpl-love.com\/es\/wp-json\/wp\/v2\/product_brand?post=116076"},{"taxonomy":"product_cat","embeddable":true,"href":"https:\/\/gpl-love.com\/es\/wp-json\/wp\/v2\/product_cat?post=116076"},{"taxonomy":"product_tag","embeddable":true,"href":"https:\/\/gpl-love.com\/es\/wp-json\/wp\/v2\/product_tag?post=116076"}],"curies":[{"name":"wp","href":"https:\/\/api.w.org\/{rel}","templated":true}]}}