{"id":116074,"date":"2025-08-09T00:00:00","date_gmt":"2025-08-09T05:00:00","guid":{"rendered":"http:\/\/gpl-love.com\/es\/?post_type=product&#038;p=116074"},"modified":"2026-04-10T11:17:31","modified_gmt":"2026-04-10T16:17:31","slug":"mycred-gateway-easy-digital-downloads","status":"publish","type":"product","link":"https:\/\/gpl-love.com\/es\/producto\/mycred-gateway-easy-digital-downloads\/","title":{"rendered":"myCred Gateway Easy Digital Downloads 1.2.5"},"content":{"rendered":"<h3>myCred Gateway Easy Digital Downloads Caracteristicas<\/h3>\n<p>La puerta de enlace MyCred para descargas digitales f\u00e1ciles cuenta con inmensas capacidades, lo que permite a los usuarios supervisar sin esfuerzo las transacciones digitales. A trav\u00e9s de la utilizaci\u00f3n de este complemento ingenioso, el establecimiento de un marco de gratificaci\u00f3n se presenta sin complicaciones para los clientes que participan en las compras, lo que les permite acumular cr\u00e9ditos que posteriormente pueden emplearse en las pr\u00f3ximas transacciones. La puerta de enlace MyCred ha revolucionado la gesti\u00f3n de las transacciones, ya que consolida la capacidad de monitorear meticulosamente las transacciones, manejar eficientemente los pagos y administrar r\u00e1pidamente reembolsos, todos dentro de una plataforma unificada. Ya sea que un individuo sea un minorista de comercio electr\u00f3nico o un creador de contenido digital, la adquisici\u00f3n de este complemento es una necesidad indiscutible para que aquellos que anhelen optimizar sus operaciones y proporcionar a los clientes una experiencia de usuario mejorada.<\/p>\n<ul>\n<li>Una pasarela de pago segura y confiable para sitios web f\u00e1ciles de descargas digitales<\/li>\n<li>Se integra sin problemas con el complemento MyCred, lo que permite a los clientes ganar y canjear puntos por compras<\/li>\n<li>Configuraci\u00f3n personalizable para tasas de conversi\u00f3n de puntos y opciones de redenci\u00f3n de puntos<\/li>\n<li>Admite m\u00faltiples monedas y m\u00e9todos de pago que incluyen tarjetas de cr\u00e9dito\/d\u00e9bito, PayPal y Stripe<\/li>\n<li>Medidas avanzadas de prevenci\u00f3n de fraude para minimizar las devoluciones y proteger contra las transacciones fraudulentas<\/li>\n<li>Informes en tiempo real y seguimiento de transacciones para un f\u00e1cil monitoreo y an\u00e1lisis<\/li>\n<\/ul>\n","protected":false},"excerpt":{"rendered":"<p>MyCred Gateway Easy Digital Descargas es una herramienta incre\u00edblemente robusta y formidable que est\u00e1 espec\u00edficamente dise\u00f1ada para administrar de manera efectiva y eficiente los procesos complejos asociados con las descargas digitales y los pagos en l\u00ednea. Esta innovadora puerta de entrada brinda a los usuarios un nivel incomparable de conveniencia y seguridad, lo que les permite comprar art\u00edculos sin esfuerzo y de forma segura directamente desde su sitio web mediante la utilizaci\u00f3n de una amplia gama de opciones de pago. En particular, esta puerta de entrada cuenta con una interfaz notablemente f\u00e1cil de usar que est\u00e1 espec\u00edficamente dise\u00f1ada para facilitar y racionalizar el proceso de pago a menudo complicado, asegurando que los usuarios puedan navegar a trav\u00e9s de ella con facilidad y conveniencia. Adem\u00e1s, las descargas digitales de MyCred Gateway Easy se caracterizan por su amplia gama de caracter\u00edsticas que est\u00e1n meticulosamente dise\u00f1adas para capacitarlo con la capacidad de monitorear, rastrear y analizar sin esfuerzo cada transacci\u00f3n que se lleva a cabo dentro de su ecosistema digital. En consecuencia, esta puerta de enlace funciona como una herramienta invaluable que facilita sin problemas la recepci\u00f3n de pagos para descargas digitales, al tiempo que facilita simult\u00e1neamente el seguimiento sin esfuerzo y eficiente de sus ganancias. En consecuencia, es irrefutablemente evidente que las descargas digitales f\u00e1ciles de MyCred Gateway es un activo indispensable para todas y cada una de las empresas en l\u00ednea que buscan recibir pagos en l\u00ednea de manera conveniente y segura.<\/p>\n","protected":false},"featured_media":166855,"comment_status":"open","ping_status":"open","template":"","meta":[],"product_brand":[2503],"product_cat":[1214,1206,1211],"product_tag":[2187],"class_list":{"0":"post-116074","1":"product","2":"type-product","3":"status-publish","4":"has-post-thumbnail","6":"product_brand-mycred","7":"product_cat-personalizacion","8":"product_cat-plugins","9":"product_cat-wordpress-plugins","10":"product_tag-mycred","11":"member-discount","12":"discount-restricted","14":"first","15":"instock","16":"sale","17":"downloadable","18":"virtual","19":"sold-individually","20":"purchasable","21":"product-type-simple"},"_links":{"self":[{"href":"https:\/\/gpl-love.com\/es\/wp-json\/wp\/v2\/product\/116074","targetHints":{"allow":["GET"]}}],"collection":[{"href":"https:\/\/gpl-love.com\/es\/wp-json\/wp\/v2\/product"}],"about":[{"href":"https:\/\/gpl-love.com\/es\/wp-json\/wp\/v2\/types\/product"}],"replies":[{"embeddable":true,"href":"https:\/\/gpl-love.com\/es\/wp-json\/wp\/v2\/comments?post=116074"}],"wp:featuredmedia":[{"embeddable":true,"href":"https:\/\/gpl-love.com\/es\/wp-json\/wp\/v2\/media\/166855"}],"wp:attachment":[{"href":"https:\/\/gpl-love.com\/es\/wp-json\/wp\/v2\/media?parent=116074"}],"wp:term":[{"taxonomy":"product_brand","embeddable":true,"href":"https:\/\/gpl-love.com\/es\/wp-json\/wp\/v2\/product_brand?post=116074"},{"taxonomy":"product_cat","embeddable":true,"href":"https:\/\/gpl-love.com\/es\/wp-json\/wp\/v2\/product_cat?post=116074"},{"taxonomy":"product_tag","embeddable":true,"href":"https:\/\/gpl-love.com\/es\/wp-json\/wp\/v2\/product_tag?post=116074"}],"curies":[{"name":"wp","href":"https:\/\/api.w.org\/{rel}","templated":true}]}}