{"id":116072,"date":"2021-12-30T00:00:00","date_gmt":"2021-12-30T05:00:00","guid":{"rendered":"http:\/\/gpl-love.com\/es\/?post_type=product&#038;p=116072"},"modified":"2026-03-09T07:52:25","modified_gmt":"2026-03-09T12:52:25","slug":"mycred-para-user-pro","status":"publish","type":"product","link":"https:\/\/gpl-love.com\/es\/producto\/mycred-para-user-pro\/","title":{"rendered":"myCred para User Pro 1.1.7"},"content":{"rendered":"<h3>myCred para User Pro Caracteristicas<\/h3>\n<p>MyCred para User Pro es un complemento incre\u00edblemente robusto y din\u00e1mico que ofrece a los propietarios de sitios web una herramienta excepcional para elaborar experiencias cautivadoras y gratificantes para sus valiosos usuarios. A trav\u00e9s de la utilizaci\u00f3n de MyCred para el usuario Pro, los usuarios pueden acumular puntos, adquirir insignias y obtener recompensas en funci\u00f3n de sus diversas actividades en el sitio web, incluidos comentarios, gustos, compartir y realizar compras. Adem\u00e1s, este complemento excepcional proporciona a los propietarios de sitios web la extraordinaria capacidad de establecer reglas e incentivos personalizados adaptados a grupos de usuarios espec\u00edficos, al tiempo que monitorea la participaci\u00f3n y la actividad del usuario a trav\u00e9s de informes y an\u00e1lisis exhaustivos. Emplear de manera efectiva MyCred para el usuario Pro permite a los propietarios de sitios web aumentar sustancialmente la participaci\u00f3n del usuario, fomentar la lealtad y reforzar la retenci\u00f3n de los usuarios, que finalmente culmin\u00f3 en una experiencia de usuario incomparable que es realmente enriquecedor y satisfactoria.<\/p>\n<ul>\n<li>Complemento f\u00e1cil de usar para administrar y otorgar puntos a los usuarios dentro de UserPro<\/li>\n<li>Se integra sin problemas con UserPro, permitiendo programas de recompensa basados \u200b\u200ben puntos f\u00e1ciles<\/li>\n<li>Ofrece varios mecanismos de ingreso a puntos, como iniciar sesi\u00f3n, comentar, compartir social y m\u00e1s<\/li>\n<li>Proporciona opciones de canje de puntos personalizables para usuarios como descuentos, cupones y acceso exclusivo<\/li>\n<li>Sistema de seguimiento avanzado para que los administradores supervisen los puntos de usuario y las transacciones<\/li>\n<li>Interfaz f\u00e1cil de usar para que los usuarios vean sus puntos y opciones de redenci\u00f3n<\/li>\n<li>Sistema de plantillas incorporado para una f\u00e1cil modificaci\u00f3n de aspectos relacionados con el punto en el front-end del sitio web<\/li>\n<li>Documentaci\u00f3n y soporte extenso para garantizar una integraci\u00f3n sin problemas con su sitio web.<\/li>\n<\/ul>\n","protected":false},"excerpt":{"rendered":"<p>MyCred para User Pro, un complemento de WordPress de alta calidad, presenta una oportunidad para que los propietarios de sitios web incorporen sin problemas programas sofisticados de gesti\u00f3n y fidelizaci\u00f3n de los usuarios en sus plataformas en l\u00ednea. Al aprovechar MyCred para el usuario Pro, estas personas pueden establecer sin esfuerzo puntos y sistemas de recompensas, monitorear los comportamientos de los usuarios y supervisar los roles y permisos de los usuarios. Este complemento revolucionario resulta invaluable para los propietarios de sitios web que aspiran a inspirar y satisfacer a sus usuarios por participar activamente en su contenido, lograr tareas designadas o alcanzar objetivos predeterminados. \u00a1Abrazar MyCred para el usuario Pro pavimenta el camino para el cultivo de una comunidad de usuarios devoto como nunca antes!<\/p>\n","protected":false},"featured_media":166852,"comment_status":"open","ping_status":"open","template":"","meta":[],"product_brand":[2503],"product_cat":[1214,1206,1211],"product_tag":[2187],"class_list":{"0":"post-116072","1":"product","2":"type-product","3":"status-publish","4":"has-post-thumbnail","6":"product_brand-mycred","7":"product_cat-personalizacion","8":"product_cat-plugins","9":"product_cat-wordpress-plugins","10":"product_tag-mycred","11":"member-discount","12":"discount-restricted","14":"first","15":"instock","16":"sale","17":"downloadable","18":"virtual","19":"sold-individually","20":"purchasable","21":"product-type-simple"},"_links":{"self":[{"href":"https:\/\/gpl-love.com\/es\/wp-json\/wp\/v2\/product\/116072","targetHints":{"allow":["GET"]}}],"collection":[{"href":"https:\/\/gpl-love.com\/es\/wp-json\/wp\/v2\/product"}],"about":[{"href":"https:\/\/gpl-love.com\/es\/wp-json\/wp\/v2\/types\/product"}],"replies":[{"embeddable":true,"href":"https:\/\/gpl-love.com\/es\/wp-json\/wp\/v2\/comments?post=116072"}],"wp:featuredmedia":[{"embeddable":true,"href":"https:\/\/gpl-love.com\/es\/wp-json\/wp\/v2\/media\/166852"}],"wp:attachment":[{"href":"https:\/\/gpl-love.com\/es\/wp-json\/wp\/v2\/media?parent=116072"}],"wp:term":[{"taxonomy":"product_brand","embeddable":true,"href":"https:\/\/gpl-love.com\/es\/wp-json\/wp\/v2\/product_brand?post=116072"},{"taxonomy":"product_cat","embeddable":true,"href":"https:\/\/gpl-love.com\/es\/wp-json\/wp\/v2\/product_cat?post=116072"},{"taxonomy":"product_tag","embeddable":true,"href":"https:\/\/gpl-love.com\/es\/wp-json\/wp\/v2\/product_tag?post=116072"}],"curies":[{"name":"wp","href":"https:\/\/api.w.org\/{rel}","templated":true}]}}