{"id":116070,"date":"2021-08-15T00:00:00","date_gmt":"2021-08-15T05:00:00","guid":{"rendered":"http:\/\/gpl-love.com\/es\/?post_type=product&#038;p=116070"},"modified":"2026-04-10T11:17:30","modified_gmt":"2026-04-10T16:17:30","slug":"mycred-para-wpbakery-page-builder","status":"publish","type":"product","link":"https:\/\/gpl-love.com\/es\/producto\/mycred-para-wpbakery-page-builder\/","title":{"rendered":"myCred para WPBakery Page Builder 1.2.1"},"content":{"rendered":"<h3>myCred para WPBakery Page Builder Caracteristicas<\/h3>\n<p>MyCred para Wpbakery Page Builder es un complemento incre\u00edblemente robusto que ofrece a los usuarios la conveniencia de incorporar sin esfuerzo un sistema de gesti\u00f3n de puntos sofisticado en su estimado sitio web de WordPress. Al aprovechar este complemento excepcional, los usuarios est\u00e1n facultados para otorgar puntos a sus estimados visitantes en respuesta a una variedad de actividades diversas, que van desde el simple acto de compartir contenido cautivador para participar activamente en interacciones fruct\u00edferas dejando comentarios perspicaces o participando en compras lucrativas. Lo que realmente distingue a este complemento es su capacidad para permitir a estos agradecidos visitantes canjear sus puntos acumulados diligentemente a cambio de una variedad ecl\u00e9ctica de recompensas cautivadoras o beneficios atractivos, cultivando as\u00ed un incentivo innegablemente incomparable que atrae a los visitantes sin esfuerzo a comprometerse perenne con el sitio web en el sitio web en cuesti\u00f3n . Como una soluci\u00f3n tremendamente \u00e1gil, el complemento ofrece niveles de personalizaci\u00f3n no anunciados, que ofrece a los usuarios el privilegio indiscutible de elaborar meticulosamente su propio conjunto de reglas del sistema de puntos y dise\u00f1ar su propia selecci\u00f3n de opciones de recompensa atractivas. Adem\u00e1s, el proceso de instalaci\u00f3n y utilizaci\u00f3n sin complicaciones asociado con MyCred para WPBakery Page Builder lo convierte en una opci\u00f3n inequ\u00edvoca para las empresas astutas que buscan elevar el nivel de participaci\u00f3n del usuario en su estimado sitio web.<\/p>\n<ul>\n<li>Permite a los usuarios usar f\u00e1cilmente MyCred dentro de WPBakery Page Builder<\/li>\n<li>Proporciona una integraci\u00f3n perfecta entre MyCred y Wpbakery Page Builder<\/li>\n<li>Permite a los usuarios personalizar y configurar las funciones MyCred dentro de WPBakery Page Builder<\/li>\n<li>Ahorra tiempo y recursos eliminando la necesidad de cambiar entre diferentes plataformas<\/li>\n<li>Mejora la experiencia del usuario al habilitar interacciones m\u00e1s potentes y atractivas en los sitios web de WordPress<\/li>\n<li>Ofrece interfaz intuitiva y f\u00e1cil de usar sin necesidad de codificaci\u00f3n ni habilidades t\u00e9cnicas<\/li>\n<li>Admite m\u00faltiples idiomas y es totalmente compatible con la \u00faltima versi\u00f3n de WordPress<\/li>\n<li>Proporciona atenci\u00f3n al cliente confiable y receptiva para garantizar una experiencia de usuario fluida<\/li>\n<\/ul>\n","protected":false},"excerpt":{"rendered":"<p>MyCred para WPBakery Page Builder es un complemento incre\u00edblemente robusto e influyente, sin igual en su capacidad para permitir a los usuarios otorgar o restar puntos basados \u200b\u200ben acciones dirigidas con precisi\u00f3n ejecutadas en su sitio de WordPress. La interfaz del complemento est\u00e1 dise\u00f1ada ingeniosamente, lo que permite a los usuarios modificar y mostrar sin esfuerzo la creaci\u00f3n de puntos, insignias y clasificarse en las p\u00e1ginas que han construido meticulosamente utilizando WPbakery Page Builder. Este complemento incomparable se integra perfectamente con MyCred, con la conferir a los usuarios el grado por excelencia de adaptabilidad y autoridad en la gesti\u00f3n de programas centrados en el punto destinados a reforzar la participaci\u00f3n del usuario y cultivar lealtad inquebrantable. En consecuencia, este complemento representa una soluci\u00f3n ideal para empresas e instituciones que anhelan fervientemente aumentar la participaci\u00f3n del usuario y fomentar la retenci\u00f3n duradera de los clientes.<\/p>\n","protected":false},"featured_media":166854,"comment_status":"open","ping_status":"open","template":"","meta":[],"product_brand":[2503],"product_cat":[1214,1206,1211],"product_tag":[2187],"class_list":{"0":"post-116070","1":"product","2":"type-product","3":"status-publish","4":"has-post-thumbnail","6":"product_brand-mycred","7":"product_cat-personalizacion","8":"product_cat-plugins","9":"product_cat-wordpress-plugins","10":"product_tag-mycred","11":"member-discount","12":"discount-restricted","14":"first","15":"instock","16":"sale","17":"downloadable","18":"virtual","19":"sold-individually","20":"purchasable","21":"product-type-simple"},"_links":{"self":[{"href":"https:\/\/gpl-love.com\/es\/wp-json\/wp\/v2\/product\/116070","targetHints":{"allow":["GET"]}}],"collection":[{"href":"https:\/\/gpl-love.com\/es\/wp-json\/wp\/v2\/product"}],"about":[{"href":"https:\/\/gpl-love.com\/es\/wp-json\/wp\/v2\/types\/product"}],"replies":[{"embeddable":true,"href":"https:\/\/gpl-love.com\/es\/wp-json\/wp\/v2\/comments?post=116070"}],"wp:featuredmedia":[{"embeddable":true,"href":"https:\/\/gpl-love.com\/es\/wp-json\/wp\/v2\/media\/166854"}],"wp:attachment":[{"href":"https:\/\/gpl-love.com\/es\/wp-json\/wp\/v2\/media?parent=116070"}],"wp:term":[{"taxonomy":"product_brand","embeddable":true,"href":"https:\/\/gpl-love.com\/es\/wp-json\/wp\/v2\/product_brand?post=116070"},{"taxonomy":"product_cat","embeddable":true,"href":"https:\/\/gpl-love.com\/es\/wp-json\/wp\/v2\/product_cat?post=116070"},{"taxonomy":"product_tag","embeddable":true,"href":"https:\/\/gpl-love.com\/es\/wp-json\/wp\/v2\/product_tag?post=116070"}],"curies":[{"name":"wp","href":"https:\/\/api.w.org\/{rel}","templated":true}]}}