{"id":116068,"date":"2025-08-09T00:00:00","date_gmt":"2025-08-09T05:00:00","guid":{"rendered":"http:\/\/gpl-love.com\/es\/?post_type=product&#038;p=116068"},"modified":"2026-04-10T11:17:32","modified_gmt":"2026-04-10T16:17:32","slug":"mycred-level-cred","status":"publish","type":"product","link":"https:\/\/gpl-love.com\/es\/producto\/mycred-level-cred\/","title":{"rendered":"myCred Level Cred 1.2.4"},"content":{"rendered":"<h3>myCred Level Cred Caracteristicas<\/h3>\n<p>MyCred Level Cred, una herramienta muy robusta y efectiva, sirve como un activo invaluable para administrar e incentivar efectivamente la participaci\u00f3n del usuario en su sitio web. A trav\u00e9s de la utilizaci\u00f3n de este complemento excepcional, est\u00e1 facultado para crear sistemas de puntos personalizados, rastrear meticulosamente la actividad del usuario y otorgar recompensas e insignias bien merecidas a sus usuarios m\u00e1s celosos y proactivos. Al adoptar el credibilidad nivelada, puede motivar de manera efectiva a los usuarios a sumergirse en su contenido, cultivar un sentido de comunidad y lealtad inquebrantable y, en \u00faltima instancia, mejorar la tasa de conversiones. Independientemente de si est\u00e1 operando un sitio de membres\u00eda, una tienda en l\u00ednea o un foro comunitario, MyCred Level Cred se erige como un instrumento indispensable para impulsar la participaci\u00f3n del usuario y fomentar el crecimiento exponencial.<\/p>\n<ul>\n<li>MyCred Level Cred es un complemento dise\u00f1ado para sitios web de WordPress que permite a los usuarios recompensar puntos a sus visitantes y clientes.<\/li>\n<li>Permite a los propietarios de sitios web crear su propio sistema de recompensas, con puntos ganados para una variedad de acciones, como registrarse, dejar un comentario o hacer una compra.<\/li>\n<li>Con MyCred Level Cred, los usuarios tambi\u00e9n pueden establecer diferentes niveles con beneficios espec\u00edficos y recompensas para cada nivel, lo que ayuda a fomentar a\u00fan m\u00e1s compromiso y lealtad de su audiencia.<\/li>\n<li>El complemento tiene una interfaz f\u00e1cil de usar y se puede personalizar f\u00e1cilmente para que coincida con el dise\u00f1o y la marca de cualquier sitio web.<\/li>\n<li>Admite la integraci\u00f3n con varios complementos populares, como WooCommerce, BuddyPress y Forms de gravedad, para proporcionar una experiencia de usuario perfecta.<\/li>\n<li>Los propietarios de sitios web tambi\u00e9n pueden rastrear sus m\u00e9tricas y an\u00e1lisis para comprender y optimizar su programa de recompensas utilizando las funciones de informes del complemento.<\/li>\n<li>Con MyCred Level Cred, los propietarios de sitios web pueden crear una experiencia de sitio web m\u00e1s atractiva e interactiva para sus visitantes, aumentando su retenci\u00f3n y lealtad.<\/li>\n<\/ul>\n","protected":false},"excerpt":{"rendered":"<p>MyCred Level Cred es un instrumento excepcional que ofrece capacidades robustas para la administraci\u00f3n y la satisfacci\u00f3n de los usuarios en su sitio web. Al emplear este complemento notable, puede dise\u00f1ar programas de lealtad a medida y otorgar puntos a los usuarios a medida que cumplen con \u00e9xito tareas y objetivos predefinidos. Utilice este complemento excepcional para estimular efectivamente la participaci\u00f3n del usuario, mejorar la lealtad del usuario y elevar la efectividad general de su sitio web. Independientemente de si est\u00e1 operando un sitio de membres\u00eda, una tienda de comercio electr\u00f3nico o una comunidad en l\u00ednea, MyCred Level Cred es inequ\u00edvocamente la resoluci\u00f3n ideal para compensar adecuadamente a su estimada clientela y usuarios.<\/p>\n","protected":false},"featured_media":166856,"comment_status":"open","ping_status":"open","template":"","meta":[],"product_brand":[2503],"product_cat":[1214,1206,1211],"product_tag":[2187],"class_list":{"0":"post-116068","1":"product","2":"type-product","3":"status-publish","4":"has-post-thumbnail","6":"product_brand-mycred","7":"product_cat-personalizacion","8":"product_cat-plugins","9":"product_cat-wordpress-plugins","10":"product_tag-mycred","11":"member-discount","12":"discount-restricted","14":"first","15":"instock","16":"sale","17":"downloadable","18":"virtual","19":"sold-individually","20":"purchasable","21":"product-type-simple"},"_links":{"self":[{"href":"https:\/\/gpl-love.com\/es\/wp-json\/wp\/v2\/product\/116068","targetHints":{"allow":["GET"]}}],"collection":[{"href":"https:\/\/gpl-love.com\/es\/wp-json\/wp\/v2\/product"}],"about":[{"href":"https:\/\/gpl-love.com\/es\/wp-json\/wp\/v2\/types\/product"}],"replies":[{"embeddable":true,"href":"https:\/\/gpl-love.com\/es\/wp-json\/wp\/v2\/comments?post=116068"}],"wp:featuredmedia":[{"embeddable":true,"href":"https:\/\/gpl-love.com\/es\/wp-json\/wp\/v2\/media\/166856"}],"wp:attachment":[{"href":"https:\/\/gpl-love.com\/es\/wp-json\/wp\/v2\/media?parent=116068"}],"wp:term":[{"taxonomy":"product_brand","embeddable":true,"href":"https:\/\/gpl-love.com\/es\/wp-json\/wp\/v2\/product_brand?post=116068"},{"taxonomy":"product_cat","embeddable":true,"href":"https:\/\/gpl-love.com\/es\/wp-json\/wp\/v2\/product_cat?post=116068"},{"taxonomy":"product_tag","embeddable":true,"href":"https:\/\/gpl-love.com\/es\/wp-json\/wp\/v2\/product_tag?post=116068"}],"curies":[{"name":"wp","href":"https:\/\/api.w.org\/{rel}","templated":true}]}}