{"id":116066,"date":"2021-11-22T00:00:00","date_gmt":"2021-11-22T05:00:00","guid":{"rendered":"http:\/\/gpl-love.com\/es\/?post_type=product&#038;p=116066"},"modified":"2026-03-09T07:52:54","modified_gmt":"2026-03-09T12:52:54","slug":"mycred-zapier-addon","status":"publish","type":"product","link":"https:\/\/gpl-love.com\/es\/producto\/mycred-zapier-addon\/","title":{"rendered":"myCred Zapier Addon 2.0.1"},"content":{"rendered":"<h3>myCred Zapier Addon Caracteristicas<\/h3>\n<p>El complemento MyCred Zapier sirve como una herramienta inmensamente poderosa que presenta la oportunidad incomparable de integrar a la perfecci\u00f3n su sistema de puntos MyCred con un arsenal extenso de m\u00e1s de 1,500 aplicaciones y servicios adicionales a trav\u00e9s de la notable plataforma que es m\u00e1s baja. Con la ayuda de este complemento extraordinario, posee la capacidad de fabricar sin esfuerzo flujos de trabajo a medida que automatizan efectivamente la satisfacci\u00f3n de los puntos de acuerdo con una mir\u00edada de diversos desencadenantes y acciones encontradas dentro de su innumerable de otras aplicaciones, que van desde la sumisi\u00f3n de formularios hasta las formularios hasta las formularios Apertura de correos electr\u00f3nicos y m\u00e1s all\u00e1. Esta innovaci\u00f3n innovadora amplifica magn\u00e1nimamente las capacidades de su preciosa configuraci\u00f3n MyCred, lo que le permite construir experiencias extremadamente cautivadoras y gratificantes para sus apreciados usuarios. Independientemente de si preside un sitio de membres\u00eda, una tienda en l\u00ednea o cualquier otra forma de plataforma, la indispensabilidad del complemento MyCred Zapier para cualquier organizaci\u00f3n que anhele optimizar su sistema de puntos y reforzar la participaci\u00f3n del usuario es innegablemente profunda.<\/p>\n<ul>\n<li>Integra perfectamente su sistema de puntos myCred con Zapier<\/li>\n<li>Permite la automatizaci\u00f3n de las recompensas y deducciones de MyCred Points para una variedad de acciones y desencadenantes<\/li>\n<li>Proporciona opciones de personalizaci\u00f3n para los puntos otorgados, incluidos valores fijos o c\u00e1lculos porcentuales.<\/li>\n<li>Permite reglas y condiciones espec\u00edficas para activar puntos, como solo la adjudicaci\u00f3n de puntos a ciertos roles de usuario o para productos o p\u00e1ginas espec\u00edficas<\/li>\n<li>Rastrea todas las transacciones puntuales dentro del tablero de Zapier para un f\u00e1cil monitoreo y an\u00e1lisis<\/li>\n<li>Ahorra tiempo y esfuerzo automatizando la administraci\u00f3n de su sistema de puntos MyCred<\/li>\n<li>Aumenta la participaci\u00f3n y la motivaci\u00f3n del usuario al proporcionar recompensas para las acciones y comportamientos deseados<\/li>\n<li>Mejora la funcionalidad general y la efectividad de su sistema de puntos MyCred conect\u00e1ndolo con otras aplicaciones y herramientas \u00fatiles a trav\u00e9s de Zapier<\/li>\n<\/ul>\n","protected":false},"excerpt":{"rendered":"<p>El complemento MyCred Zapier es una herramienta incre\u00edblemente robusta y sofisticada que ha sido meticulosamente elaborada con el \u00fanico prop\u00f3sito de automatizar y optimizar su sistema de puntos myCred, lo que resulta en una eficiencia y conveniencia sin precedentes. Al integrar a la perfecci\u00f3n MyCred con Zapier, este complemento extraordinario le permite aprovechar sin esfuerzo el inmenso potencial de automatizaci\u00f3n, desbloquear una amplia variedad de posibilidades y permitirle orquestar sin esfuerzo una amplia gama de tareas y flujos de trabajo con facilidad sin igual y precisi\u00f3n. Con el complemento MyCred Zapier, posee la notable capacidad de crear y personalizar sin esfuerzo desencadenantes y acciones, monitorear diligentemente y rastrear meticulosamente las actividades de los usuarios, otorgar a los usuarios bien sin problemas a los usuarios bien merecidos para la finalizaci\u00f3n exitosa de tareas espec\u00edficas y predeterminadas. Desde la creaci\u00f3n notablemente conveniente y eficiente de notificaciones de correo electr\u00f3nico automatizadas hasta la pr\u00e1ctica altamente gratificante de incentivar y compensar a los usuarios para referir con \u00e9xito nuevos miembros, el complemento MyCred Sapier es inequ\u00edvocamente la soluci\u00f3n primordial para administrar y optimizar de manera competente su sistema de puntos MyCred, inevitablemente resultando en el resultado de Un aumento sin precedentes en la participaci\u00f3n y satisfacci\u00f3n del usuario.<\/p>\n","protected":false},"featured_media":166873,"comment_status":"open","ping_status":"open","template":"","meta":[],"product_brand":[2503],"product_cat":[1214,1206,1211],"product_tag":[2187],"class_list":{"0":"post-116066","1":"product","2":"type-product","3":"status-publish","4":"has-post-thumbnail","6":"product_brand-mycred","7":"product_cat-personalizacion","8":"product_cat-plugins","9":"product_cat-wordpress-plugins","10":"product_tag-mycred","11":"member-discount","12":"discount-restricted","14":"first","15":"instock","16":"sale","17":"downloadable","18":"virtual","19":"sold-individually","20":"purchasable","21":"product-type-simple"},"_links":{"self":[{"href":"https:\/\/gpl-love.com\/es\/wp-json\/wp\/v2\/product\/116066","targetHints":{"allow":["GET"]}}],"collection":[{"href":"https:\/\/gpl-love.com\/es\/wp-json\/wp\/v2\/product"}],"about":[{"href":"https:\/\/gpl-love.com\/es\/wp-json\/wp\/v2\/types\/product"}],"replies":[{"embeddable":true,"href":"https:\/\/gpl-love.com\/es\/wp-json\/wp\/v2\/comments?post=116066"}],"wp:featuredmedia":[{"embeddable":true,"href":"https:\/\/gpl-love.com\/es\/wp-json\/wp\/v2\/media\/166873"}],"wp:attachment":[{"href":"https:\/\/gpl-love.com\/es\/wp-json\/wp\/v2\/media?parent=116066"}],"wp:term":[{"taxonomy":"product_brand","embeddable":true,"href":"https:\/\/gpl-love.com\/es\/wp-json\/wp\/v2\/product_brand?post=116066"},{"taxonomy":"product_cat","embeddable":true,"href":"https:\/\/gpl-love.com\/es\/wp-json\/wp\/v2\/product_cat?post=116066"},{"taxonomy":"product_tag","embeddable":true,"href":"https:\/\/gpl-love.com\/es\/wp-json\/wp\/v2\/product_tag?post=116066"}],"curies":[{"name":"wp","href":"https:\/\/api.w.org\/{rel}","templated":true}]}}