{"id":116064,"date":"2025-08-09T00:00:00","date_gmt":"2025-08-09T05:00:00","guid":{"rendered":"http:\/\/gpl-love.com\/es\/?post_type=product&#038;p=116064"},"modified":"2026-04-10T11:17:26","modified_gmt":"2026-04-10T16:17:26","slug":"mycred-bp-charges","status":"publish","type":"product","link":"https:\/\/gpl-love.com\/es\/producto\/mycred-bp-charges\/","title":{"rendered":"myCred BP Charges 1.4.9"},"content":{"rendered":"<h3>myCred BP Charges Caracteristicas<\/h3>\n<p>MyCred BP Cards sirve como un complemento muy robusto que ha sido meticulosamente elaborado con el objetivo de enriquecer la participaci\u00f3n del usuario y fomentar la lealtad. En virtud de este complemento, los propietarios de sitios web reciben la invaluable oportunidad de otorgar a sus usuarios puntos como un token de agradecimiento. Vale la pena se\u00f1alar que MyCred BP carga sin problemas con BuddyPress, un complemento de red social ampliamente reconocido al que se puede acceder f\u00e1cilmente en la plataforma de WordPress. Al incorporar los cargos de BP MyCred en sus sitios web, los propietarios est\u00e1n facultados para dise\u00f1ar cargos de puntos personalizados por una gran cantidad de actividades distintas de BuddyPress, que incluyen, entre otros, comentarios, formaci\u00f3n grupal y mensajes privados. En consecuencia, los usuarios est\u00e1n incentivados para participar en estas actividades espec\u00edficas, lo que les permite acumular puntos que posteriormente pueden canjearse por varias recompensas gratificantes. Armados con cargos por BP MyCred, los propietarios de sitios web est\u00e1n preparados para dise\u00f1ar una experiencia de usuario inmersiva y satisfactoria, una destinada a generar una sensaci\u00f3n de lealtad y garantizar la proliferaci\u00f3n de la participaci\u00f3n del usuario.<\/p>\n<ul>\n<li>Le permite cobrar a los usuarios por actividades de BuddyPress, como crear grupos o enviar mensajes privados<\/li>\n<li>Admite m\u00faltiples pasarelas de pago, incluidos PayPal y Stripe<\/li>\n<li>F\u00e1cil de personalizar la estructura de precios y facturaci\u00f3n para su sitio<\/li>\n<li>Totalmente integrado con MyCred, para que pueda otorgar puntos basados \u200b\u200ben los pagos del usuario<\/li>\n<li>Lo suficientemente flexible como para usar para membres\u00edas, suscripciones o transacciones \u00fanicas<\/li>\n<li>Viene con documentaci\u00f3n detallada y excelente atenci\u00f3n al cliente<\/li>\n<li>Funciona sin problemas con otros complementos MyCred y complementos de WordPress<\/li>\n<li>Agrega una nueva flujo de ingresos a su sitio de BuddyPress y lo ayuda a monetizar su comunidad.<\/li>\n<li>Le ahorra tiempo y problemas de manejo de problemas manualmente<\/li>\n<li>Dise\u00f1ado para ser seguro y confiable tanto para los administradores como para los usuarios<\/li>\n<\/ul>\n","protected":false},"excerpt":{"rendered":"<p>MyCred BP Chareds es un complemento de WordPress excepcionalmente robusto con amplias capacidades que permiten la gratificante de los puntos a los usuarios para una variedad de actividades de BuddyPress, que abarca a los gustos de la creaci\u00f3n grupal, la publicaci\u00f3n del foro, la mensajer\u00eda privada y una plethora de otras actividades comprensivas. A trav\u00e9s de la provisi\u00f3n de valores de puntos personalizables para cada actividad individual, este complemento sirve efectivamente como un catalizador para estimular la mayor participaci\u00f3n del usuario dentro de su apreciada comunidad de BuddyPress. Adem\u00e1s, el complemento de cargos de BP MyCred se acomoda sin problemas la deducci\u00f3n de puntos en respuesta a acciones indeseables o negativas, al tiempo que facilita la redenci\u00f3n de puntos acumulados a trav\u00e9s de una amplia gama de integraciones. Al reforzar sin esfuerzo la participaci\u00f3n del usuario y fomentar la lealtad inquebrantable, MyCred BP cobra, sin duda, se erige como un activo incomparable para su plataforma en l\u00ednea.<\/p>\n","protected":false},"featured_media":166846,"comment_status":"open","ping_status":"open","template":"","meta":[],"product_brand":[2503],"product_cat":[1214,1206,1211],"product_tag":[2187],"class_list":{"0":"post-116064","1":"product","2":"type-product","3":"status-publish","4":"has-post-thumbnail","6":"product_brand-mycred","7":"product_cat-personalizacion","8":"product_cat-plugins","9":"product_cat-wordpress-plugins","10":"product_tag-mycred","11":"member-discount","12":"discount-restricted","14":"first","15":"instock","16":"sale","17":"downloadable","18":"virtual","19":"sold-individually","20":"purchasable","21":"product-type-simple"},"_links":{"self":[{"href":"https:\/\/gpl-love.com\/es\/wp-json\/wp\/v2\/product\/116064","targetHints":{"allow":["GET"]}}],"collection":[{"href":"https:\/\/gpl-love.com\/es\/wp-json\/wp\/v2\/product"}],"about":[{"href":"https:\/\/gpl-love.com\/es\/wp-json\/wp\/v2\/types\/product"}],"replies":[{"embeddable":true,"href":"https:\/\/gpl-love.com\/es\/wp-json\/wp\/v2\/comments?post=116064"}],"wp:featuredmedia":[{"embeddable":true,"href":"https:\/\/gpl-love.com\/es\/wp-json\/wp\/v2\/media\/166846"}],"wp:attachment":[{"href":"https:\/\/gpl-love.com\/es\/wp-json\/wp\/v2\/media?parent=116064"}],"wp:term":[{"taxonomy":"product_brand","embeddable":true,"href":"https:\/\/gpl-love.com\/es\/wp-json\/wp\/v2\/product_brand?post=116064"},{"taxonomy":"product_cat","embeddable":true,"href":"https:\/\/gpl-love.com\/es\/wp-json\/wp\/v2\/product_cat?post=116064"},{"taxonomy":"product_tag","embeddable":true,"href":"https:\/\/gpl-love.com\/es\/wp-json\/wp\/v2\/product_tag?post=116064"}],"curies":[{"name":"wp","href":"https:\/\/api.w.org\/{rel}","templated":true}]}}