{"id":116062,"date":"2026-01-24T00:00:00","date_gmt":"2026-01-24T05:00:00","guid":{"rendered":"http:\/\/gpl-love.com\/es\/?post_type=product&#038;p=116062"},"modified":"2026-04-10T11:17:36","modified_gmt":"2026-04-10T16:17:36","slug":"mycred-rest-api","status":"publish","type":"product","link":"https:\/\/gpl-love.com\/es\/producto\/mycred-rest-api\/","title":{"rendered":"myCred Rest API 1.2.6.1"},"content":{"rendered":"<h3>myCred Rest API Caracteristicas<\/h3>\n<p>La API MyCred REST ofrece una multitud de capacidades para los desarrolladores que buscan incorporar la funcionalidad MyCred en sus aplicaciones web. Esta API robusta permite a los desarrolladores acceder y manipular sin esfuerzo varios aspectos de los datos del usuario, incluidos puntos, rangos e insignias, al tiempo que permite que la creaci\u00f3n de ganchos MICRED personalizados complementa la funcionalidad existente. Adem\u00e1s, la API MyCred REST se integra perfectamente con sistemas populares de gesti\u00f3n de contenido como WordPress y Drupal, lo que lo convierte en una opci\u00f3n \u00f3ptima para la construcci\u00f3n de aplicaciones web cautivadoras e interactivas que incentivan efectivamente la participaci\u00f3n del usuario. Independientemente de si uno se est\u00e1 embarcando en el desarrollo de una red social, una plataforma de comercio electr\u00f3nico o un sitio web de juegos, la API MyCred REST sirve como un conjunto de herramientas integral, equipando a los desarrolladores con todos los recursos necesarios para dise\u00f1ar una experiencia de usuario gratificante que fomenta el usuario duradero lealtad.<\/p>\n<ul>\n<li>Proporciona una API RESTful para acceder a las funciones y caracter\u00edsticas de MyCred<\/li>\n<li>Permite a los desarrolladores integrar la funcionalidad MyCred en sus propias aplicaciones<\/li>\n<li>Ofrece una forma segura y flexible de interactuar con los puntos MyCred y el sistema de recompensas<\/li>\n<li>Admite autenticaci\u00f3n y autorizaci\u00f3n para acceso seguro y controlado<\/li>\n<li>Permite una f\u00e1cil recuperaci\u00f3n y manipulaci\u00f3n de usuarios, puntos, insignias y otros datos MyCred<\/li>\n<li>Facilita la creaci\u00f3n y gesti\u00f3n de tipos de puntos personalizados, ganchos y plantillas<\/li>\n<li>Proporciona documentaci\u00f3n y apoyo integrales para los desarrolladores<\/li>\n<li>Se puede utilizar para una amplia gama de aplicaciones, que incluyen comercio electr\u00f3nico, juegos, redes sociales y m\u00e1s<\/li>\n<li>Ayuda a mejorar la participaci\u00f3n del usuario, la lealtad y la motivaci\u00f3n mediante el uso de puntos y recompensas.<\/li>\n<\/ul>\n","protected":false},"excerpt":{"rendered":"<p>La API MyCred REST sirve como un instrumento incre\u00edblemente robusto e influyente, lo que permite a los desarrolladores con la capacidad de incorporar sin esfuerzo el complemento MyCred en sus respectivas aplicaciones. Por medio de esta API vers\u00e1til y din\u00e1mica, a los usuarios se les otorga la capacidad perfecta para recuperar y manipular competentemente una variedad de datos relacionados con saldos de cr\u00e9dito, transacciones y recompensas. La adaptabilidad inherente de esta API facilita a\u00fan m\u00e1s la personalizaci\u00f3n sin complicaciones para alinearse meticulosamente con los requisitos \u00fanicos de su empresa individual. Sin una sombra de duda, la API REST myCred emerge como un recurso eminentemente f\u00e1cil de usar, notablemente adaptable e indudablemente indispensable para los desarrolladores que se embarcan en un viaje de integraci\u00f3n con MyCred.<\/p>\n","protected":false},"featured_media":166863,"comment_status":"open","ping_status":"open","template":"","meta":[],"product_brand":[2503],"product_cat":[1214,1206,1211],"product_tag":[2187],"class_list":{"0":"post-116062","1":"product","2":"type-product","3":"status-publish","4":"has-post-thumbnail","6":"product_brand-mycred","7":"product_cat-personalizacion","8":"product_cat-plugins","9":"product_cat-wordpress-plugins","10":"product_tag-mycred","11":"member-discount","12":"discount-restricted","14":"first","15":"instock","16":"sale","17":"downloadable","18":"virtual","19":"sold-individually","20":"purchasable","21":"product-type-simple"},"_links":{"self":[{"href":"https:\/\/gpl-love.com\/es\/wp-json\/wp\/v2\/product\/116062","targetHints":{"allow":["GET"]}}],"collection":[{"href":"https:\/\/gpl-love.com\/es\/wp-json\/wp\/v2\/product"}],"about":[{"href":"https:\/\/gpl-love.com\/es\/wp-json\/wp\/v2\/types\/product"}],"replies":[{"embeddable":true,"href":"https:\/\/gpl-love.com\/es\/wp-json\/wp\/v2\/comments?post=116062"}],"wp:featuredmedia":[{"embeddable":true,"href":"https:\/\/gpl-love.com\/es\/wp-json\/wp\/v2\/media\/166863"}],"wp:attachment":[{"href":"https:\/\/gpl-love.com\/es\/wp-json\/wp\/v2\/media?parent=116062"}],"wp:term":[{"taxonomy":"product_brand","embeddable":true,"href":"https:\/\/gpl-love.com\/es\/wp-json\/wp\/v2\/product_brand?post=116062"},{"taxonomy":"product_cat","embeddable":true,"href":"https:\/\/gpl-love.com\/es\/wp-json\/wp\/v2\/product_cat?post=116062"},{"taxonomy":"product_tag","embeddable":true,"href":"https:\/\/gpl-love.com\/es\/wp-json\/wp\/v2\/product_tag?post=116062"}],"curies":[{"name":"wp","href":"https:\/\/api.w.org\/{rel}","templated":true}]}}