{"id":116060,"date":"2025-08-09T00:00:00","date_gmt":"2025-08-09T05:00:00","guid":{"rendered":"http:\/\/gpl-love.com\/es\/?post_type=product&#038;p=116060"},"modified":"2026-04-10T11:17:25","modified_gmt":"2026-04-10T16:17:25","slug":"mycred-beaver-builder","status":"publish","type":"product","link":"https:\/\/gpl-love.com\/es\/producto\/mycred-beaver-builder\/","title":{"rendered":"myCred Beaver Builder 1.0.5"},"content":{"rendered":"<h3>myCred Beaver Builder Caracteristicas<\/h3>\n<p>MyCred Beaver Builder, un complemento dise\u00f1ado para aumentar la experiencia del usuario del popular complemento Beaver Builder WordPress, cuenta con un nivel considerable de potencia. Este notable complemento capacita a los usuarios al permitirles acumular puntos y recibir recompensas al completar exitosas acciones espec\u00edficas, desde participar en discusiones hasta distribuir contenido en varias plataformas. Uno de los aspectos m\u00e1s notables de este complemento es su sistema de gesti\u00f3n de puntos inclusivo y extenso, que permite a los propietarios de sitios web monitorear e incentivar adecuadamente la participaci\u00f3n del usuario. Adem\u00e1s, MyCred Beaver Builder se integra perfectamente con otros complementos MyCred, ampliando as\u00ed el alcance de las opciones de personalizaci\u00f3n disponibles para los propietarios de sitios web. A la luz de estas impresionantes capacidades, es evidente que MyCred Beaver Builder se considera una herramienta invaluable para optimizar la participaci\u00f3n del usuario y fomentar un entorno en l\u00ednea vibrante e interactivo.<\/p>\n<ul>\n<li>Adjudique insignias y puntos a los usuarios para varias actividades en su sitio web<\/li>\n<li>Generar informes y estad\u00edsticas en tiempo real sobre la participaci\u00f3n del usuario<\/li>\n<li>Permitir a los usuarios canjear puntos por recompensas o descuentos<\/li>\n<li>Integre a la perfecci\u00f3n con Beaver Builder, creando una interfaz f\u00e1cil de usar<\/li>\n<li>Personalizar valores de puntos, im\u00e1genes de insignia y opciones de recompensa<\/li>\n<li>Configurar deducciones de puntos autom\u00e1ticos para acciones espec\u00edficas o per\u00edodos de inactividad<\/li>\n<li>Ofrezca pantallas de tabla de clasificaci\u00f3n para fomentar la competencia y el compromiso de los usuarios<\/li>\n<li>Utilice el extenso sistema de documentaci\u00f3n y soporte de MyCred para una f\u00e1cil implementaci\u00f3n y resoluci\u00f3n de problemas.<\/li>\n<\/ul>\n","protected":false},"excerpt":{"rendered":"<p>El MyCred Beaver Builder es un complemento extremadamente robusto que ofrece la oportunidad de integrar a la perfecci\u00f3n los puntos MyCred y las clasificaciones en su sitio web de Beaver Builder. Al utilizar esta herramienta extraordinaria, tiene la capacidad de aumentar la participaci\u00f3n del usuario y fomentar un sentido de lealtad entre los clientes a trav\u00e9s de la implementaci\u00f3n de la gamificaci\u00f3n, estableciendo en \u00faltima instancia un enfoque innovador para reconocer y recompensar a los usuarios por su participaci\u00f3n en actividades espec\u00edficas. Este complemento le brinda una flexibilidad incomparable para personalizar las pantallas MyCred de acuerdo con sus preferencias, lo que le permite exhibir sin esfuerzo clasificaciones de usuarios y logros en todo su sitio web. Ya sea que su objetivo sea reforzar la retenci\u00f3n de clientes o simplemente crear un encuentro cautivador e interactivo para sus usuarios, el constructor de castor de MyCred sirve como un recurso excepcional para actualizar sus aspiraciones.<\/p>\n","protected":false},"featured_media":166845,"comment_status":"open","ping_status":"open","template":"","meta":[],"product_brand":[2503],"product_cat":[1214,1206,1211],"product_tag":[2187],"class_list":{"0":"post-116060","1":"product","2":"type-product","3":"status-publish","4":"has-post-thumbnail","6":"product_brand-mycred","7":"product_cat-personalizacion","8":"product_cat-plugins","9":"product_cat-wordpress-plugins","10":"product_tag-mycred","11":"member-discount","12":"discount-restricted","14":"first","15":"instock","16":"sale","17":"downloadable","18":"virtual","19":"sold-individually","20":"purchasable","21":"product-type-simple"},"_links":{"self":[{"href":"https:\/\/gpl-love.com\/es\/wp-json\/wp\/v2\/product\/116060","targetHints":{"allow":["GET"]}}],"collection":[{"href":"https:\/\/gpl-love.com\/es\/wp-json\/wp\/v2\/product"}],"about":[{"href":"https:\/\/gpl-love.com\/es\/wp-json\/wp\/v2\/types\/product"}],"replies":[{"embeddable":true,"href":"https:\/\/gpl-love.com\/es\/wp-json\/wp\/v2\/comments?post=116060"}],"wp:featuredmedia":[{"embeddable":true,"href":"https:\/\/gpl-love.com\/es\/wp-json\/wp\/v2\/media\/166845"}],"wp:attachment":[{"href":"https:\/\/gpl-love.com\/es\/wp-json\/wp\/v2\/media?parent=116060"}],"wp:term":[{"taxonomy":"product_brand","embeddable":true,"href":"https:\/\/gpl-love.com\/es\/wp-json\/wp\/v2\/product_brand?post=116060"},{"taxonomy":"product_cat","embeddable":true,"href":"https:\/\/gpl-love.com\/es\/wp-json\/wp\/v2\/product_cat?post=116060"},{"taxonomy":"product_tag","embeddable":true,"href":"https:\/\/gpl-love.com\/es\/wp-json\/wp\/v2\/product_tag?post=116060"}],"curies":[{"name":"wp","href":"https:\/\/api.w.org\/{rel}","templated":true}]}}