{"id":116056,"date":"2025-01-16T00:00:00","date_gmt":"2025-01-16T05:00:00","guid":{"rendered":"http:\/\/gpl-love.com\/es\/?post_type=product&#038;p=116056"},"modified":"2026-04-10T11:33:32","modified_gmt":"2026-04-10T16:33:32","slug":"woocommerce-quick-view-2","status":"publish","type":"product","link":"https:\/\/gpl-love.com\/es\/producto\/woocommerce-quick-view-2\/","title":{"rendered":"WooCommerce Quick View 1.8.2"},"content":{"rendered":"<h3>WooCommerce Quick View Caracteristicas<\/h3>\n<p>El complemento WooCommerce Quick View est\u00e1 espec\u00edficamente dise\u00f1ado para elevar la experiencia general del usuario de un establecimiento de comercio electr\u00f3nico creado con WooCommerce. Su prop\u00f3sito principal gira en torno a otorgar a los clientes la capacidad de acceder r\u00e1pidamente a los detalles integrales del producto, todo el tiempo que queda en la p\u00e1gina web actual. Simplemente haciendo clic en el bot\u00f3n de vista r\u00e1pida r\u00e1pida, los clientes se presentan de inmediato no solo con las im\u00e1genes codiciadas de productos, sino tambi\u00e9n las descripciones, precios e incluso la opci\u00f3n de agregar art\u00edculos a su carrito. Como resultado, este notable atributo ahorra efectivamente a los clientes la ardua tarea de navegar lejos de su p\u00e1gina deseada, conservando as\u00ed su valioso tiempo y energ\u00eda. En virtud de su facilidad innata de instalaci\u00f3n y adaptabilidad, empodera a\u00fan m\u00e1s a los proveedores en l\u00ednea al otorgarles una autonom\u00eda completa en t\u00e9rminos de personalizaci\u00f3n y ajuste de la intrincada funcionalidad asociada con la funci\u00f3n de vista r\u00e1pida. En consecuencia, con la profunda integraci\u00f3n del complemento WooCommerce Quick View, los minoristas virtuales pueden aumentar f\u00e1cilmente sus tasas de conversi\u00f3n de ventas al proporcionar a sus clientes apreciados una experiencia de compra impecablemente perfecta y gratificante.<\/p>\n<ul>\n<li>Permite a los clientes ver r\u00e1pidamente los detalles del producto sin dejar la p\u00e1gina en la que est\u00e1n<\/li>\n<li>Mejora la experiencia del usuario y reduce las tasas de rebote<\/li>\n<li>Opciones de dise\u00f1o personalizables para que coincidan con la apariencia de su sitio<\/li>\n<li>Compatible con todos los productos de WooCommerce<\/li>\n<li>F\u00e1cil integraci\u00f3n sin requerir conocimiento de codificaci\u00f3n<\/li>\n<li>Dise\u00f1o de respuesta m\u00f3vil para una visualizaci\u00f3n suave en cualquier dispositivo<\/li>\n<li>Capacidad para agregar al carrito directamente desde la ventana de vista r\u00e1pida<\/li>\n<li>Ahorra tiempo para los clientes que desean comparar r\u00e1pidamente los productos<\/li>\n<li>Ayuda a aumentar las ventas al proporcionar un acceso m\u00e1s f\u00e1cil a la informaci\u00f3n del producto.<\/li>\n<li>Interfaz f\u00e1cil de usar para una f\u00e1cil navegaci\u00f3n y una experiencia perfecta.<\/li>\n<\/ul>\n","protected":false},"excerpt":{"rendered":"<p>El complemento WooCommerce Quick View es una herramienta incre\u00edblemente f\u00e1cil de usar que ha sido dise\u00f1ada espec\u00edficamente para elevar la funcionalidad de su tienda en l\u00ednea. Simplemente haciendo clic en un bot\u00f3n, sus clientes podr\u00e1n obtener una vista previa convenientemente de todos los detalles necesarios del producto, im\u00e1genes de alta calidad e informaci\u00f3n de precios sin el inconveniente de ser redirigidos a una p\u00e1gina completamente nueva. Esta caracter\u00edstica altamente eficiente no solo ahorra a sus clientes un valioso tiempo, sino que tambi\u00e9n les proporciona una experiencia de compra perfecta y conveniente. Adem\u00e1s, el complemento ofrece una amplia gama de configuraciones personalizables, lo que le permite ajustar sin esfuerzo la apariencia y la ubicaci\u00f3n del bot\u00f3n de vista r\u00e1pida para alinearse perfectamente con el dise\u00f1o general de su sitio web. Con su versatilidad e indispensabilidad inigualables, el complemento WooCommerce Quick View es una adici\u00f3n absolutamente indispensable para cualquier sitio web de comercio electr\u00f3nico, ya que contribuye efectivamente al aumento sustancial de las ventas y la mejora general de la satisfacci\u00f3n del cliente.<\/p>\n","protected":false},"featured_media":168239,"comment_status":"open","ping_status":"open","template":"","meta":[],"product_brand":[2344],"product_cat":[1207,1248,1206],"product_tag":[1423],"class_list":{"0":"post-116056","1":"product","2":"type-product","3":"status-publish","4":"has-post-thumbnail","6":"product_brand-woocommerce","7":"product_cat-comercio-electronico-plugins","8":"product_cat-personalizacion-comercio-electronico-plugins","9":"product_cat-plugins","10":"product_tag-woocommerce","11":"member-discount","12":"discount-restricted","14":"first","15":"instock","16":"sale","17":"downloadable","18":"virtual","19":"sold-individually","20":"purchasable","21":"product-type-simple"},"_links":{"self":[{"href":"https:\/\/gpl-love.com\/es\/wp-json\/wp\/v2\/product\/116056","targetHints":{"allow":["GET"]}}],"collection":[{"href":"https:\/\/gpl-love.com\/es\/wp-json\/wp\/v2\/product"}],"about":[{"href":"https:\/\/gpl-love.com\/es\/wp-json\/wp\/v2\/types\/product"}],"replies":[{"embeddable":true,"href":"https:\/\/gpl-love.com\/es\/wp-json\/wp\/v2\/comments?post=116056"}],"wp:featuredmedia":[{"embeddable":true,"href":"https:\/\/gpl-love.com\/es\/wp-json\/wp\/v2\/media\/168239"}],"wp:attachment":[{"href":"https:\/\/gpl-love.com\/es\/wp-json\/wp\/v2\/media?parent=116056"}],"wp:term":[{"taxonomy":"product_brand","embeddable":true,"href":"https:\/\/gpl-love.com\/es\/wp-json\/wp\/v2\/product_brand?post=116056"},{"taxonomy":"product_cat","embeddable":true,"href":"https:\/\/gpl-love.com\/es\/wp-json\/wp\/v2\/product_cat?post=116056"},{"taxonomy":"product_tag","embeddable":true,"href":"https:\/\/gpl-love.com\/es\/wp-json\/wp\/v2\/product_tag?post=116056"}],"curies":[{"name":"wp","href":"https:\/\/api.w.org\/{rel}","templated":true}]}}