{"id":116054,"date":"2021-08-15T00:00:00","date_gmt":"2021-08-15T05:00:00","guid":{"rendered":"http:\/\/gpl-love.com\/es\/?post_type=product&#038;p=116054"},"modified":"2026-04-10T11:24:17","modified_gmt":"2026-04-10T16:24:17","slug":"secure-file-manager-pro","status":"publish","type":"product","link":"https:\/\/gpl-love.com\/es\/producto\/secure-file-manager-pro\/","title":{"rendered":"Secure File Manager Pro 1.5"},"content":{"rendered":"<h3>Secure File Manager Pro Caracteristicas<\/h3>\n<p>Secure File Manager Pro, una herramienta de software incre\u00edblemente potente, brinda a los usuarios la capacidad de administrar y organizar expertos sus archivos en sus computadoras personales. Este programa notablemente resistente abarca una amplia gama de caracter\u00edsticas, como cifrado, protecci\u00f3n de contrase\u00f1as y herramientas avanzadas de administraci\u00f3n de archivos, que funcionan armoniosamente para garantizar la mayor privacidad y seguridad para todos los datos confidenciales. A trav\u00e9s de la utilizaci\u00f3n de Secure File Manager Pro, las personas pueden establecer carpetas encriptadas sin esfuerzo, borrar archivos de forma segura y administrar efectivamente los permisos de archivos para ejercer control sobre aquellos que pueden acceder y modificar sus archivos invaluables. Atendiendo las necesidades de empresas, organizaciones e individuos por igual, este software demuestra ser una soluci\u00f3n impecable para aquellos que se ven obligados a salvaguardar perpetuamente su informaci\u00f3n clasificada. Si el objetivo de uno implica asegurar sus archivos personales o preservar la santidad de sus datos relacionados con el negocio, la eficacia incomparable de Secure File Manager Pro lo convierte en la resoluci\u00f3n final.<\/p>\n<ul>\n<li>Ayuda a asegurar y administrar archivos confidenciales en su dispositivo o red<\/li>\n<li>Permite el cifrado de archivos y carpetas para evitar el acceso no autorizado<\/li>\n<li>Transferir de forma segura los archivos entre dispositivos y redes<\/li>\n<li>Proporciona controles de acceso personalizables para diferentes usuarios o grupos<\/li>\n<li>Interfaz intuitiva y f\u00e1cil de usar para una f\u00e1cil administraci\u00f3n de archivos<\/li>\n<li>Admite varios formatos y tipos de archivo<\/li>\n<li>Puede integrarse con los sistemas o protocolos de seguridad existentes<\/li>\n<li>Proporciona registros de auditor\u00eda detallados para la actividad del archivo de seguimiento y monitoreo<\/li>\n<li>Ofrece copias de seguridad automatizadas y opciones de recuperaci\u00f3n de desastres para evitar la p\u00e9rdida de datos<\/li>\n<li>Garantiza la seguridad de alto nivel con actualizaciones regulares y soporte t\u00e9cnico.<\/li>\n<\/ul>\n","protected":false},"excerpt":{"rendered":"<p>Secure File Manager Pro es una aplicaci\u00f3n de software de administraci\u00f3n de archivos notablemente avanzada que garantiza el mayor nivel de seguridad para sus valiosos archivos. A trav\u00e9s de la utilizaci\u00f3n de algoritmos de cifrado intrincados y la implementaci\u00f3n de capacidades de autenticaci\u00f3n remota, Secure File Manager Pro salvaguarda efectivamente sus archivos, dej\u00e1ndolos impermeables a cualquier intento de acceso no autorizado. Adem\u00e1s de su funci\u00f3n principal de proporcionar un entorno altamente seguro y encriptado para sus archivos, este software multifac\u00e9tico tambi\u00e9n facilita el almacenamiento sin problemas, la gesti\u00f3n eficiente y el intercambio conveniente de sus archivos. Independientemente de si usted es un propietario de negocios, una entidad gubernamental o un individuo privado, un administrador de archivos seguro Pro se presenta a s\u00ed mismo como la herramienta por excelencia para proteger su informaci\u00f3n confidencial y preservar la confidencialidad de sus valiosos datos, evitando que caiga efectivamente en las garras. de ojos indiscretas.<\/p>\n","protected":false},"featured_media":167444,"comment_status":"open","ping_status":"open","template":"","meta":[],"product_brand":[2555],"product_cat":[1212,1206,1211],"product_tag":[2186],"class_list":{"0":"post-116054","1":"product","2":"type-product","3":"status-publish","4":"has-post-thumbnail","6":"product_brand-themexa","7":"product_cat-administracion-wordpress-plugins","8":"product_cat-plugins","9":"product_cat-wordpress-plugins","10":"product_tag-themexa","11":"member-discount","12":"discount-restricted","14":"first","15":"instock","16":"sale","17":"downloadable","18":"virtual","19":"sold-individually","20":"purchasable","21":"product-type-simple"},"_links":{"self":[{"href":"https:\/\/gpl-love.com\/es\/wp-json\/wp\/v2\/product\/116054","targetHints":{"allow":["GET"]}}],"collection":[{"href":"https:\/\/gpl-love.com\/es\/wp-json\/wp\/v2\/product"}],"about":[{"href":"https:\/\/gpl-love.com\/es\/wp-json\/wp\/v2\/types\/product"}],"replies":[{"embeddable":true,"href":"https:\/\/gpl-love.com\/es\/wp-json\/wp\/v2\/comments?post=116054"}],"wp:featuredmedia":[{"embeddable":true,"href":"https:\/\/gpl-love.com\/es\/wp-json\/wp\/v2\/media\/167444"}],"wp:attachment":[{"href":"https:\/\/gpl-love.com\/es\/wp-json\/wp\/v2\/media?parent=116054"}],"wp:term":[{"taxonomy":"product_brand","embeddable":true,"href":"https:\/\/gpl-love.com\/es\/wp-json\/wp\/v2\/product_brand?post=116054"},{"taxonomy":"product_cat","embeddable":true,"href":"https:\/\/gpl-love.com\/es\/wp-json\/wp\/v2\/product_cat?post=116054"},{"taxonomy":"product_tag","embeddable":true,"href":"https:\/\/gpl-love.com\/es\/wp-json\/wp\/v2\/product_tag?post=116054"}],"curies":[{"name":"wp","href":"https:\/\/api.w.org\/{rel}","templated":true}]}}