{"id":116050,"date":"2023-06-13T00:00:00","date_gmt":"2023-06-13T05:00:00","guid":{"rendered":"http:\/\/gpl-love.com\/es\/?post_type=product&#038;p=116050"},"modified":"2026-04-10T11:18:41","modified_gmt":"2026-04-10T16:18:41","slug":"neptunus-water-y-amusement-park-wordpress-theme","status":"publish","type":"product","link":"https:\/\/gpl-love.com\/es\/producto\/neptunus-water-y-amusement-park-wordpress-theme\/","title":{"rendered":"Neptunus Water y Amusement Park WordPress Theme 1.0.6"},"content":{"rendered":"<h3>Neptunus Water y Amusement Park WordPress Theme Caracteristicas<\/h3>\n<p>El tema de WordPress de Neptunus Water and Amusement Park se presenta como una soluci\u00f3n \u00f3ptima para aquellas personas que aspiran a erigir un sitio web que se refiere a un parque de agua y atracciones. Este tema abarca una multitud de caracter\u00edsticas impresionantes que permitir\u00e1n inequ\u00edvocamente que su sitio web se destaque en medio de la feroz competencia. En virtud de su dise\u00f1o receptivo, su sitio web exudar\u00e1 un aire de magnificencia, independientemente del dispositivo desde el que se acceda. Adem\u00e1s, tiene la capacidad de personalizar sin esfuerzo el tema de acuerdo con su marca y estilo, mientras que la inclusi\u00f3n de plantillas de p\u00e1gina facilita la creaci\u00f3n f\u00e1cil de nuevas p\u00e1ginas. Adem\u00e1s, tenga la seguridad de que este tema ha sido meticulosamente optimizado para los motores de b\u00fasqueda, lo que garantiza que su sitio web se pueda descubrir sin esfuerzo. A la luz de todos estos factores, se hace evidente que el tema de WordPress de Neptunus Water and Thussement Park representa una opci\u00f3n verdaderamente excepcional para que cualquiera que se esfuerce por fabricar un sitio web que satisface las necesidades y demandas de un parque de agua y diversi\u00f3n.<\/p>\n<ul>\n<li>Dise\u00f1o totalmente receptivo: se ve muy bien en todos los dispositivos<\/li>\n<li>Construido con la \u00faltima tecnolog\u00eda, optimizada para una carga r\u00e1pida<\/li>\n<li>M\u00faltiples opciones de p\u00e1gina de inicio para elegir<\/li>\n<li>7 diferentes variaciones de demostraci\u00f3n disponibles<\/li>\n<li>Incluye un complemento de eventos personalizados<\/li>\n<li>Admite WooCommerce para una f\u00e1cil venta de entradas<\/li>\n<li>Incluye documentaci\u00f3n detallada y soporte gratuito<\/li>\n<li>F\u00e1cil de personalizar con el generador de p\u00e1ginas de arrastrar y soltar incorporado<\/li>\n<li>Dise\u00f1o moderno y elegante que es perfecto para el agua y los parques de diversiones<\/li>\n<li>Compatible con todos los principales navegadores<\/li>\n<\/ul>\n","protected":false},"excerpt":{"rendered":"<p>El tema de WordPress de Neptunus Water and Thussement Park se presenta como la soluci\u00f3n definitiva cuando se trata de construir un sitio web visualmente llamativo para su parque acu\u00e1tico, parque de atracciones o cualquier otra forma de establecimiento de entretenimiento. Este tema en particular posee una variedad de caracter\u00edsticas esenciales que no solo le permiten exhibir efectivamente sus atracciones, viajes y eventos, sino que tambi\u00e9n ayudan a impulsar un mayor tr\u00e1fico y ventas. Su naturaleza f\u00e1cil de usar permite una f\u00e1cil personalizaci\u00f3n a trav\u00e9s de la utilizaci\u00f3n de varias plantillas de p\u00e1gina, widgets personalizables y estilos de fuentes, lo que permite la creaci\u00f3n de una apariencia distintiva que coincide maravillosamente con la identidad \u00fanica de su marca. Adem\u00e1s, su dise\u00f1o receptivo garantiza que su sitio web exude excelencia y se desempe\u00f1ar\u00e1 admirablemente en cualquier dispositivo o tama\u00f1o de pantalla. Adem\u00e1s, las inmensas capacidades del poderoso panel de opciones de temas permiten la gesti\u00f3n sin esfuerzo de cada aspecto de su sitio. El tema de WordPress de Neptunus Water and Thussement Park es, sin duda, la elecci\u00f3n primordial para garantizar que su negocio de entretenimiento prospere dentro del \u00e1mbito digital, ya que facilita la distinci\u00f3n y el \u00e9xito incomparables.<\/p>\n","protected":false},"featured_media":166956,"comment_status":"open","ping_status":"open","template":"","meta":[],"product_brand":[2337],"product_cat":[1267,1237,1238],"product_tag":[1391],"class_list":{"0":"post-116050","1":"product","2":"type-product","3":"status-publish","4":"has-post-thumbnail","6":"product_brand-themeforest","7":"product_cat-creativo","8":"product_cat-temas","9":"product_cat-wordpress-temas","10":"product_tag-themeforest","11":"member-discount","12":"discount-restricted","14":"first","15":"instock","16":"sale","17":"downloadable","18":"virtual","19":"sold-individually","20":"purchasable","21":"product-type-simple"},"_links":{"self":[{"href":"https:\/\/gpl-love.com\/es\/wp-json\/wp\/v2\/product\/116050","targetHints":{"allow":["GET"]}}],"collection":[{"href":"https:\/\/gpl-love.com\/es\/wp-json\/wp\/v2\/product"}],"about":[{"href":"https:\/\/gpl-love.com\/es\/wp-json\/wp\/v2\/types\/product"}],"replies":[{"embeddable":true,"href":"https:\/\/gpl-love.com\/es\/wp-json\/wp\/v2\/comments?post=116050"}],"wp:featuredmedia":[{"embeddable":true,"href":"https:\/\/gpl-love.com\/es\/wp-json\/wp\/v2\/media\/166956"}],"wp:attachment":[{"href":"https:\/\/gpl-love.com\/es\/wp-json\/wp\/v2\/media?parent=116050"}],"wp:term":[{"taxonomy":"product_brand","embeddable":true,"href":"https:\/\/gpl-love.com\/es\/wp-json\/wp\/v2\/product_brand?post=116050"},{"taxonomy":"product_cat","embeddable":true,"href":"https:\/\/gpl-love.com\/es\/wp-json\/wp\/v2\/product_cat?post=116050"},{"taxonomy":"product_tag","embeddable":true,"href":"https:\/\/gpl-love.com\/es\/wp-json\/wp\/v2\/product_tag?post=116050"}],"curies":[{"name":"wp","href":"https:\/\/api.w.org\/{rel}","templated":true}]}}