{"id":116048,"date":"2025-08-31T00:00:00","date_gmt":"2025-08-31T05:00:00","guid":{"rendered":"http:\/\/gpl-love.com\/es\/?post_type=product&#038;p=116048"},"modified":"2026-03-13T17:16:03","modified_gmt":"2026-03-13T22:16:03","slug":"aurum-minimalist-shopping-wordpress-theme","status":"publish","type":"product","link":"https:\/\/gpl-love.com\/es\/producto\/aurum-minimalist-shopping-wordpress-theme\/","title":{"rendered":"Aurum Minimalist Shopping WordPress Theme 4.0.9"},"content":{"rendered":"<h3>Aurum Minimalist Shopping WordPress Theme Caracteristicas<\/h3>\n<p>El tema de WordPress de compras de Aurum, que cuenta con un dise\u00f1o visualmente cautivador y extremadamente funcional, ha sido meticulosamente elaborado espec\u00edficamente para satisfacer las necesidades de los sitios web de comercio electr\u00f3nico. Este tema, con su est\u00e9tica contempor\u00e1nea y simplista, ofrece a los usuarios un viaje de compra impecablemente elegante y aerodin\u00e1mico. En particular, muestra un dise\u00f1o receptivo que se adapta sin esfuerzo a diversos tama\u00f1os de pantalla, asegurando as\u00ed una experiencia de compra sin esfuerzo para los clientes que utilizan sus escritorios, tabletas o tel\u00e9fonos inteligentes. Adem\u00e1s, este tema viene equipado con una serie robusta de caracter\u00edsticas, que incluyen, entre otros, filtrado de productos, integraci\u00f3n de WooCommerce, una p\u00e1gina de inicio personalizable y soporte de varios idiomas. Adem\u00e1s, este tema se enorgullece de su interfaz f\u00e1cil de usar y opciones de personalizaci\u00f3n flexible, por lo que es una opci\u00f3n excepcional para las empresas en l\u00ednea que aspiran a forjar una huella en l\u00ednea indeleble y profesional. A fin de cuentas, el tema de WordPress de compras minimalistas de Aurum se destaca sin duda como una opci\u00f3n ejemplar para las personas que anhelan construir un pr\u00f3spero sitio web de comercio electr\u00f3nico.<\/p>\n<ul>\n<li>Dise\u00f1o limpio y minimalista, perfecto para exhibir productos y crear una tienda profesional en l\u00ednea<\/li>\n<li>El dise\u00f1o receptivo asegura que su tienda se vea genial en todos los dispositivos, desde escritorio hasta m\u00f3vil<\/li>\n<li>Las opciones de color personalizables le permiten hacer coincidir su tienda con su marca o crear un nuevo aspecto completamente<\/li>\n<li>Las opciones de personalizaci\u00f3n f\u00e1cil de usar significan que no necesita ser un desarrollador para que su tienda se vea genial<\/li>\n<li>M\u00faltiples dise\u00f1os de la p\u00e1gina de inicio proporcionan flexibilidad en la forma en que desea exhibir sus productos<\/li>\n<li>La compatibilidad incorporada de WooCommerce garantiza que pueda agregar f\u00e1cilmente productos, administrar pedidos y m\u00e1s<\/li>\n<li>La funcionalidad de navegaci\u00f3n y b\u00fasqueda f\u00e1cil de usar facilita que los clientes encuentren lo que est\u00e1n buscando<\/li>\n<li>Compatibilidad con complementos populares como el formulario de contacto 7 y MailChimp significa que puede integrar su tienda con otros servicios f\u00e1cilmente<\/li>\n<li>Documentaci\u00f3n detallada y apoyo de los creadores del tema significa que siempre podr\u00e1 obtener la ayuda que necesita<\/li>\n<li>Las actualizaciones y mejoras peri\u00f3dicas aseguran que su tienda se mantenga actualizada con las \u00faltimas caracter\u00edsticas y medidas de seguridad.<\/li>\n<\/ul>\n","protected":false},"excerpt":{"rendered":"<p>Experimente el dise\u00f1o elegante y moderno del tema de WordPress de compras de Aurum. Dise\u00f1ado con el comercio electr\u00f3nico en mente, este tema ofrece una interfaz de usuario intuitiva que hace que las compras sean muy f\u00e1ciles. Cuenta con un dise\u00f1o receptivo que garantiza que su sitio web se vea muy bien en cualquier dispositivo, desde escritorios hasta tabletas y tel\u00e9fonos inteligentes. El tema incluye una variedad de opciones de personalizaci\u00f3n, lo que le permite adaptar su sitio a la est\u00e9tica \u00fanica de su marca. Con su creador de p\u00e1ginas de arrastrar y soltar f\u00e1ciles de usar, puede crear p\u00e1ginas impresionantes en muy poco tiempo. Para mayor comodidad, el tema de Aurum es amigable con SEO, lo que ayuda a aumentar la visibilidad de su sitio en los motores de b\u00fasqueda. Otras caracter\u00edsticas notables incluyen un mega men\u00fa, una funci\u00f3n de lista de deseos para clientes y compatibilidad con WooCommerce para la gesti\u00f3n de productos sin esfuerzo. El tema de WordPress de compras de Aurum Minimalist no solo es visualmente atractivo sino tambi\u00e9n funcional, proporcionando una experiencia de compra perfecta para sus clientes.<\/p>\n","protected":false},"featured_media":165408,"comment_status":"open","ping_status":"open","template":"","meta":[],"product_brand":[2337],"product_cat":[1307,1237,1238],"product_tag":[1391],"class_list":{"0":"post-116048","1":"product","2":"type-product","3":"status-publish","4":"has-post-thumbnail","6":"product_brand-themeforest","7":"product_cat-negocio-wordpress-temas","8":"product_cat-temas","9":"product_cat-wordpress-temas","10":"product_tag-themeforest","11":"member-discount","12":"discount-restricted","14":"first","15":"instock","16":"sale","17":"downloadable","18":"virtual","19":"sold-individually","20":"purchasable","21":"product-type-simple"},"_links":{"self":[{"href":"https:\/\/gpl-love.com\/es\/wp-json\/wp\/v2\/product\/116048","targetHints":{"allow":["GET"]}}],"collection":[{"href":"https:\/\/gpl-love.com\/es\/wp-json\/wp\/v2\/product"}],"about":[{"href":"https:\/\/gpl-love.com\/es\/wp-json\/wp\/v2\/types\/product"}],"replies":[{"embeddable":true,"href":"https:\/\/gpl-love.com\/es\/wp-json\/wp\/v2\/comments?post=116048"}],"wp:featuredmedia":[{"embeddable":true,"href":"https:\/\/gpl-love.com\/es\/wp-json\/wp\/v2\/media\/165408"}],"wp:attachment":[{"href":"https:\/\/gpl-love.com\/es\/wp-json\/wp\/v2\/media?parent=116048"}],"wp:term":[{"taxonomy":"product_brand","embeddable":true,"href":"https:\/\/gpl-love.com\/es\/wp-json\/wp\/v2\/product_brand?post=116048"},{"taxonomy":"product_cat","embeddable":true,"href":"https:\/\/gpl-love.com\/es\/wp-json\/wp\/v2\/product_cat?post=116048"},{"taxonomy":"product_tag","embeddable":true,"href":"https:\/\/gpl-love.com\/es\/wp-json\/wp\/v2\/product_tag?post=116048"}],"curies":[{"name":"wp","href":"https:\/\/api.w.org\/{rel}","templated":true}]}}