{"id":116036,"date":"2022-06-12T00:00:00","date_gmt":"2022-06-12T05:00:00","guid":{"rendered":"http:\/\/gpl-love.com\/es\/?post_type=product&#038;p=116036"},"modified":"2026-03-09T08:27:23","modified_gmt":"2026-03-09T13:27:23","slug":"wordpress-multisite-user-sync-unsync","status":"publish","type":"product","link":"https:\/\/gpl-love.com\/es\/producto\/wordpress-multisite-user-sync-unsync\/","title":{"rendered":"WordPress Multisite User Sync Unsync 2.1.3"},"content":{"rendered":"<h3>WordPress Multisite User Sync Unsync Caracteristicas<\/h3>\n<p>La sincronizaci\u00f3n de usuarios multisitio de WordPress es una herramienta incre\u00edblemente robusta y altamente efectiva que le brinda la capacidad excepcional para sincronizar sin esfuerzo y desanimar a los usuarios en numerosos sitios de WordPress. Este notable complemento le otorga la comodidad de administrar eficientemente las cuentas de los usuarios, los roles y los permisos en todos sus sitios directamente desde una ubicaci\u00f3n centralizada \u00fanica. Ya sea que se encuentre con la adici\u00f3n o eliminaci\u00f3n de usuarios de su red multisitio, la sincronizaci\u00f3n de datos de usuarios vitales en todos sus sitios o la actualizaci\u00f3n esencial de los roles y permisos de los usuarios, este complemento garantiza un proceso sin esfuerzo y sin complicaciones sin complicaciones. Presenta una interfaz intuitivamente f\u00e1cil de usar y una extensa variedad de opciones personalizables que se adaptan espec\u00edficamente a sus requisitos \u00fanicos e individualizados. Al adoptar las capacidades notables de WordPress Multisite User Sync UNSNC, puede optimizar de manera efectiva su proceso de gesti\u00f3n de usuarios, asegurando as\u00ed una experiencia impecablemente suave y completamente sin problemas para todos sus usuarios valorados.<\/p>\n<ul>\n<li>Un poderoso complemento para sincronizar y desanimar a los usuarios en m\u00faltiples sitios en una red multisitio de WordPress<\/li>\n<li>Administrar f\u00e1cilmente el acceso y los privilegios de los usuarios en todos los sitios con solo unos pocos clics<\/li>\n<li>Ahorre tiempo y esfuerzo automatizando las tareas de administraci\u00f3n de usuarios<\/li>\n<li>Configuraciones altamente personalizables permiten un control granular sobre la sincronizaci\u00f3n de usuarios y la falta de sincronizaci\u00f3n<\/li>\n<li>Compatible con todas las instalaciones multisitio de WordPress y se puede integrar f\u00e1cilmente en las configuraciones existentes<\/li>\n<li>Proporciona registros detallados de actividad de sincronizaci\u00f3n de usuarios para una f\u00e1cil resoluci\u00f3n de problemas y auditor\u00eda<\/li>\n<li>Medidas de seguridad s\u00f3lidas aseguran que los datos del usuario est\u00e1n protegidos en todo momento<\/li>\n<li>La interfaz f\u00e1cil de usar facilita que los administradores del sitio de todos los niveles de habilidad usen y administren<\/li>\n<li>Actualizaciones regulares y atenci\u00f3n al cliente Aseg\u00farese de que el complemento se mantenga actualizado con los \u00faltimos desarrollos de WordPress y las necesidades del usuario.<\/li>\n<\/ul>\n","protected":false},"excerpt":{"rendered":"<p>El complemento de WordPress Multisite User Sync UNSYNC es una herramienta incre\u00edblemente conveniente y eficiente que le otorga la capacidad de sincronizar sin problemas y desanimar las cuentas de los usuarios en numerosos sitios de WordPress dentro de su red. A trav\u00e9s de un proceso simple que involucra solo unos pocos clics, puede supervisar sin esfuerzo el acceso y los permisos de los usuarios, lo que resulta en un ahorro de tiempo significativo y una mayor productividad. Esta herramienta notable y robusta es particularmente ideal para las personas encargadas de la gesti\u00f3n de m\u00faltiples sitios web, ya que ofrece una soluci\u00f3n optimizada y abarrotable para la administraci\u00f3n de usuarios.<\/p>\n","protected":false},"featured_media":168349,"comment_status":"open","ping_status":"open","template":"","meta":[],"product_brand":[2339],"product_cat":[1212,1206,1211],"product_tag":[1256],"class_list":{"0":"post-116036","1":"product","2":"type-product","3":"status-publish","4":"has-post-thumbnail","6":"product_brand-codecanyon","7":"product_cat-administracion-wordpress-plugins","8":"product_cat-plugins","9":"product_cat-wordpress-plugins","10":"product_tag-codecanyon","11":"member-discount","12":"discount-restricted","14":"first","15":"instock","16":"sale","17":"downloadable","18":"virtual","19":"sold-individually","20":"purchasable","21":"product-type-simple"},"_links":{"self":[{"href":"https:\/\/gpl-love.com\/es\/wp-json\/wp\/v2\/product\/116036","targetHints":{"allow":["GET"]}}],"collection":[{"href":"https:\/\/gpl-love.com\/es\/wp-json\/wp\/v2\/product"}],"about":[{"href":"https:\/\/gpl-love.com\/es\/wp-json\/wp\/v2\/types\/product"}],"replies":[{"embeddable":true,"href":"https:\/\/gpl-love.com\/es\/wp-json\/wp\/v2\/comments?post=116036"}],"wp:featuredmedia":[{"embeddable":true,"href":"https:\/\/gpl-love.com\/es\/wp-json\/wp\/v2\/media\/168349"}],"wp:attachment":[{"href":"https:\/\/gpl-love.com\/es\/wp-json\/wp\/v2\/media?parent=116036"}],"wp:term":[{"taxonomy":"product_brand","embeddable":true,"href":"https:\/\/gpl-love.com\/es\/wp-json\/wp\/v2\/product_brand?post=116036"},{"taxonomy":"product_cat","embeddable":true,"href":"https:\/\/gpl-love.com\/es\/wp-json\/wp\/v2\/product_cat?post=116036"},{"taxonomy":"product_tag","embeddable":true,"href":"https:\/\/gpl-love.com\/es\/wp-json\/wp\/v2\/product_tag?post=116036"}],"curies":[{"name":"wp","href":"https:\/\/api.w.org\/{rel}","templated":true}]}}