{"id":116034,"date":"2021-08-14T00:00:00","date_gmt":"2021-08-14T05:00:00","guid":{"rendered":"http:\/\/gpl-love.com\/es\/?post_type=product&#038;p=116034"},"modified":"2026-03-09T07:31:49","modified_gmt":"2026-03-09T12:31:49","slug":"embed-any-document-plus-wordpress-plugin","status":"publish","type":"product","link":"https:\/\/gpl-love.com\/es\/producto\/embed-any-document-plus-wordpress-plugin\/","title":{"rendered":"Embed Any Document Plus WordPress Plugin 2.7.0"},"content":{"rendered":"<h3>Embed Any Document Plus WordPress Plugin Caracteristicas<\/h3>\n<p>Incrustar cualquier documento Plus es un complemento de WordPress incre\u00edblemente robusto que agilice todo el proceso de incrustar una amplia gama de diferentes tipos de documentos en su sitio web. En lugar de limitarlo a solo una o dos opciones, este complemento ofrece soporte para una variedad de formatos de archivo, que incluyen PDF, presentaciones de PowerPoint, documentos de Word y hojas de c\u00e1lculo de Excel. Esto significa que tiene la libertad de mostrar cualquier tipo de documento sin problemas en su sitio web, sin problemas de problemas o compatibilidad.<\/p>\n<p>Una de las caracter\u00edsticas m\u00e1s destacadas de Incorprar cualquier documento m\u00e1s es su interfaz f\u00e1cil de usar y sus opciones de personalizaci\u00f3n flexible. Tiene la capacidad de ajustar el tama\u00f1o, los colores y el estilo general de sus documentos integrados, asegurando que se mezclen sin problemas con el tema general y el dise\u00f1o de su sitio web. Este nivel de personalizaci\u00f3n le permite crear una experiencia visualmente cohesiva para sus visitantes, lo que hace que sea a\u00fan m\u00e1s probable que se involucren e interact\u00faen con los documentos que ha incrustado.<\/p>\n<p>Adem\u00e1s, incrustar cualquier documento m\u00e1s ofrece una gama de caracter\u00edsticas adicionales que puedan mejorar la funcionalidad y la seguridad de sus documentos integrados. Por ejemplo, tiene la opci\u00f3n de habilitar o deshabilitar la capacidad de descargar, imprimir o ampliar sus documentos. Esto le brinda un control completo sobre c\u00f3mo los usuarios pueden interactuar con el contenido que ha compartido. Adem\u00e1s, tambi\u00e9n puede optar por proteger sus documentos agregando contrase\u00f1as para una visualizaci\u00f3n segura. Esto asegura que solo las personas autorizadas puedan acceder y ver sus documentos integrados, agregando una capa adicional de seguridad y tranquilidad.<\/p>\n<p>En conclusi\u00f3n, ya sea que sea un blogger que busque compartir PDF informativos, un propietario de un negocio que desee mostrar presentaciones de PowerPoint, o un educador que busca compartir documentos de Word o hojas de c\u00e1lculo de Excel con sus alumnos, incrustar cualquier documento m\u00e1s es la soluci\u00f3n definitiva para integrar documentos. su p\u00e1gina web. Este poderoso complemento no solo simplifica el proceso, sino que tambi\u00e9n eleva la experiencia general del usuario, haciendo que su sitio web sea m\u00e1s atractivo, interactivo y profesional. Entonces, \u00bfpor qu\u00e9 esperar? Comience a utilizar insertar cualquier documento m\u00e1s hoy y transforme la forma en que comparte y presenta documentos en su sitio web.<\/p>\n<ul>\n<li>Incrustar cualquier documento Plus es un complemento de WordPress que le permite incrustar f\u00e1cilmente cualquier tipo de documento en su sitio web.<\/li>\n<li>No hay necesidad de servicios externos o herramientas de terceros: simplemente cargue su documento e incruste cualquier documento m\u00e1s se encarga del resto.<\/li>\n<li>Admite una amplia gama de tipos de archivos, que incluyen PDF, documentos de Word, hojas de c\u00e1lculo de Excel, presentaciones de PowerPoint y m\u00e1s.<\/li>\n<li>Todos los archivos se convierten en HTML5 para tiempos de carga r\u00e1pidos y una experiencia de usuario \u00f3ptima.<\/li>\n<li>Puede personalizar la apariencia del documento integrado para que coincida sin problemas con el dise\u00f1o de su sitio web.<\/li>\n<li>El dise\u00f1o receptivo asegura que su documento se vea genial en cualquier dispositivo, ya sea escritorio, tableta o m\u00f3vil.<\/li>\n<li>Adem\u00e1s, tiene el control total sobre el acceso a sus archivos: elija hacer que los documentos p\u00fablicos o privados solo permitan usuarios espec\u00edficos para verlos.<\/li>\n<li>Ya sea que comparta informes de la compa\u00f1\u00eda, documentos acad\u00e9micos o presentaciones multimedia, incrustar cualquier documento m\u00e1s facilita la exhibici\u00f3n de su contenido en su sitio web.<\/li>\n<\/ul>\n","protected":false},"excerpt":{"rendered":"<p>El complemento de incorporaci\u00f3n de cualquier documento m\u00e1s WordPress es una herramienta incre\u00edblemente vers\u00e1til que satisface las necesidades de las personas y las empresas que buscan integrar a la perfecci\u00f3n documentos en sus sitios web de WordPress. Su amplia gama de caracter\u00edsticas robustas permite a los usuarios cargar e incrustar una amplia gama de formatos de documentos, incluidos PDF, DOCX, PPTX y m\u00e1s, directamente en su sitio web. Con una interfaz intuitiva y una funcionalidad f\u00e1cil de usar, este complemento representa una opci\u00f3n \u00f3ptima para quienes se esfuerzan por elevar la experiencia de usuario de su sitio web. Si desea infundir su sitio web con dinamismo y cautivar a su audiencia, el complemento de incorporaci\u00f3n de cualquier documento m\u00e1s WordPress indudablemente surge como la soluci\u00f3n definitiva.<\/p>\n","protected":false},"featured_media":165978,"comment_status":"open","ping_status":"open","template":"","meta":[],"product_brand":[2339],"product_cat":[1214,1206,1211],"product_tag":[1256],"class_list":{"0":"post-116034","1":"product","2":"type-product","3":"status-publish","4":"has-post-thumbnail","6":"product_brand-codecanyon","7":"product_cat-personalizacion","8":"product_cat-plugins","9":"product_cat-wordpress-plugins","10":"product_tag-codecanyon","11":"member-discount","12":"discount-restricted","14":"first","15":"instock","16":"sale","17":"downloadable","18":"virtual","19":"sold-individually","20":"purchasable","21":"product-type-simple"},"_links":{"self":[{"href":"https:\/\/gpl-love.com\/es\/wp-json\/wp\/v2\/product\/116034","targetHints":{"allow":["GET"]}}],"collection":[{"href":"https:\/\/gpl-love.com\/es\/wp-json\/wp\/v2\/product"}],"about":[{"href":"https:\/\/gpl-love.com\/es\/wp-json\/wp\/v2\/types\/product"}],"replies":[{"embeddable":true,"href":"https:\/\/gpl-love.com\/es\/wp-json\/wp\/v2\/comments?post=116034"}],"wp:featuredmedia":[{"embeddable":true,"href":"https:\/\/gpl-love.com\/es\/wp-json\/wp\/v2\/media\/165978"}],"wp:attachment":[{"href":"https:\/\/gpl-love.com\/es\/wp-json\/wp\/v2\/media?parent=116034"}],"wp:term":[{"taxonomy":"product_brand","embeddable":true,"href":"https:\/\/gpl-love.com\/es\/wp-json\/wp\/v2\/product_brand?post=116034"},{"taxonomy":"product_cat","embeddable":true,"href":"https:\/\/gpl-love.com\/es\/wp-json\/wp\/v2\/product_cat?post=116034"},{"taxonomy":"product_tag","embeddable":true,"href":"https:\/\/gpl-love.com\/es\/wp-json\/wp\/v2\/product_tag?post=116034"}],"curies":[{"name":"wp","href":"https:\/\/api.w.org\/{rel}","templated":true}]}}