{"id":116028,"date":"2022-04-15T00:00:00","date_gmt":"2022-04-15T05:00:00","guid":{"rendered":"http:\/\/gpl-love.com\/es\/?post_type=product&#038;p=116028"},"modified":"2026-03-13T17:15:26","modified_gmt":"2026-03-13T22:15:26","slug":"agency-cynic-digital-startup-creative-wordpress-theme","status":"publish","type":"product","link":"https:\/\/gpl-love.com\/es\/producto\/agency-cynic-digital-startup-creative-wordpress-theme\/","title":{"rendered":"Agency Cynic Digital Startup Creative WordPress Theme 1.16.2"},"content":{"rendered":"<h3>Agency Cynic Digital Startup Creative WordPress Theme Caracteristicas<\/h3>\n<p>El tema creativo de WordPress Creative WordPress de la agencia, con su versatilidad y dinamismo, se presenta como una soluci\u00f3n notable adaptada precisamente para las necesidades de las nuevas empresas digitales y las agencias creativas. Su dise\u00f1o, caracterizado por la limpieza y la modernidad, no solo es f\u00e1cil de usar sino tambi\u00e9n est\u00e9ticamente agradable. El tema ofrece una variedad de opciones personalizables, que abarcan varias plantillas de p\u00e1gina de inicio, dise\u00f1os de cartera y una amplia selecci\u00f3n de fuentes y colores. Adem\u00e1s, su plena capacidad de respuesta y optimizaci\u00f3n de motores de b\u00fasqueda garantizan una apariencia impecable y un excelente rendimiento en todos los dispositivos. En virtud de la agencia, la startup digital c\u00ednica creativa de WordPress, est\u00e1 facultado para mostrar sin esfuerzo sus servicios, proyectos y miembros del equipo, cultivando as\u00ed una s\u00f3lida presencia en l\u00ednea para su negocio.<\/p>\n<ul>\n<li>Un tema de WordPress de la agencia digital de vanguardia dise\u00f1ado para nuevas empresas creativas<\/li>\n<li>Dise\u00f1o elegante y moderno con opciones personalizables para adaptarse a su marca<\/li>\n<li>Integrado con un poderoso constructor de p\u00e1ginas para una f\u00e1cil creaci\u00f3n y personalizaci\u00f3n del sitio web<\/li>\n<li>Incluye plantillas prefabricadas para varias p\u00e1ginas, que incluyen blog, cartera y sobre nosotros<\/li>\n<li>Totalmente receptivo y amigable para los dispositivos m\u00f3viles para una experiencia de usuario perfecta en cualquier dispositivo<\/li>\n<li>Admite complementos populares como WooCommerce, Contact Form 7 y Yoast SEO<\/li>\n<li>Optimizado para SEO y velocidades de carga de p\u00e1gina r\u00e1pidas para mejorar las clasificaciones de los motores de b\u00fasqueda<\/li>\n<li>Viene con una amplia documentaci\u00f3n y un servicio de atenci\u00f3n al cliente confiable para la resoluci\u00f3n de problemas y la ayuda de personalizaci\u00f3n<\/li>\n<li>Dise\u00f1ado con una f\u00e1cil navegaci\u00f3n e interfaz f\u00e1cil de usar para mejorar las tasas de participaci\u00f3n y conversi\u00f3n del usuario.<\/li>\n<\/ul>\n","protected":false},"excerpt":{"rendered":"<p>Experimente el pin\u00e1culo de la creatividad e ingenio ilimitados en el dise\u00f1o web con la agencia meticulosamente dise\u00f1ada Startup digital Digital WordPress Creative WordPress. Este tema de WordPress elegante y contempor\u00e1neo est\u00e1 impecablemente dise\u00f1ado, lo que lo convierte en una opci\u00f3n ideal para las agencias de inicio digitales de todos los tama\u00f1os. Se destaca por su adaptabilidad y versatilidad, con una gran cantidad de caracter\u00edsticas de vanguardia en temas de WordPress que indudablemente diferenciar\u00e1n a su agencia de la competencia.<\/p>\n<p>Adem\u00e1s, el dise\u00f1o de WordPress exquisitamente elaborado garantiza un dise\u00f1o receptivo para las agencias de inicio, lo que permite que su sitio web exude brillantez y atractivo, cautivando f\u00e1cilmente a los usuarios en todas las plataformas. No dude y se embarque en un viaje transformador con la agencia Cynic, impulsando efectivamente la presencia en l\u00ednea de su startup a alturas sin precedentes con el dise\u00f1o de WordPress.<\/p>\n<p>Con estos temas creativos de WordPress para nuevas empresas, puede esperar que su inicio obtenga \u00e9xito y reconocimiento con temas creativos. Prep\u00e1rese para presenciar su inicio ascendiendo a alturas de \u00e9xito y reconocimiento sin precedentes al distinguir su agencia con dise\u00f1o creativo. Verdaderamente, con la Agencia C<\/p>\n","protected":false},"featured_media":165332,"comment_status":"open","ping_status":"open","template":"","meta":[],"product_brand":[2337],"product_cat":[1267,1237,1238],"product_tag":[1391],"class_list":{"0":"post-116028","1":"product","2":"type-product","3":"status-publish","4":"has-post-thumbnail","6":"product_brand-themeforest","7":"product_cat-creativo","8":"product_cat-temas","9":"product_cat-wordpress-temas","10":"product_tag-themeforest","11":"member-discount","12":"discount-restricted","14":"first","15":"instock","16":"sale","17":"downloadable","18":"virtual","19":"sold-individually","20":"purchasable","21":"product-type-simple"},"_links":{"self":[{"href":"https:\/\/gpl-love.com\/es\/wp-json\/wp\/v2\/product\/116028","targetHints":{"allow":["GET"]}}],"collection":[{"href":"https:\/\/gpl-love.com\/es\/wp-json\/wp\/v2\/product"}],"about":[{"href":"https:\/\/gpl-love.com\/es\/wp-json\/wp\/v2\/types\/product"}],"replies":[{"embeddable":true,"href":"https:\/\/gpl-love.com\/es\/wp-json\/wp\/v2\/comments?post=116028"}],"wp:featuredmedia":[{"embeddable":true,"href":"https:\/\/gpl-love.com\/es\/wp-json\/wp\/v2\/media\/165332"}],"wp:attachment":[{"href":"https:\/\/gpl-love.com\/es\/wp-json\/wp\/v2\/media?parent=116028"}],"wp:term":[{"taxonomy":"product_brand","embeddable":true,"href":"https:\/\/gpl-love.com\/es\/wp-json\/wp\/v2\/product_brand?post=116028"},{"taxonomy":"product_cat","embeddable":true,"href":"https:\/\/gpl-love.com\/es\/wp-json\/wp\/v2\/product_cat?post=116028"},{"taxonomy":"product_tag","embeddable":true,"href":"https:\/\/gpl-love.com\/es\/wp-json\/wp\/v2\/product_tag?post=116028"}],"curies":[{"name":"wp","href":"https:\/\/api.w.org\/{rel}","templated":true}]}}