{"id":116026,"date":"2021-08-13T00:00:00","date_gmt":"2021-08-13T05:00:00","guid":{"rendered":"http:\/\/gpl-love.com\/es\/producto\/youlive-live-stream-broadcaster-plugin-para-wordpress\/"},"modified":"2026-03-09T08:35:29","modified_gmt":"2026-03-09T13:35:29","slug":"youlive-live-stream-broadcaster-plugin-para-wordpress","status":"publish","type":"product","link":"https:\/\/gpl-love.com\/es\/producto\/youlive-live-stream-broadcaster-plugin-para-wordpress\/","title":{"rendered":"YouLive Live Stream Broadcaster Plugin para WordPress 1.1.1"},"content":{"rendered":"<h3>YouLive Live Stream Broadcaster Plugin para WordPress Caracteristicas<\/h3>\n<p>El complemento de transmisi\u00f3n de transmisi\u00f3n en vivo de YouLive para WordPress es una herramienta excepcionalmente eficiente y efectiva que sirve para permitir a los usuarios transmitir sin esfuerzo y convenientemente sus transmisiones en vivo en sus sitios web de WordPress. Este complemento sobresaliente ofrece la notable capacidad de facilitar la transmisi\u00f3n de eventos en vivo, incluidos, entre otros, seminarios web, conferencias y otras formas diversas de eventos en vivo, en extraordinarios formatos de video y audio de alta calidad. Empodera a los usuarios al otorgarles la capacidad de establecer y administrar su propio canal de transmisi\u00f3n en vivo, lo que les brinda el m\u00e1ximo control y flexibilidad en sus sesiones de transmisi\u00f3n en vivo. Adem\u00e1s, el complemento tambi\u00e9n otorga a los usuarios la invaluable ventaja de moderar los comentarios en tiempo real, lo que les permite mantener un sentido de orden y coherencia dentro de sus comunidades virtuales. Las caracter\u00edsticas interactivas notables, como compartir encuestas, participar en sesiones de preguntas y respuestas estimulantes y varios otros mecanismos interactivos, est\u00e1n disponibles para los usuarios, mejorando as\u00ed la participaci\u00f3n de audiencia de usuario en un grado significativo. Teniendo en cuenta los atributos antes mencionados, se hace evidente que usted personifica la confiabilidad y la confiabilidad, ya que ofrece una experiencia de transmisi\u00f3n en vivo perfecta, incomparable e impecable para los usuarios de WordPress. En consecuencia, surge como una opci\u00f3n extremadamente deseable y \u00f3ptima tanto para las empresas como para las personas que aspiran a aumentar y mejorar su presencia en l\u00ednea de una manera sustancial y significativa.<\/p>\n<ul>\n<li>Integraci\u00f3n f\u00e1cil con sitios web de WordPress<\/li>\n<li>Capacidades de transmisi\u00f3n de transmisi\u00f3n en vivo para propietarios de sitios web<\/li>\n<li>Configuraci\u00f3n personalizable para resoluci\u00f3n y calidad de video<\/li>\n<li>Compatibilidad con plataformas de transmisi\u00f3n en vivo populares como Twitch y YouTube<\/li>\n<li>Compromiso de la audiencia en tiempo real a trav\u00e9s de la funcionalidad de chat y comentarios<\/li>\n<li>Capacidad para monetizar transmisiones en vivo a trav\u00e9s de patrocinios y anuncios<\/li>\n<li>Integraci\u00f3n perfecta con plataformas de redes sociales para un alcance m\u00e1s amplio<\/li>\n<li>Caracter\u00edsticas de an\u00e1lisis e informes para medir el rendimiento de la transmisi\u00f3n en vivo<\/li>\n<li>Actualizaciones regulares y soporte t\u00e9cnico para una funcionalidad \u00f3ptima<\/li>\n<li>Interfaz f\u00e1cil de usar para una f\u00e1cil configuraci\u00f3n y gesti\u00f3n de transmisiones en vivo.<\/li>\n<\/ul>\n","protected":false},"excerpt":{"rendered":"<p>El complemento YouLive Live Stream Broadcaster para WordPress es una herramienta incre\u00edblemente robusta y formidable que le otorga la capacidad perfecta para transmitir sin esfuerzo y convenientemente transmitir transmisiones de video en vivo directamente en su estimado sitio web. Con una interfaz excepcionalmente f\u00e1cil de usar y una variedad de funcionalidades de \u00faltima generaci\u00f3n, este complemento le permite generar transmisiones en vivo de calidad incomparable que comprometen y cautivan efectivamente a su preciada audiencia. Independientemente de si se identifica con orgullo como un blogger apasionado, un vendedor inteligente o un astuto propietario de un negocio en l\u00ednea, este notable complemento es el ep\u00edtome de la perfecci\u00f3n cuando se trata de conectarse sin esfuerzo con su grupo demogr\u00e1fico objetivo de una manera que es inmersiva e interactiva. Con el poder indomable de YouLive, posee la capacidad de actualizar las transmisiones en vivo de grado profesional sin depender de hardware o software especializado. Entonces, \u00bfpor qu\u00e9 demorarse m\u00e1s? No pierda tiempo y permita el privilegio de descargar su ventaja sin m\u00e1s pre\u00e1mbulos, \u00a1lo que le permite comenzar instant\u00e1neamente el proceso de transmitir su contenido preciado a la vasta extensi\u00f3n del mundo!<\/p>\n","protected":false},"featured_media":168696,"comment_status":"open","ping_status":"open","template":"","meta":[],"product_brand":[2339],"product_cat":[1214,1206,1211],"product_tag":[1256],"class_list":{"0":"post-116026","1":"product","2":"type-product","3":"status-publish","4":"has-post-thumbnail","6":"product_brand-codecanyon","7":"product_cat-personalizacion","8":"product_cat-plugins","9":"product_cat-wordpress-plugins","10":"product_tag-codecanyon","11":"member-discount","12":"discount-restricted","14":"first","15":"instock","16":"sale","17":"downloadable","18":"virtual","19":"sold-individually","20":"purchasable","21":"product-type-simple"},"_links":{"self":[{"href":"https:\/\/gpl-love.com\/es\/wp-json\/wp\/v2\/product\/116026","targetHints":{"allow":["GET"]}}],"collection":[{"href":"https:\/\/gpl-love.com\/es\/wp-json\/wp\/v2\/product"}],"about":[{"href":"https:\/\/gpl-love.com\/es\/wp-json\/wp\/v2\/types\/product"}],"replies":[{"embeddable":true,"href":"https:\/\/gpl-love.com\/es\/wp-json\/wp\/v2\/comments?post=116026"}],"wp:featuredmedia":[{"embeddable":true,"href":"https:\/\/gpl-love.com\/es\/wp-json\/wp\/v2\/media\/168696"}],"wp:attachment":[{"href":"https:\/\/gpl-love.com\/es\/wp-json\/wp\/v2\/media?parent=116026"}],"wp:term":[{"taxonomy":"product_brand","embeddable":true,"href":"https:\/\/gpl-love.com\/es\/wp-json\/wp\/v2\/product_brand?post=116026"},{"taxonomy":"product_cat","embeddable":true,"href":"https:\/\/gpl-love.com\/es\/wp-json\/wp\/v2\/product_cat?post=116026"},{"taxonomy":"product_tag","embeddable":true,"href":"https:\/\/gpl-love.com\/es\/wp-json\/wp\/v2\/product_tag?post=116026"}],"curies":[{"name":"wp","href":"https:\/\/api.w.org\/{rel}","templated":true}]}}