{"id":116006,"date":"2024-02-17T00:00:00","date_gmt":"2024-02-17T05:00:00","guid":{"rendered":"http:\/\/gpl-love.com\/es\/producto\/the-team-pro-team-showcase-wordpress-plugin\/"},"modified":"2026-04-10T11:27:35","modified_gmt":"2026-04-10T16:27:35","slug":"the-team-pro-team-showcase-wordpress-plugin","status":"publish","type":"product","link":"https:\/\/gpl-love.com\/es\/producto\/the-team-pro-team-showcase-wordpress-plugin\/","title":{"rendered":"The Team Pro Team Showcase WordPress Plugin 1.11.2"},"content":{"rendered":"<h3>The Team Pro Team Showcase WordPress Plugin Caracteristicas<\/h3>\n<p>El complemento Team Pro Team Showcase WordPress es una herramienta excepcionalmente notable que ofrece a los usuarios la capacidad de crear exhibiciones de equipo en sus sitios web de WordPress que no solo son visualmente atractivos, sino que tambi\u00e9n cautivan. Este complemento est\u00e1 equipado con una multitud de caracter\u00edsticas que permiten a los usuarios adaptar y personalizar sus exhibiciones de acuerdo con sus preferencias. Con la implementaci\u00f3n del complemento de WordPress de Team Pro Team, los usuarios pueden incorporar y administrar sin esfuerzo a los miembros del equipo, al tiempo que exhiben sus respectivas habilidades, experiencia y perfiles de redes sociales. Adem\u00e1s, el complemento abarca una interfaz de arrastrar y soltar sin esfuerzo, simplificando as\u00ed el proceso de creaci\u00f3n y modificaci\u00f3n del equipo. Adem\u00e1s, es imperativo mencionar que el complemento es completamente receptivo y ha sido optimizado sin problemas para su uso en todos los dispositivos, asegurando as\u00ed que los usuarios puedan exhibir sin problemas a sus equipos en varias plataformas. Independientemente de si uno es un contratista independiente, un propietario de una empresa a peque\u00f1a escala, o incluso un conglomerado, el empleo del complemento de WordPress del equipo de Team Pro, sin duda, demostrar\u00e1 ser un activo invaluable, lo que permite a los usuarios destacar efectivamente las capacidades de su equipo de su equipo. y logros.<\/p>\n<ul>\n<li>Muestre a los miembros de su equipo de manera profesional y elegante en su sitio web de WordPress<\/li>\n<li>Elija entre m\u00faltiples estilos de visualizaci\u00f3n, incluyendo cuadr\u00edcula, carrusel y dise\u00f1os de listas<\/li>\n<li>Personalice la apariencia de su escaparate de equipo con facilidad, incluidos esquemas de color y opciones de fuentes<\/li>\n<li>Agregue miembros del equipo ilimitados y los clasifique por departamento o proyecto<\/li>\n<li>Incluya perfiles de miembros detallados, incluidas biograf\u00edas, t\u00edtulos de trabajo y enlaces de redes sociales<\/li>\n<li>El dise\u00f1o receptivo garantiza que su escaparate de su equipo se vea muy bien en todos los dispositivos, incluidos los tel\u00e9fonos inteligentes y las tabletas.<\/li>\n<li>Integre a la perfecci\u00f3n con su tema y complementos existentes de WordPress para un dise\u00f1o de sitio web cohesivo<\/li>\n<li>Use los c\u00f3digos cortos del complemento para incrustar f\u00e1cilmente su escaparate de su equipo en cualquier p\u00e1gina o publicar en su sitio de WordPress<\/li>\n<li>Las actualizaciones regulares y el soporte dedicado de los desarrolladores del complemento aseguran que siempre tenga una herramienta confiable y actualizada para exhibir su equipo.<\/li>\n<\/ul>\n","protected":false},"excerpt":{"rendered":"<p>La utilizaci\u00f3n del complemento de WordPress del equipo del equipo del equipo demuestra ser un mecanismo altamente eficiente para presentar de manera efectiva a los miembros de un equipo en cualquier sitio web de WordPress. Este complemento posee una multitud de dise\u00f1os personalizables, junto con la capacidad de incorporar biograf\u00edas individuales, enlaces de redes sociales y varios otros elementos. En consecuencia, este software optimiza sustancialmente el proceso de resaltar la experiencia y los logros de su equipo. Adem\u00e1s, el dise\u00f1o receptivo incorporado dentro del complemento asegura que los miembros de su equipo se muestren est\u00e9ticamente en cualquier tipo de dispositivo. Adem\u00e1s, la inclusi\u00f3n de un generador de c\u00f3digos cortos f\u00e1ciles de operar y una interfaz de arrastrar y soltar capacita a los usuarios construir sin esfuerzo las p\u00e1ginas de equipo visualmente cautivadoras en un per\u00edodo de tiempo significativamente corto. En consecuencia, al utilizar el complemento de WordPress del equipo del equipo de Team Pro, sin duda mejorar\u00e1 la visibilidad y la prominencia de su equipo de manera notable.<\/p>\n","protected":false},"featured_media":167716,"comment_status":"open","ping_status":"open","template":"","meta":[],"product_brand":[2339],"product_cat":[1214,1206,1211],"product_tag":[1256],"class_list":{"0":"post-116006","1":"product","2":"type-product","3":"status-publish","4":"has-post-thumbnail","6":"product_brand-codecanyon","7":"product_cat-personalizacion","8":"product_cat-plugins","9":"product_cat-wordpress-plugins","10":"product_tag-codecanyon","11":"member-discount","12":"discount-restricted","14":"first","15":"instock","16":"sale","17":"downloadable","18":"virtual","19":"sold-individually","20":"purchasable","21":"product-type-simple"},"_links":{"self":[{"href":"https:\/\/gpl-love.com\/es\/wp-json\/wp\/v2\/product\/116006","targetHints":{"allow":["GET"]}}],"collection":[{"href":"https:\/\/gpl-love.com\/es\/wp-json\/wp\/v2\/product"}],"about":[{"href":"https:\/\/gpl-love.com\/es\/wp-json\/wp\/v2\/types\/product"}],"replies":[{"embeddable":true,"href":"https:\/\/gpl-love.com\/es\/wp-json\/wp\/v2\/comments?post=116006"}],"wp:featuredmedia":[{"embeddable":true,"href":"https:\/\/gpl-love.com\/es\/wp-json\/wp\/v2\/media\/167716"}],"wp:attachment":[{"href":"https:\/\/gpl-love.com\/es\/wp-json\/wp\/v2\/media?parent=116006"}],"wp:term":[{"taxonomy":"product_brand","embeddable":true,"href":"https:\/\/gpl-love.com\/es\/wp-json\/wp\/v2\/product_brand?post=116006"},{"taxonomy":"product_cat","embeddable":true,"href":"https:\/\/gpl-love.com\/es\/wp-json\/wp\/v2\/product_cat?post=116006"},{"taxonomy":"product_tag","embeddable":true,"href":"https:\/\/gpl-love.com\/es\/wp-json\/wp\/v2\/product_tag?post=116006"}],"curies":[{"name":"wp","href":"https:\/\/api.w.org\/{rel}","templated":true}]}}