{"id":116004,"date":"2022-03-22T00:00:00","date_gmt":"2022-03-22T05:00:00","guid":{"rendered":"http:\/\/gpl-love.com\/es\/producto\/hoteller-hotel-booking-wordpress-theme\/"},"modified":"2026-03-13T17:22:19","modified_gmt":"2026-03-13T22:22:19","slug":"hoteller-hotel-booking-wordpress-theme","status":"publish","type":"product","link":"https:\/\/gpl-love.com\/es\/producto\/hoteller-hotel-booking-wordpress-theme\/","title":{"rendered":"Hoteller Hotel Booking WordPress Theme 6.2.0"},"content":{"rendered":"<h3>Hoteller Hotel Booking WordPress Theme Caracteristicas<\/h3>\n<p>El tema de WordPress de Hoteller Hotel Booking es una soluci\u00f3n altamente estimada y excepcional dise\u00f1ada espec\u00edficamente para hoteles y resorts que desean establecer una plataforma de reserva en l\u00ednea profesional y centrada en el usuario. Con un dise\u00f1o elegante y sofisticado junto con una interfaz intuitiva, este tema proporciona una amplia gama de caracter\u00edsticas personalizables que permiten a los hoteles sin esfuerzo exhibir sus habitaciones, comodidades y atraer ofertas especiales. El proceso de reserva en s\u00ed es incre\u00edblemente simple y simplificado, otorgando a los hu\u00e9spedes la capacidad de hacer sus reservas de manera r\u00e1pida y eficiente. Adem\u00e1s, este tema cuenta con una multitud de herramientas dedicadas a la gesti\u00f3n efectiva de las reservas, como un calendario incorporado, un sistema para administrar reservas y notificaciones de correo electr\u00f3nico personalizadas. Gracias a su funcionalidad de b\u00fasqueda avanzada y su integraci\u00f3n perfecta con las pasarelas de pago populares, el tema de WordPress de Hoteller Hotel se erige como el ep\u00edtome de la opci\u00f3n ideal para los hoteles que se esfuerzan por mejorar su presencia en l\u00ednea y atraer una mayor cantidad de reservas.<\/p>\n<ul>\n<li>Cree un sitio web de reserva de hotel profesional en minutos.<\/li>\n<li>Perfecto para hoteles, moteles, resorts, casas de vacaciones y m\u00e1s.<\/li>\n<li>Dise\u00f1o receptivo que se ve muy bien en todas las pantallas y dispositivos.<\/li>\n<li>F\u00e1cilmente personalizable con una gama de \u00e1reas de widgets incorporadas.<\/li>\n<li>Sistema de reserva en l\u00ednea flexible que se integra perfectamente con su flujo de trabajo existente.<\/li>\n<li>M\u00faltiples tipos de habitaciones, tarifas y opciones de disponibilidad disponibles.<\/li>\n<li>Sistema de gesti\u00f3n de back-end intuitivo que facilita la administraci\u00f3n del contenido de su sitio web.<\/li>\n<li>Velocidad y rendimiento del sitio de alta calidad para una experiencia de usuario \u00f3ptima.<\/li>\n<li>Integraci\u00f3n perfecta con plataformas de redes sociales populares.<\/li>\n<li>Acceso a una gama de complementos de terceros para mejorar la funcionalidad de su sitio.<\/li>\n<\/ul>\n","protected":false},"excerpt":{"rendered":"<p>El Hoteller Hotel Booking WordPress Theme presenta una soluci\u00f3n ideal para las personas que buscan elaborar un sitio web visualmente llamativo para su estimado establecimiento de hotel o resort. Este tema excepcional est\u00e1 repleto de una mir\u00edada de caracter\u00edsticas notables, que abarca un sistema de reserva altamente personalizable, capacidades eficientes de gesti\u00f3n de habitaciones y un constructor de p\u00e1ginas inmensamente potente, obviando as\u00ed la necesidad de procedimientos de codificaci\u00f3n intrincados. Adem\u00e1s, este tema est\u00e1 imbuido de un marco totalmente receptivo, asegurando que su sitio web exude una magnificencia incomparable en todos los dispositivos. Adem\u00e1s, la incorporaci\u00f3n del contenido de demostraci\u00f3n preexistente junto con la funci\u00f3n de instalaci\u00f3n de un solo clic hace que el proceso de establecer su presencia en l\u00ednea sea un esfuerzo sin costuras y eficiente en el tiempo. No se demoren m\u00e1s; Comience la construcci\u00f3n de su sitio web de hotel imaginado hoy con el incomparable tema de WordPress Hoteller Hotel.<\/p>\n","protected":false},"featured_media":166433,"comment_status":"open","ping_status":"open","template":"","meta":[],"product_brand":[2337],"product_cat":[1548,1237,1238],"product_tag":[1391],"class_list":{"0":"post-116004","1":"product","2":"type-product","3":"status-publish","4":"has-post-thumbnail","6":"product_brand-themeforest","7":"product_cat-resort-hotel","8":"product_cat-temas","9":"product_cat-wordpress-temas","10":"product_tag-themeforest","11":"member-discount","12":"discount-restricted","14":"first","15":"instock","16":"sale","17":"downloadable","18":"virtual","19":"sold-individually","20":"purchasable","21":"product-type-simple"},"_links":{"self":[{"href":"https:\/\/gpl-love.com\/es\/wp-json\/wp\/v2\/product\/116004","targetHints":{"allow":["GET"]}}],"collection":[{"href":"https:\/\/gpl-love.com\/es\/wp-json\/wp\/v2\/product"}],"about":[{"href":"https:\/\/gpl-love.com\/es\/wp-json\/wp\/v2\/types\/product"}],"replies":[{"embeddable":true,"href":"https:\/\/gpl-love.com\/es\/wp-json\/wp\/v2\/comments?post=116004"}],"wp:featuredmedia":[{"embeddable":true,"href":"https:\/\/gpl-love.com\/es\/wp-json\/wp\/v2\/media\/166433"}],"wp:attachment":[{"href":"https:\/\/gpl-love.com\/es\/wp-json\/wp\/v2\/media?parent=116004"}],"wp:term":[{"taxonomy":"product_brand","embeddable":true,"href":"https:\/\/gpl-love.com\/es\/wp-json\/wp\/v2\/product_brand?post=116004"},{"taxonomy":"product_cat","embeddable":true,"href":"https:\/\/gpl-love.com\/es\/wp-json\/wp\/v2\/product_cat?post=116004"},{"taxonomy":"product_tag","embeddable":true,"href":"https:\/\/gpl-love.com\/es\/wp-json\/wp\/v2\/product_tag?post=116004"}],"curies":[{"name":"wp","href":"https:\/\/api.w.org\/{rel}","templated":true}]}}