{"id":116002,"date":"2025-04-11T00:00:00","date_gmt":"2025-04-11T05:00:00","guid":{"rendered":"http:\/\/gpl-love.com\/es\/producto\/publishpress-pro-provides-publishing-plugins-para-wordpress\/"},"modified":"2026-04-10T11:22:29","modified_gmt":"2026-04-10T16:22:29","slug":"publishpress-pro-provides-publishing-plugins-para-wordpress","status":"publish","type":"product","link":"https:\/\/gpl-love.com\/es\/producto\/publishpress-pro-provides-publishing-plugins-para-wordpress\/","title":{"rendered":"PublishPress Pro 4.7.2"},"content":{"rendered":"<h3>PublishPress Pro Caracteristicas<\/h3>\n<p>PublishPress Pro es un sistema de gesti\u00f3n de contenido de vanguardia que satisface las necesidades de las empresas y las personas, con el objetivo de optimizar su flujo de trabajo y mejorar el proceso de publicaci\u00f3n de su contenido. Al ofrecer una interfaz de usuario intuitiva y una gran cantidad de caracter\u00edsticas de edici\u00f3n robustas, PublishPress Pro simplifica la tarea de crear y administrar contenido de primer nivel. Adem\u00e1s, facilita la colaboraci\u00f3n efectiva entre los miembros del equipo, asegurando que todo el contenido no solo est\u00e9 optimizado para motores de b\u00fasqueda y plataformas de redes sociales, sino que tambi\u00e9n exuda calidad. Independientemente de si se identifica como blogger, comercializador o creador de contenido, PublishPress Pro proporciona un conjunto de herramientas integral que comprende diversas herramientas y caracter\u00edsticas, lo que le permite acelerar la creaci\u00f3n y publicaci\u00f3n de contenido excepcional con una eficiencia incomparable. Con las capacidades incomparables de PublishPress Pro, puede elevar sin esfuerzo su contenido a nuevas alturas y lograr sin esfuerzo sus objetivos comerciales.<\/p>\n<ul>\n<li>Proceso de publicaci\u00f3n simplificado y eficiente<\/li>\n<li>Control mejorado sobre la publicaci\u00f3n y programaci\u00f3n de contenido<\/li>\n<li>Extensos flujos de trabajo editoriales para optimizar la creaci\u00f3n de contenido<\/li>\n<li>Sistema de aprobaci\u00f3n de contenido robusto para garantizar la calidad y la coherencia<\/li>\n<li>Revisi\u00f3n de contenido avanzado y funciones de comentarios<\/li>\n<li>Calendario editorial centralizado para una mejor planificaci\u00f3n y organizaci\u00f3n<\/li>\n<li>Integraci\u00f3n con plataformas de redes sociales populares<\/li>\n<li>Gesti\u00f3n integral del usuario para niveles de acceso y permisos variados<\/li>\n<li>Pistas detalladas de registro y auditor\u00eda para mejorar la responsabilidad e informes<\/li>\n<li>Atenci\u00f3n al cliente confiable y actualizaciones y mejoras continuas.<\/li>\n<\/ul>\n","protected":false},"excerpt":{"rendered":"<p>PublishPress Pro es un complemento de administraci\u00f3n de contenido notablemente robusto dise\u00f1ado espec\u00edficamente para WordPress, que sirve como un recurso invaluable para las empresas que buscan optimizar y optimizar su flujo de trabajo de publicaci\u00f3n. Con una variedad de funcionalidades editoriales de vanguardia y una interfaz intuitivamente navegable, este complemento permite a los administradores del sitio web supervisar todos los aspectos de su creaci\u00f3n de contenido, evaluaci\u00f3n y esfuerzos de difusi\u00f3n. Independientemente de si usted es propietario de una empresa modesta, un blogger ardiente o parte de un consorcio de publicaci\u00f3n m\u00e1s amplio, no hace falta decir que PublishPress Pro es un activo indispensable para la gesti\u00f3n efectiva de su producci\u00f3n de contenido, facilitando el desarrollo de narraciones estimulantes que resuenan genuinamente con su audiencia prevista.<\/p>\n","protected":false},"featured_media":167286,"comment_status":"open","ping_status":"open","template":"","meta":[],"product_brand":[2541],"product_cat":[1214,1206,1211],"product_tag":[2135],"class_list":{"0":"post-116002","1":"product","2":"type-product","3":"status-publish","4":"has-post-thumbnail","6":"product_brand-publishpress","7":"product_cat-personalizacion","8":"product_cat-plugins","9":"product_cat-wordpress-plugins","10":"product_tag-publishpress","11":"member-discount","12":"discount-restricted","14":"first","15":"instock","16":"sale","17":"downloadable","18":"virtual","19":"sold-individually","20":"purchasable","21":"product-type-simple"},"_links":{"self":[{"href":"https:\/\/gpl-love.com\/es\/wp-json\/wp\/v2\/product\/116002","targetHints":{"allow":["GET"]}}],"collection":[{"href":"https:\/\/gpl-love.com\/es\/wp-json\/wp\/v2\/product"}],"about":[{"href":"https:\/\/gpl-love.com\/es\/wp-json\/wp\/v2\/types\/product"}],"replies":[{"embeddable":true,"href":"https:\/\/gpl-love.com\/es\/wp-json\/wp\/v2\/comments?post=116002"}],"wp:featuredmedia":[{"embeddable":true,"href":"https:\/\/gpl-love.com\/es\/wp-json\/wp\/v2\/media\/167286"}],"wp:attachment":[{"href":"https:\/\/gpl-love.com\/es\/wp-json\/wp\/v2\/media?parent=116002"}],"wp:term":[{"taxonomy":"product_brand","embeddable":true,"href":"https:\/\/gpl-love.com\/es\/wp-json\/wp\/v2\/product_brand?post=116002"},{"taxonomy":"product_cat","embeddable":true,"href":"https:\/\/gpl-love.com\/es\/wp-json\/wp\/v2\/product_cat?post=116002"},{"taxonomy":"product_tag","embeddable":true,"href":"https:\/\/gpl-love.com\/es\/wp-json\/wp\/v2\/product_tag?post=116002"}],"curies":[{"name":"wp","href":"https:\/\/api.w.org\/{rel}","templated":true}]}}