{"id":116000,"date":"2022-02-12T00:00:00","date_gmt":"2022-02-12T05:00:00","guid":{"rendered":"http:\/\/gpl-love.com\/es\/producto\/paper-plane-creative-parallax-wordpress-blog-theme\/"},"modified":"2026-04-10T11:21:17","modified_gmt":"2026-04-10T16:21:17","slug":"paper-plane-creative-parallax-wordpress-blog-theme","status":"publish","type":"product","link":"https:\/\/gpl-love.com\/es\/producto\/paper-plane-creative-parallax-wordpress-blog-theme\/","title":{"rendered":"Paper Plane Creative Parallax WordPress Blog Theme 1.1.1"},"content":{"rendered":"<h3>Paper Plane Creative Parallax WordPress Blog Theme Caracteristicas<\/h3>\n<p>Si usted es un blogger en busca de un sitio web que no solo es receptivo y moderno, sino que tambi\u00e9n es visualmente impresionante, entonces el tema del blog creativo de WordPress del plano de papel ser\u00eda una opci\u00f3n excelente. Este tema ha sido dise\u00f1ado con una caracter\u00edstica de paralaje que, cuando se implementa, crea una sensaci\u00f3n de profundidad y movimiento dentro de su sitio web, cautivando e involucrando a sus lectores en un nivel completamente nuevo. Adem\u00e1s, el dise\u00f1o de este tema es incre\u00edblemente flexible, ofreci\u00e9ndole una gran cantidad de opciones tanto para su p\u00e1gina de inicio como para los dise\u00f1os posteriores. Otro aspecto notable de este tema es su compatibilidad con Gutenberg, una herramienta que le otorga un control a\u00fan m\u00e1s creativo sobre su contenido. Y no olvidemos el hecho de que el tema del plano de papel es totalmente personalizable: desde las fuentes hasta los colores y los fondos, tiene el poder de hacerlo realmente suyo. Adem\u00e1s, este tema se ha optimizado para los motores de b\u00fasqueda, asegurando que su contenido se pueda descubrir f\u00e1cilmente por quienes lo buscan. En general, si eres un blogger anhelante un sitio web que no solo parece profesional, sino que tambi\u00e9n es f\u00e1cil de usar y personalizable, entonces el tema del blog creativo de WordPress creativo de Paper Plane es definitivamente el camino a seguir.<\/p>\n<ul>\n<li>Dise\u00f1o de paralaje visualmente llamativo<\/li>\n<li>Opciones de dise\u00f1o flexibles y personalizables<\/li>\n<li>Construido con las \u00faltimas tecnolog\u00edas web<\/li>\n<li>Interfaz f\u00e1cil de usar y navegar<\/li>\n<li>Totalmente receptivo para una visualizaci\u00f3n perfecta en todos los dispositivos<\/li>\n<li>Optimizado para la optimizaci\u00f3n de motores de b\u00fasqueda (SEO)<\/li>\n<li>M\u00faltiples formatos de publicaci\u00f3n que incluyen audio y video<\/li>\n<li>Integraci\u00f3n con plataformas de redes sociales<\/li>\n<li>Barra lateral widgetizada y \u00e1reas de pie de p\u00e1gina para una funcionalidad mejorada<\/li>\n<li>Documentaci\u00f3n integral y atenci\u00f3n al cliente.<\/li>\n<\/ul>\n","protected":false},"excerpt":{"rendered":"<p>Estamos encantados de presentarle el notable plano de papel creative Parallax WordPress Blog Blog, una soluci\u00f3n excepcional dise\u00f1ada espec\u00edficamente para bloggers que aspiran a distinguirse de las masas. Este tema cuenta con efectos de paralaje cautivadores, un dise\u00f1o receptivo que se adapta perfectamente a varios dispositivos, y una variedad de caracter\u00edsticas f\u00e1ciles de usar, lo que lo convierte en el ep\u00edtome de la perfecci\u00f3n para mostrar su contenido incomparable y fomentar interacciones significativas con su lectura devota. Independientemente de si ya ha establecido una presencia formidable en la blog\u00f3sfera o si se est\u00e1 embarcando en este emocionante viaje, tenga la seguridad de que el tema del blog creativo de WordPress creativo de Paper Plane elevar\u00e1 sin duda su blog a alturas incomparables.<\/p>\n","protected":false},"featured_media":167173,"comment_status":"open","ping_status":"open","template":"","meta":[],"product_brand":[2337],"product_cat":[1267,1237,1238],"product_tag":[1391],"class_list":{"0":"post-116000","1":"product","2":"type-product","3":"status-publish","4":"has-post-thumbnail","6":"product_brand-themeforest","7":"product_cat-creativo","8":"product_cat-temas","9":"product_cat-wordpress-temas","10":"product_tag-themeforest","11":"member-discount","12":"discount-restricted","14":"first","15":"instock","16":"sale","17":"downloadable","18":"virtual","19":"sold-individually","20":"purchasable","21":"product-type-simple"},"_links":{"self":[{"href":"https:\/\/gpl-love.com\/es\/wp-json\/wp\/v2\/product\/116000","targetHints":{"allow":["GET"]}}],"collection":[{"href":"https:\/\/gpl-love.com\/es\/wp-json\/wp\/v2\/product"}],"about":[{"href":"https:\/\/gpl-love.com\/es\/wp-json\/wp\/v2\/types\/product"}],"replies":[{"embeddable":true,"href":"https:\/\/gpl-love.com\/es\/wp-json\/wp\/v2\/comments?post=116000"}],"wp:featuredmedia":[{"embeddable":true,"href":"https:\/\/gpl-love.com\/es\/wp-json\/wp\/v2\/media\/167173"}],"wp:attachment":[{"href":"https:\/\/gpl-love.com\/es\/wp-json\/wp\/v2\/media?parent=116000"}],"wp:term":[{"taxonomy":"product_brand","embeddable":true,"href":"https:\/\/gpl-love.com\/es\/wp-json\/wp\/v2\/product_brand?post=116000"},{"taxonomy":"product_cat","embeddable":true,"href":"https:\/\/gpl-love.com\/es\/wp-json\/wp\/v2\/product_cat?post=116000"},{"taxonomy":"product_tag","embeddable":true,"href":"https:\/\/gpl-love.com\/es\/wp-json\/wp\/v2\/product_tag?post=116000"}],"curies":[{"name":"wp","href":"https:\/\/api.w.org\/{rel}","templated":true}]}}