{"id":115979,"date":"2022-04-15T00:00:00","date_gmt":"2022-04-15T05:00:00","guid":{"rendered":"http:\/\/gpl-love.com\/es\/?post_type=product&#038;p=115979"},"modified":"2026-03-09T07:19:49","modified_gmt":"2026-03-09T12:19:49","slug":"ax-social-stream-wordpress-plugin","status":"publish","type":"product","link":"https:\/\/gpl-love.com\/es\/producto\/ax-social-stream-wordpress-plugin\/","title":{"rendered":"AX Social Stream WordPress Plugin 3.9.10"},"content":{"rendered":"<h3>AX Social Stream WordPress Plugin Caracteristicas<\/h3>\n<p>El complemento AX Social Stream WordPress es una herramienta incre\u00edblemente robusta y din\u00e1mica que ha sido dise\u00f1ada espec\u00edficamente para elevar y amplificar la presencia en las redes sociales de su sitio web a nuevas alturas. Este notable complemento amalgama y consolida una gran cantidad de contenido diverso de una multitud de plataformas de redes sociales altamente populares y ampliamente utilizadas, incluidas las gustas de Twitter, Facebook, Instagram y YouTube, y luego exhibidas y exhiben esta amalgamaci\u00f3n en una amalgamaci\u00f3n completamente personalizada. y transmisi\u00f3n a medida que est\u00e1 integrada meticulosa e intrincadamente en el marco de su sitio web. Con este complemento innovador, tiene la notable capacidad y la flexibilidad ilimitada para seleccionar meticulosamente y seleccionar a mano cuentas y hashtags espec\u00edficos que desea exhibir y exhibir, al tiempo que ejerce la prerrogativa autorizada a filtrar sin esfuerzo y expedentemente y eliminar cualquier y todo contenido irrelevante y extra\u00f1o que puede afectar negativamente la coherencia general y la fluidez de su sitio web. Adem\u00e1s, el complemento Axe Social Stream cuenta y exhibe con orgullo una sensibilidad de dise\u00f1o elegante, pulida y est\u00e9ticamente agradable que armoniza sin esfuerzo con la experiencia est\u00e9tica y visual general de su sitio web, dotando y empoderando a los visitantes de su sitio web con una experiencia inmersiva y cautivadora con una experiencia inmersiva y cautivadora con una experiencia inmersiva y cautivadora. Eso sin duda cautivar\u00e1 y cautivar\u00e1 sus sentidos. Adem\u00e1s, este complemento ejemplar tambi\u00e9n agiliza y simplifica impecablemente y simplifica la experiencia general de la interfaz de usuario, lo que lo hace asombrosamente f\u00e1cil de usar y notablemente accesible para las personas m\u00e1s novatas e inexpertas. En conclusi\u00f3n, la gran eficacia y la potencia pura que el complemento Ax Social Stream aporta a la tabla proverbial es incomparable e indomable y sin duda servir\u00e1 como un activo invaluable e indispensable para su sitio web, asegurando que los visitantes de su sitio web est\u00e9n constantemente comprometidos y constantemente comprometidos, Iluminado y mantenido actualizado con los \u00faltimos desarrollos y actividades que se producen dentro del amplio y din\u00e1mico reino de su presencia en las redes sociales.<\/p>\n<ul>\n<li>Muestra alimentos en las redes sociales (incluidos Facebook, Twitter, Instagram y YouTube) directamente en su sitio web de WordPress<\/li>\n<li>Las opciones de visualizaci\u00f3n personalizables le permiten elegir el n\u00famero de publicaciones para mostrar, el dise\u00f1o de la alimentaci\u00f3n y el estilo del contenido<\/li>\n<li>Incluye una funci\u00f3n de b\u00fasqueda incorporada para encontrar publicaciones espec\u00edficas, as\u00ed como opciones de filtrado por hashtag o nombre de usuario<\/li>\n<li>Opciones de moderaci\u00f3n y filtrado de contenido para garantizar que solo se muestren publicaciones apropiadas en su sitio<\/li>\n<li>Actualizaciones autom\u00e1ticas aseguran que su feed de redes sociales siempre est\u00e9 actual y actualizado<\/li>\n<li>El dise\u00f1o receptivo asegura que su flujo social se vea muy bien en cualquier dispositivo, desde escritorio hasta m\u00f3vil<\/li>\n<li>Las opciones de intercambio social permiten a sus visitantes compartir f\u00e1cilmente su contenido en sus propios canales de redes sociales<\/li>\n<li>Se integra a la perfecci\u00f3n con su tema y complementos existentes de WordPress para un proceso de configuraci\u00f3n simplificado y simple<\/li>\n<li>Excelente servicio al cliente y documentaci\u00f3n disponible para ayudar con cualquier pregunta o problema que pueda encontrar<\/li>\n<\/ul>\n","protected":false},"excerpt":{"rendered":"<p>Experimente una integraci\u00f3n de redes sociales perfectas en su sitio web con nuestro complemento AX Social Stream WordPress. Este complemento innovador le permite combinar todas sus interacciones en las redes sociales en una sola secuencia de red o crear una sola feed para m\u00faltiples perfiles de redes sociales. Es compatible con 14 redes sociales populares como Facebook, Twitter, Instagram, YouTube y m\u00e1s, asegurando una presencia integral de las redes sociales para su plataforma en l\u00ednea.<\/p>\n<p>Para mayor comodidad, el complemento tambi\u00e9n admite un dise\u00f1o totalmente receptivo y presenta un dise\u00f1o moderno y elegante que se puede personalizar para que coincida con las est\u00e9ticas de su sitio web. Tambi\u00e9n incluye una poderosa funci\u00f3n de botones para compartir, lo que facilita a sus visitantes compartir su contenido y expandir su alcance en l\u00ednea.<\/p>\n<p>Adem\u00e1s, el complemento AX Social Stream WordPress ofrece un sistema de filtrado robusto, lo que le permite controlar el tipo de contenido que aparece en su feed. Tambi\u00e9n admite m\u00faltiples dise\u00f1os que incluyen una cuadr\u00edcula, una l\u00ednea de tiempo, rotaci\u00f3n y m\u00e1s, proporcionando una experiencia de navegaci\u00f3n din\u00e1mica y atractiva para sus usuarios.<\/p>\n<p>Si eres un blogger, un negocio<\/p>\n","protected":false},"featured_media":165451,"comment_status":"open","ping_status":"open","template":"","meta":[],"product_brand":[2339],"product_cat":[1214,1206,1211],"product_tag":[1256],"class_list":{"0":"post-115979","1":"product","2":"type-product","3":"status-publish","4":"has-post-thumbnail","6":"product_brand-codecanyon","7":"product_cat-personalizacion","8":"product_cat-plugins","9":"product_cat-wordpress-plugins","10":"product_tag-codecanyon","11":"member-discount","12":"discount-restricted","14":"first","15":"instock","16":"sale","17":"downloadable","18":"virtual","19":"sold-individually","20":"purchasable","21":"product-type-simple"},"_links":{"self":[{"href":"https:\/\/gpl-love.com\/es\/wp-json\/wp\/v2\/product\/115979","targetHints":{"allow":["GET"]}}],"collection":[{"href":"https:\/\/gpl-love.com\/es\/wp-json\/wp\/v2\/product"}],"about":[{"href":"https:\/\/gpl-love.com\/es\/wp-json\/wp\/v2\/types\/product"}],"replies":[{"embeddable":true,"href":"https:\/\/gpl-love.com\/es\/wp-json\/wp\/v2\/comments?post=115979"}],"wp:featuredmedia":[{"embeddable":true,"href":"https:\/\/gpl-love.com\/es\/wp-json\/wp\/v2\/media\/165451"}],"wp:attachment":[{"href":"https:\/\/gpl-love.com\/es\/wp-json\/wp\/v2\/media?parent=115979"}],"wp:term":[{"taxonomy":"product_brand","embeddable":true,"href":"https:\/\/gpl-love.com\/es\/wp-json\/wp\/v2\/product_brand?post=115979"},{"taxonomy":"product_cat","embeddable":true,"href":"https:\/\/gpl-love.com\/es\/wp-json\/wp\/v2\/product_cat?post=115979"},{"taxonomy":"product_tag","embeddable":true,"href":"https:\/\/gpl-love.com\/es\/wp-json\/wp\/v2\/product_tag?post=115979"}],"curies":[{"name":"wp","href":"https:\/\/api.w.org\/{rel}","templated":true}]}}