{"id":115977,"date":"2022-02-21T00:00:00","date_gmt":"2022-02-21T05:00:00","guid":{"rendered":"http:\/\/gpl-love.com\/es\/?post_type=product&#038;p=115977"},"modified":"2026-03-09T07:41:51","modified_gmt":"2026-03-09T12:41:51","slug":"gutencon-marketing-y-seo-booster-listing-y-review-builder-para-gutenberg","status":"publish","type":"product","link":"https:\/\/gpl-love.com\/es\/producto\/gutencon-marketing-y-seo-booster-listing-y-review-builder-para-gutenberg\/","title":{"rendered":"Gutencon Marketing y SEO Booster Listing y Review Builder para Gutenberg 5.2"},"content":{"rendered":"<h3>Gutencon Marketing y SEO Booster Listing y Review Builder para Gutenberg Caracteristicas<\/h3>\n<p>La lista de revisiones y listados de refuerzo de marketing y SEO de Gutencon para Gutenberg es una herramienta incre\u00edblemente poderosa que ha sido meticulosamente dise\u00f1ada para mejorar significativamente el rendimiento general de su sitio web al mejorar y reforzar efectivamente su estrategia de SEO. Al utilizar este producto excepcional, podr\u00e1 incorporar sin esfuerzo los bloques de listado y revisi\u00f3n en su sitio web, ayudando en gran medida a atraer un mayor volumen de tr\u00e1fico y posteriormente amplificar la visibilidad general de su sitio web. Con Gutencon, poseer\u00e1 la notable capacidad de generar contenido visualmente atractivo y cautivador, todo mientras optimiza sistem\u00e1ticamente su sitio web para maximizar su clasificaci\u00f3n en varios motores de b\u00fasqueda. Ya sea que sea un profesional de marketing consumado y experimentado o un novato incipiente que busque ansiosamente reforzar y mejorar el rendimiento de su sitio web, la lista de refuerzo de marketing y SEO de Gutencon y revisi\u00f3n del constructor, sin duda, sirve como una opci\u00f3n ejemplar que garantiza resultados notables.<\/p>\n<ul>\n<li>Aumentar la visibilidad en l\u00ednea con herramientas de marketing y SEO de expertos<\/li>\n<li>Cree p\u00e1ginas de listado y revisi\u00f3n profesional f\u00e1cilmente con Gutenberg<\/li>\n<li>Plantillas totalmente personalizables para una presencia en l\u00ednea \u00fanica y atractiva<\/li>\n<li>Optimizar su contenido para palabras clave y frases espec\u00edficas<\/li>\n<li>Rastree y analice el rendimiento de su sitio web con an\u00e1lisis detallados<\/li>\n<li>Cree una presencia en l\u00ednea din\u00e1mica y compartible que traer\u00e1 nuevos clientes y clientes<\/li>\n<li>Compartir en redes sociales integradas para una mayor exposici\u00f3n<\/li>\n<li>Gestionar sin esfuerzo revisiones y comentarios con herramientas de moderaci\u00f3n experta<\/li>\n<li>Aumente la clasificaci\u00f3n de su sitio web en los motores de b\u00fasqueda para un mayor \u00e9xito en l\u00ednea<\/li>\n<\/ul>\n","protected":false},"excerpt":{"rendered":"<p>Gutencon Marketing y SEO Booster, un innovador constructor de listados y revisiones, ha sido dise\u00f1ado espec\u00edficamente para Gutenberg para ofrecer una soluci\u00f3n avanzada e integral. Esta herramienta cuenta con una interfaz robusta e intuitiva que amplifica efectivamente los esfuerzos de marketing y SEO de su sitio web. Al utilizar Gutencon, est\u00e1 facultado para generar sin esfuerzo listados y revisiones que se alinean perfectamente con su estilo de dise\u00f1o preferido, al tiempo que optimiza su contenido para lograr una clasificaci\u00f3n de motores de b\u00fasqueda m\u00e1s altas. Aprovechando su tecnolog\u00eda de vanguardia, Gutencon optimiza el proceso de crear campa\u00f1as de marketing y SEO altamente impactantes, lo que le permite lograr resultados notables dentro de un marco de tiempo significativamente reducido. La experiencia mejor\u00f3 el tr\u00e1fico, la afluencia de clientes potenciales y un aumento de las conversiones al adoptar las notables capacidades del marketing de Gutencon y el refuerzo de SEO. \u00a1Aprovecha esta notable herramienta hoy y presencie su potencial transformador de primera mano!<\/p>\n","protected":false},"featured_media":166399,"comment_status":"open","ping_status":"open","template":"","meta":[],"product_brand":[2339],"product_cat":[1214,1206,1211],"product_tag":[1256],"class_list":{"0":"post-115977","1":"product","2":"type-product","3":"status-publish","4":"has-post-thumbnail","6":"product_brand-codecanyon","7":"product_cat-personalizacion","8":"product_cat-plugins","9":"product_cat-wordpress-plugins","10":"product_tag-codecanyon","11":"member-discount","12":"discount-restricted","14":"first","15":"instock","16":"sale","17":"downloadable","18":"virtual","19":"sold-individually","20":"purchasable","21":"product-type-simple"},"_links":{"self":[{"href":"https:\/\/gpl-love.com\/es\/wp-json\/wp\/v2\/product\/115977","targetHints":{"allow":["GET"]}}],"collection":[{"href":"https:\/\/gpl-love.com\/es\/wp-json\/wp\/v2\/product"}],"about":[{"href":"https:\/\/gpl-love.com\/es\/wp-json\/wp\/v2\/types\/product"}],"replies":[{"embeddable":true,"href":"https:\/\/gpl-love.com\/es\/wp-json\/wp\/v2\/comments?post=115977"}],"wp:featuredmedia":[{"embeddable":true,"href":"https:\/\/gpl-love.com\/es\/wp-json\/wp\/v2\/media\/166399"}],"wp:attachment":[{"href":"https:\/\/gpl-love.com\/es\/wp-json\/wp\/v2\/media?parent=115977"}],"wp:term":[{"taxonomy":"product_brand","embeddable":true,"href":"https:\/\/gpl-love.com\/es\/wp-json\/wp\/v2\/product_brand?post=115977"},{"taxonomy":"product_cat","embeddable":true,"href":"https:\/\/gpl-love.com\/es\/wp-json\/wp\/v2\/product_cat?post=115977"},{"taxonomy":"product_tag","embeddable":true,"href":"https:\/\/gpl-love.com\/es\/wp-json\/wp\/v2\/product_tag?post=115977"}],"curies":[{"name":"wp","href":"https:\/\/api.w.org\/{rel}","templated":true}]}}