{"id":115960,"date":"2021-08-11T00:00:00","date_gmt":"2021-08-11T05:00:00","guid":{"rendered":"http:\/\/gpl-love.com\/es\/?post_type=product&#038;p=115960"},"modified":"2026-03-13T17:20:59","modified_gmt":"2026-03-13T22:20:59","slug":"foden-multipurpose-woocommerce-theme","status":"publish","type":"product","link":"https:\/\/gpl-love.com\/es\/producto\/foden-multipurpose-woocommerce-theme\/","title":{"rendered":"Foden Multipurpose WooCommerce Theme 1.0.8"},"content":{"rendered":"<h3>Foden Multipurpose WooCommerce Theme Caracteristicas<\/h3>\n<p>El tema de WooCommerce multiprop\u00f3sito Foden ofrece una amplia gama de posibilidades para la personalizaci\u00f3n, por lo que es una opci\u00f3n ideal para las empresas en l\u00ednea que buscan exhibir su diversa gama de productos y servicios. Con una est\u00e9tica elegante y contempor\u00e1nea, este tema atiende perfectamente a todo tipo de sitios web de comercio electr\u00f3nico, ya sean aquellos especializados en moda y belleza o aquellos centrados en tecnolog\u00eda y art\u00edculos para el hogar. La integraci\u00f3n con WooCommerce simplifica la gesti\u00f3n de su tienda, mientras que la inclusi\u00f3n de caracter\u00edsticas impresionantes, como el dise\u00f1o receptivo, encabezados y pies de p\u00e1gina personalizables, y m\u00faltiples dise\u00f1os de la p\u00e1gina de inicio le facilita la construcci\u00f3n de una tienda en l\u00ednea distinta que muestra efectivamente su marca. Al utilizar Foden, tiene los medios para impulsar su negocio en l\u00ednea a nuevas alturas y otorgar a sus clientes una experiencia de compra incomparable.<\/p>\n<ul>\n<li>Un tema de WooCommerce vers\u00e1til y din\u00e1mico dise\u00f1ado para empresas de todos los tama\u00f1os<\/li>\n<li>Construido con una gama de caracter\u00edsticas y funciones \u00fatiles para mejorar la experiencia del usuario<\/li>\n<li>Proporciona un aspecto moderno, elegante y profesional para su plataforma de comercio electr\u00f3nico<\/li>\n<li>Caracter\u00edsticas personalizables para adaptar el tema a la identidad de su marca<\/li>\n<li>M\u00f3vil que responde para garantizar la accesibilidad en una variedad de dispositivos<\/li>\n<li>Plantillas f\u00e1ciles de usar y personalizables para dise\u00f1os de productos y categor\u00edas<\/li>\n<li>Integraci\u00f3n con una variedad de complementos y extensiones para mejorar la plataforma<\/li>\n<li>SEO optimizado para ayudar a sus productos a clasificarse en los resultados de los motores de b\u00fasqueda<\/li>\n<li>Una gama de poderosas herramientas de marketing para promociones y gesti\u00f3n de la venta<\/li>\n<li>Actualizaciones regulares y soporte dedicado para garantizar el funcionamiento sin problemas de su plataforma de comercio electr\u00f3nico.<\/li>\n<\/ul>\n","protected":false},"excerpt":{"rendered":"<p>Nos complace presentarle el tema de WooCommerce multiprop\u00f3sito Foden, un tema muy robusto y adaptable que est\u00e1 hecho a medida para empresas en l\u00ednea de cualquier magnitud. Este tema extraordinario cuenta con un dise\u00f1o visualmente cautivador y una variedad de caracter\u00edsticas personalizables que le permiten exhibir su mercanc\u00eda de la manera m\u00e1s favorable, amplificando as\u00ed la participaci\u00f3n del usuario y las ventas propulsoras. Gracias a su compatibilidad innata con WooCommerce, la plataforma l\u00edder de comercio electr\u00f3nico, establecer su tienda web e iniciar el proceso de venta de sus productos nunca ha sido m\u00e1s f\u00e1cil. Adem\u00e1s, el tema de WooCommerce multiprop\u00f3sito Foden es totalmente receptivo, lo que lo hace accesible sin esfuerzo en todo tipo de dispositivos, asegurando as\u00ed un acceso sin problemas a su tienda para su estimada clientela, independientemente de su ubicaci\u00f3n. Entonces, \u00bfpor qu\u00e9 retrasar m\u00e1s? \u00a1Eleve su negocio en l\u00ednea a alturas sin precedentes adoptando las notables capacidades del tema de WooCommerce multiprop\u00f3sito Foden hoy!<\/p>\n","protected":false},"featured_media":166127,"comment_status":"open","ping_status":"open","template":"","meta":[],"product_brand":[2337],"product_cat":[1239,1237,1238],"product_tag":[1391],"class_list":{"0":"post-115960","1":"product","2":"type-product","3":"status-publish","4":"has-post-thumbnail","6":"product_brand-themeforest","7":"product_cat-de-multiples-fines","8":"product_cat-temas","9":"product_cat-wordpress-temas","10":"product_tag-themeforest","11":"member-discount","12":"discount-restricted","14":"first","15":"instock","16":"sale","17":"downloadable","18":"virtual","19":"sold-individually","20":"purchasable","21":"product-type-simple"},"_links":{"self":[{"href":"https:\/\/gpl-love.com\/es\/wp-json\/wp\/v2\/product\/115960","targetHints":{"allow":["GET"]}}],"collection":[{"href":"https:\/\/gpl-love.com\/es\/wp-json\/wp\/v2\/product"}],"about":[{"href":"https:\/\/gpl-love.com\/es\/wp-json\/wp\/v2\/types\/product"}],"replies":[{"embeddable":true,"href":"https:\/\/gpl-love.com\/es\/wp-json\/wp\/v2\/comments?post=115960"}],"wp:featuredmedia":[{"embeddable":true,"href":"https:\/\/gpl-love.com\/es\/wp-json\/wp\/v2\/media\/166127"}],"wp:attachment":[{"href":"https:\/\/gpl-love.com\/es\/wp-json\/wp\/v2\/media?parent=115960"}],"wp:term":[{"taxonomy":"product_brand","embeddable":true,"href":"https:\/\/gpl-love.com\/es\/wp-json\/wp\/v2\/product_brand?post=115960"},{"taxonomy":"product_cat","embeddable":true,"href":"https:\/\/gpl-love.com\/es\/wp-json\/wp\/v2\/product_cat?post=115960"},{"taxonomy":"product_tag","embeddable":true,"href":"https:\/\/gpl-love.com\/es\/wp-json\/wp\/v2\/product_tag?post=115960"}],"curies":[{"name":"wp","href":"https:\/\/api.w.org\/{rel}","templated":true}]}}