{"id":115954,"date":"2021-08-11T00:00:00","date_gmt":"2021-08-11T05:00:00","guid":{"rendered":"http:\/\/gpl-love.com\/es\/?post_type=product&#038;p=115954"},"modified":"2026-03-13T17:18:11","modified_gmt":"2026-03-13T22:18:11","slug":"crust-multipurpose-wordpress-theme","status":"publish","type":"product","link":"https:\/\/gpl-love.com\/es\/producto\/crust-multipurpose-wordpress-theme\/","title":{"rendered":"Crust Multipurpose WordPress Theme 1.0.1"},"content":{"rendered":"<h3>Crust Multipurpose WordPress Theme Caracteristicas<\/h3>\n<p>El tema de WordPress multiprop\u00f3sito de la corteza exhibe un alto grado de versatilidad y flexibilidad, lo que lo hace adecuado para una extensa variedad de sitios web. Con un dise\u00f1o limpio y contempor\u00e1neo, este tema es particularmente adecuado para empresas, agencias creativas, tiendas en l\u00ednea y m\u00e1s all\u00e1. Ofreciendo una variedad de caracter\u00edsticas personalizables, que incluyen m\u00faltiples dise\u00f1os de la p\u00e1gina de inicio, opciones personalizables de encabezado y pie de p\u00e1gina, selecciones avanzadas de tipograf\u00eda, as\u00ed como un poderoso constructor de p\u00e1ginas, el tema indudablemente atiende las preferencias individuales. Adem\u00e1s, se adapta a la perfecci\u00f3n a varios dispositivos, siendo totalmente receptivos y amigables con los dispositivos m\u00f3viles, al tiempo que prioriza la optimizaci\u00f3n de motores de b\u00fasqueda. Independientemente del nivel de especializaci\u00f3n de uno, ya sea un desarrollador novato o experimentado, el tema de WordPress multiprop\u00f3sito de la corteza permite sin esfuerzo la creaci\u00f3n de un sitio web profesional visualmente llamativo y profesional que se alinea con los requisitos \u00fanicos.<\/p>\n<ul>\n<li>Tema de WordPress multiprop\u00f3sito personalizable y flexible<\/li>\n<li>12 p\u00e1ginas de inicio predise\u00f1adas y 15 p\u00e1ginas interiores listas para usar<\/li>\n<li>Visual Page Builder y personalizador en vivo para una f\u00e1cil personalizaci\u00f3n<\/li>\n<li>Integraci\u00f3n de WooCommerce para la funcionalidad de comercio electr\u00f3nico<\/li>\n<li>Dise\u00f1o totalmente receptivo y amigable para m\u00f3viles<\/li>\n<li>600+ Fuentes de Google y opciones de color ilimitadas<\/li>\n<li>C\u00f3digo optimizado para tiempos de carga m\u00e1s r\u00e1pidos<\/li>\n<li>SEO amigable con el marcado de esquema incorporado<\/li>\n<li>Compatible con los principales complementos de WordPress<\/li>\n<li>Integraci\u00f3n de las redes sociales con \u00edconos personalizables<\/li>\n<li>Atenci\u00f3n al cliente 24\/7 disponible<\/li>\n<\/ul>\n","protected":false},"excerpt":{"rendered":"<p>Descubra la potencia y la flexibilidad del tema de WordPress multiprop\u00f3sito de la corteza. Perfecto para cualquier tipo de sitio web, este tema est\u00e1 dise\u00f1ado para satisfacer las necesidades de bloggers, negocios, trabajadores independientes y creativos por igual. Con su dise\u00f1o receptivo, se ajusta sin problemas a cualquier tama\u00f1o de pantalla, proporcionando una experiencia de usuario fant\u00e1stica en los dispositivos de escritorio y m\u00f3viles. El tema viene con una gran cantidad de opciones de personalizaci\u00f3n, lo que le permite personalizar f\u00e1cilmente su sitio y hacer que se destaque. Ya sea que est\u00e9 configurando una cartera, una tienda de comercio electr\u00f3nico o un sitio web de la empresa, la corteza es lo suficientemente vers\u00e1til como para manejarlo todo. Adem\u00e1s, el tema es amigable con SEO, lo que ayuda a aumentar su visibilidad en l\u00ednea y atraer a m\u00e1s visitantes. Experimente la conveniencia y la funcionalidad del tema de WordPress multiprop\u00f3sito de la corteza hoy.<\/p>\n","protected":false},"featured_media":165681,"comment_status":"open","ping_status":"open","template":"","meta":[],"product_brand":[2337],"product_cat":[1239,1237,1238],"product_tag":[1391],"class_list":{"0":"post-115954","1":"product","2":"type-product","3":"status-publish","4":"has-post-thumbnail","6":"product_brand-themeforest","7":"product_cat-de-multiples-fines","8":"product_cat-temas","9":"product_cat-wordpress-temas","10":"product_tag-themeforest","11":"member-discount","12":"discount-restricted","14":"first","15":"instock","16":"sale","17":"downloadable","18":"virtual","19":"sold-individually","20":"purchasable","21":"product-type-simple"},"_links":{"self":[{"href":"https:\/\/gpl-love.com\/es\/wp-json\/wp\/v2\/product\/115954","targetHints":{"allow":["GET"]}}],"collection":[{"href":"https:\/\/gpl-love.com\/es\/wp-json\/wp\/v2\/product"}],"about":[{"href":"https:\/\/gpl-love.com\/es\/wp-json\/wp\/v2\/types\/product"}],"replies":[{"embeddable":true,"href":"https:\/\/gpl-love.com\/es\/wp-json\/wp\/v2\/comments?post=115954"}],"wp:featuredmedia":[{"embeddable":true,"href":"https:\/\/gpl-love.com\/es\/wp-json\/wp\/v2\/media\/165681"}],"wp:attachment":[{"href":"https:\/\/gpl-love.com\/es\/wp-json\/wp\/v2\/media?parent=115954"}],"wp:term":[{"taxonomy":"product_brand","embeddable":true,"href":"https:\/\/gpl-love.com\/es\/wp-json\/wp\/v2\/product_brand?post=115954"},{"taxonomy":"product_cat","embeddable":true,"href":"https:\/\/gpl-love.com\/es\/wp-json\/wp\/v2\/product_cat?post=115954"},{"taxonomy":"product_tag","embeddable":true,"href":"https:\/\/gpl-love.com\/es\/wp-json\/wp\/v2\/product_tag?post=115954"}],"curies":[{"name":"wp","href":"https:\/\/api.w.org\/{rel}","templated":true}]}}