{"id":115952,"date":"2021-08-11T00:00:00","date_gmt":"2021-08-11T05:00:00","guid":{"rendered":"http:\/\/gpl-love.com\/es\/?post_type=product&#038;p=115952"},"modified":"2026-04-10T11:17:21","modified_gmt":"2026-04-10T16:17:21","slug":"multistep-product-configurator-para-woocommerce","status":"publish","type":"product","link":"https:\/\/gpl-love.com\/es\/producto\/multistep-product-configurator-para-woocommerce\/","title":{"rendered":"Multistep Product Configurator para WooCommerce 1.2.5"},"content":{"rendered":"<h3>Multistep Product Configurator para WooCommerce Caracteristicas<\/h3>\n<p>El configurador de productos de varios pasos para WooCommerce es una herramienta incre\u00edblemente potente y robusta que le otorga la capacidad de configurar y personalizar sin esfuerzo sus productos. Con su multitud de pasos y gran cantidad de caracter\u00edsticas avanzadas, esta herramienta realmente simplifica el proceso de configuraci\u00f3n del producto. Adem\u00e1s, este complemento ha sido meticulosamente dise\u00f1ado para integrarse perfectamente con WooCommerce, proporcion\u00e1ndole la capacidad de crear productos personalizados sin esfuerzo. El configurador de productos de varios pasos lo equipa con la capacidad de personalizar las opciones de productos, incorporar campos personalizados y establecer reglas de precios que se alineen con sus requisitos espec\u00edficos. Adem\u00e1s, este complemento muestra una interfaz intuitiva y f\u00e1cil de usar que agiliza el proceso de configuraci\u00f3n del producto, lo que lo hace sin complicaciones y transparentes. Como resultado, esta herramienta finalmente facilita un aumento en las ventas y genera m\u00e1s ingresos para su negocio. Independientemente de si est\u00e1 vendiendo productos tangibles o digitales, el configurador de productos de varios pasos reina como la soluci\u00f3n definitiva para elaborar productos a medida que satisfacen las demandas y preferencias \u00fanicas de sus clientes.<\/p>\n<ul>\n<li>Una herramienta potente y personalizable que permite a los clientes configurar y personalizar f\u00e1cilmente sus productos antes de comprar<\/li>\n<li>Una integraci\u00f3n perfecta con WooCommerce, asegurando un proceso de pago suave y eficiente<\/li>\n<li>La capacidad de crear configuraciones de productos complejas, incluidas m\u00faltiples opciones, dependencias y l\u00f3gica condicional.<\/li>\n<li>Una interfaz de arrastrar y soltar que simplifica el proceso de construcci\u00f3n y administraci\u00f3n de configuraciones de productos<\/li>\n<li>Flexibilidad completa para establecer reglas y opciones de precios, integr\u00e1ndose perfectamente con el sistema de precios de su tienda<\/li>\n<li>La creaci\u00f3n de vistas de productos generadas din\u00e1micamente totalmente personalizables, lo que permite a los clientes ver su producto personalizado antes de la compra<\/li>\n<li>La capacidad de utilizar el configurador de varios pasos para una amplia variedad de productos que incluyen electr\u00f3nica personalizable, regalos personalizados y productos hechos a pedido.<\/li>\n<li>Una amplia gama de caracter\u00edsticas de personalizaci\u00f3n que incluyen selecci\u00f3n de color, tama\u00f1o, preferencia de estilo y m\u00e1s<\/li>\n<li>Un alto grado de facilidad de uso, asegurando que incluso los usuarios no t\u00e9cnicos puedan utilizar f\u00e1cilmente la herramienta para crear productos \u00fanicos y personalizados.<\/li>\n<li>La capacidad de monitorear y rastrear el progreso de la configuraci\u00f3n de cada cliente, guardando y regresando a los carros seg\u00fan sea necesario.<\/li>\n<\/ul>\n","protected":false},"excerpt":{"rendered":"<p>El configurador de productos de varios pasos para WooCommerce surge como una soluci\u00f3n ideal para plataformas de comercio electr\u00f3nico que se centran principalmente en la venta de productos personalizables. Este notable complemento disecciona eficientemente el intrincado proceso de personalizaci\u00f3n del producto en una serie de pasos convenientemente manejables, presentando as\u00ed a a los clientes una oportunidad perfecta e intuitiva para crear sus propios art\u00edculos personalizados. Adem\u00e1s, el configurador se integra perfectamente con los temas existentes de WooCommerce, mezclando sin esfuerzo en la est\u00e9tica general de la tienda en l\u00ednea y facilitando una experiencia de pago optimizada. Al capitalizar las caracter\u00edsticas notables del configurador de productos de varios pasos para WooCommerce, las empresas pueden aumentar efectivamente sus cifras de ventas y reforzar los niveles generales de satisfacci\u00f3n del cliente.<\/p>\n","protected":false},"featured_media":166840,"comment_status":"open","ping_status":"open","template":"","meta":[],"product_brand":[2339],"product_cat":[1207,1248,1206],"product_tag":[1256],"class_list":{"0":"post-115952","1":"product","2":"type-product","3":"status-publish","4":"has-post-thumbnail","6":"product_brand-codecanyon","7":"product_cat-comercio-electronico-plugins","8":"product_cat-personalizacion-comercio-electronico-plugins","9":"product_cat-plugins","10":"product_tag-codecanyon","11":"member-discount","12":"discount-restricted","14":"first","15":"instock","16":"sale","17":"downloadable","18":"virtual","19":"sold-individually","20":"purchasable","21":"product-type-simple"},"_links":{"self":[{"href":"https:\/\/gpl-love.com\/es\/wp-json\/wp\/v2\/product\/115952","targetHints":{"allow":["GET"]}}],"collection":[{"href":"https:\/\/gpl-love.com\/es\/wp-json\/wp\/v2\/product"}],"about":[{"href":"https:\/\/gpl-love.com\/es\/wp-json\/wp\/v2\/types\/product"}],"replies":[{"embeddable":true,"href":"https:\/\/gpl-love.com\/es\/wp-json\/wp\/v2\/comments?post=115952"}],"wp:featuredmedia":[{"embeddable":true,"href":"https:\/\/gpl-love.com\/es\/wp-json\/wp\/v2\/media\/166840"}],"wp:attachment":[{"href":"https:\/\/gpl-love.com\/es\/wp-json\/wp\/v2\/media?parent=115952"}],"wp:term":[{"taxonomy":"product_brand","embeddable":true,"href":"https:\/\/gpl-love.com\/es\/wp-json\/wp\/v2\/product_brand?post=115952"},{"taxonomy":"product_cat","embeddable":true,"href":"https:\/\/gpl-love.com\/es\/wp-json\/wp\/v2\/product_cat?post=115952"},{"taxonomy":"product_tag","embeddable":true,"href":"https:\/\/gpl-love.com\/es\/wp-json\/wp\/v2\/product_tag?post=115952"}],"curies":[{"name":"wp","href":"https:\/\/api.w.org\/{rel}","templated":true}]}}