{"id":115948,"date":"2021-10-18T00:00:00","date_gmt":"2021-10-18T05:00:00","guid":{"rendered":"http:\/\/gpl-love.com\/es\/?post_type=product&#038;p=115948"},"modified":"2026-03-09T08:29:37","modified_gmt":"2026-03-09T13:29:37","slug":"wp-safelink-convert-your-download-link-to-adsense","status":"publish","type":"product","link":"https:\/\/gpl-love.com\/es\/producto\/wp-safelink-convert-your-download-link-to-adsense\/","title":{"rendered":"WP Safelink Convert Your Download Link to Adsense 4.3.12"},"content":{"rendered":"<h3>WP Safelink Convert Your Download Link to Adsense Caracteristicas<\/h3>\n<p>El WP Safelink, una herramienta altamente efectiva que se ha desarrollado ingeniosamente para ayudar a los propietarios de sitios web, as\u00ed como a los bloggers a maximizar su potencial de monetizaci\u00f3n de contenido, opera transformando sin problemas los enlaces de descarga en anuncios de Adsense cautivadores. Al aprovechar el poder del WP Safelink, los usuarios est\u00e1n facultados para generar sin esfuerzo enlaces que dirigen a los usuarios sin problemas a los anuncios de Adsense, lo que a su vez les permite generar ingresos sustanciales a trav\u00e9s de los clics en estos anuncios. Esta herramienta excepcional cuenta con una interfaz f\u00e1cil de usar, que permite a las personas navegar sin esfuerzo para sus diversas funcionalidades, al tiempo que ofrece una amplia gama de opciones de personalizaci\u00f3n que permiten a los usuarios alinear sin problemas la herramienta con su dise\u00f1o de sitio web \u00fanico. Adem\u00e1s, el WP Safelink est\u00e1 equipado con caracter\u00edsticas de vanguardia como la protecci\u00f3n contra el robot y el vencimiento del enlace, que juegan un papel fundamental en la garant\u00eda de que los anuncios se presenten exclusivamente a usuarios genuinos, lo que garantiza que los enlaces no sean indiscriminadamente inalcicinados. Independientemente de si usted es un blogger experimentado, un vendedor de afiliados consumado o un propietario de un sitio web con el objetivo de aumentar sustancialmente sus flujos de ingresos existentes, el WP Safelink, sin duda, representa la herramienta por excelencia que se adapta meticulosamente para satisfacer sus requisitos espec\u00edficos.<\/p>\n<ul>\n<li>Convierte sus enlaces de descarga a Adsense y lo ayuda a ganar dinero<\/li>\n<li>Protege sus enlaces de descarga y evita que se compartan ilegalmente<\/li>\n<li>Se integra con sitios web de WordPress sin problemas<\/li>\n<li>Proporciona varias opciones de personalizaci\u00f3n para sus anuncios adsense<\/li>\n<li>Genera informes detallados sobre el rendimiento de su anuncio<\/li>\n<li>Utiliza algoritmos avanzados para garantizar los ingresos m\u00e1s altos de sus anuncios<\/li>\n<li>F\u00e1cil de usar e instalar, no se requieren habilidades de codificaci\u00f3n<\/li>\n<li>Compatible con todos los navegadores y dispositivos web.<\/li>\n<\/ul>\n","protected":false},"excerpt":{"rendered":"<p>WP Safelink es una herramienta incre\u00edblemente robusta y capaz que le ofrece la capacidad perfecta de convertir sus enlaces de descarga en anuncios de Adsense de una manera notablemente sin esfuerzo. Al aprovechar el poder de WP Safelink, est\u00e1 facultado para aumentar significativamente las ganancias de su sitio web monetizando efectivamente sus enlaces de descarga con la altamente estimada y aclamada plataforma Google Adsense. Todo lo que necesita hacer es simplemente ingresar su enlace de descarga y WP SafeLink se encargar\u00e1 h\u00e1bilmente del resto, transformando de manera eficiente y autom\u00e1ticamente su enlace en anuncios de Adsense, facilitando as\u00ed la acumulaci\u00f3n sin esfuerzo de mayores recursos financieros de su sitio web. En consecuencia, si su objetivo es mejorar sin esfuerzo y eficientemente el flujo de ingresos de su sitio web, WP Safelink representa inequ\u00edvocamente la soluci\u00f3n por excelencia e ideal para sus necesidades.<\/p>\n","protected":false},"featured_media":168443,"comment_status":"open","ping_status":"open","template":"","meta":[],"product_brand":[2636],"product_cat":[1214,1206,1211],"product_tag":[2181],"class_list":{"0":"post-115948","1":"product","2":"type-product","3":"status-publish","4":"has-post-thumbnail","6":"product_brand-themeson","7":"product_cat-personalizacion","8":"product_cat-plugins","9":"product_cat-wordpress-plugins","10":"product_tag-themeson","11":"member-discount","12":"discount-restricted","14":"first","15":"instock","16":"sale","17":"downloadable","18":"virtual","19":"sold-individually","20":"purchasable","21":"product-type-simple"},"_links":{"self":[{"href":"https:\/\/gpl-love.com\/es\/wp-json\/wp\/v2\/product\/115948","targetHints":{"allow":["GET"]}}],"collection":[{"href":"https:\/\/gpl-love.com\/es\/wp-json\/wp\/v2\/product"}],"about":[{"href":"https:\/\/gpl-love.com\/es\/wp-json\/wp\/v2\/types\/product"}],"replies":[{"embeddable":true,"href":"https:\/\/gpl-love.com\/es\/wp-json\/wp\/v2\/comments?post=115948"}],"wp:featuredmedia":[{"embeddable":true,"href":"https:\/\/gpl-love.com\/es\/wp-json\/wp\/v2\/media\/168443"}],"wp:attachment":[{"href":"https:\/\/gpl-love.com\/es\/wp-json\/wp\/v2\/media?parent=115948"}],"wp:term":[{"taxonomy":"product_brand","embeddable":true,"href":"https:\/\/gpl-love.com\/es\/wp-json\/wp\/v2\/product_brand?post=115948"},{"taxonomy":"product_cat","embeddable":true,"href":"https:\/\/gpl-love.com\/es\/wp-json\/wp\/v2\/product_cat?post=115948"},{"taxonomy":"product_tag","embeddable":true,"href":"https:\/\/gpl-love.com\/es\/wp-json\/wp\/v2\/product_tag?post=115948"}],"curies":[{"name":"wp","href":"https:\/\/api.w.org\/{rel}","templated":true}]}}