{"id":115944,"date":"2026-01-28T00:00:00","date_gmt":"2026-01-28T05:00:00","guid":{"rendered":"http:\/\/gpl-love.com\/es\/?post_type=product&#038;p=115944"},"modified":"2026-04-10T11:21:41","modified_gmt":"2026-04-10T16:21:41","slug":"pixelyoursite-super","status":"publish","type":"product","link":"https:\/\/gpl-love.com\/es\/producto\/pixelyoursite-super\/","title":{"rendered":"Pixelyoursite Super Pack 6.2.0"},"content":{"rendered":"<h3>Pixelyoursite Super Pack Caracteristicas<\/h3>\n<p>El PixelyOursite Super Pack es una herramienta con todo incluido que atiende a las empresas y los especialistas en marketing en l\u00ednea que buscan mejorar el seguimiento y la efectividad de su sitio web y campa\u00f1as de marketing. Sirve como una integraci\u00f3n perfecta entre el sitio web y varias plataformas de marketing, como los anuncios de Facebook y Google Analytics. El paquete abarca una amplia gama de caracter\u00edsticas, que incluyen, entre otros, el seguimiento avanzado y la optimizaci\u00f3n de conversi\u00f3n, la capacidad de rastrear eventos personalizados, anuncios de productos din\u00e1micos y campa\u00f1as de remarketing. Adem\u00e1s, PixyOursite Super Pack faculta a los usuarios crear audiencias personalizadas y monitorear el rendimiento de la campa\u00f1a en tiempo real. Con su interfaz f\u00e1cil de usar y sus capacidades de seguimiento de vanguardia, esta herramienta demuestra ser un activo invaluable para las empresas de cualquier escala que aspira a elevar sus estrategias de marketing en l\u00ednea.<\/p>\n<ul>\n<li>Conjunto integral de herramientas para administrar p\u00edxel y c\u00f3digo de seguimiento en su sitio web<\/li>\n<li>Permite una f\u00e1cil integraci\u00f3n de varios c\u00f3digos de seguimiento, incluidos Facebook, Google Analytics, Pinterest y m\u00e1s<\/li>\n<li>Seguimiento autom\u00e1tico de eventos para una variedad de acciones, que incluyen env\u00edos de formularios, clics de enlaces salientes, reproducciones de video y m\u00e1s<\/li>\n<li>Seguimiento de conversi\u00f3n para tiendas de comercio electr\u00f3nico, incluida la integraci\u00f3n con WooCommerce y descargas digitales f\u00e1ciles<\/li>\n<li>Opciones de seguimiento de eventos personalizados para la orientaci\u00f3n y segmentaci\u00f3n avanzadas<\/li>\n<li>Capacidades de reorientaci\u00f3n mejorada, incluidos anuncios de productos din\u00e1micos para Facebook y ADS de Google<\/li>\n<li>Integraci\u00f3n con plataformas de publicidad populares, incluidos anuncios de Google, anuncios de Facebook y Google Tag Manager<\/li>\n<li>Creaci\u00f3n de audiencia personalizada y sincronizaci\u00f3n con anuncios de Facebook y anuncios de Google<\/li>\n<li>Interfaz f\u00e1cil e intuitiva para una f\u00e1cil configuraci\u00f3n y gesti\u00f3n de c\u00f3digos de seguimiento y p\u00edxeles<\/li>\n<\/ul>\n","protected":false},"excerpt":{"rendered":"<p>El s\u00faper paquete PixyOursite, una herramienta notablemente robusta y efectiva, sirve como un activo indispensable para mejorar la eficacia general de los esfuerzos de marketing en l\u00ednea. En virtud de su repertorio integral de caracter\u00edsticas, esta herramienta garantiza un seguimiento impecable y preciso de campa\u00f1as en l\u00ednea, datos de comercio electr\u00f3nico y tr\u00e1fico del sitio. Lo que lo distingue es su capacidad incomparable para integrar perfectamente el seguimiento de datos en m\u00faltiples plataformas, incluidos Facebook, Google Analytics y AdWords, consolidando toda la informaci\u00f3n pertinente dentro de una interfaz singular y f\u00e1cil de usar. A la luz de sus numerosas ventajas, es indudablemente un recurso invaluable para las empresas que buscan maximizar sus resultados de marketing en l\u00ednea.<\/p>\n","protected":false},"featured_media":167226,"comment_status":"open","ping_status":"open","template":"","meta":[],"product_brand":[2531],"product_cat":[1232,1206,1211],"product_tag":[1352],"class_list":{"0":"post-115944","1":"product","2":"type-product","3":"status-publish","4":"has-post-thumbnail","6":"product_brand-pixelyoursite","7":"product_cat-marketing-wordpress-plugins","8":"product_cat-plugins","9":"product_cat-wordpress-plugins","10":"product_tag-pixelyoursite","11":"member-discount","12":"discount-restricted","14":"first","15":"instock","16":"sale","17":"downloadable","18":"virtual","19":"sold-individually","20":"purchasable","21":"product-type-simple"},"_links":{"self":[{"href":"https:\/\/gpl-love.com\/es\/wp-json\/wp\/v2\/product\/115944","targetHints":{"allow":["GET"]}}],"collection":[{"href":"https:\/\/gpl-love.com\/es\/wp-json\/wp\/v2\/product"}],"about":[{"href":"https:\/\/gpl-love.com\/es\/wp-json\/wp\/v2\/types\/product"}],"replies":[{"embeddable":true,"href":"https:\/\/gpl-love.com\/es\/wp-json\/wp\/v2\/comments?post=115944"}],"wp:featuredmedia":[{"embeddable":true,"href":"https:\/\/gpl-love.com\/es\/wp-json\/wp\/v2\/media\/167226"}],"wp:attachment":[{"href":"https:\/\/gpl-love.com\/es\/wp-json\/wp\/v2\/media?parent=115944"}],"wp:term":[{"taxonomy":"product_brand","embeddable":true,"href":"https:\/\/gpl-love.com\/es\/wp-json\/wp\/v2\/product_brand?post=115944"},{"taxonomy":"product_cat","embeddable":true,"href":"https:\/\/gpl-love.com\/es\/wp-json\/wp\/v2\/product_cat?post=115944"},{"taxonomy":"product_tag","embeddable":true,"href":"https:\/\/gpl-love.com\/es\/wp-json\/wp\/v2\/product_tag?post=115944"}],"curies":[{"name":"wp","href":"https:\/\/api.w.org\/{rel}","templated":true}]}}