{"id":115942,"date":"2021-08-11T00:00:00","date_gmt":"2021-08-11T05:00:00","guid":{"rendered":"http:\/\/gpl-love.com\/es\/?post_type=product&#038;p=115942"},"modified":"2026-03-13T17:33:37","modified_gmt":"2026-03-13T22:33:37","slug":"wyzi-social-directory-wordpress-theme","status":"publish","type":"product","link":"https:\/\/gpl-love.com\/es\/producto\/wyzi-social-directory-wordpress-theme\/","title":{"rendered":"Wyzi Social Directory WordPress Theme 2.4.4"},"content":{"rendered":"<h3>Wyzi Social Directory WordPress Theme Caracteristicas<\/h3>\n<p>El tema de WordPress del Directorio Social de Wyzi es un tema incre\u00edblemente robusto y multifac\u00e9tico que ha sido dise\u00f1ado espec\u00edficamente con la intenci\u00f3n de permitir la creaci\u00f3n de directorios sociales que facilitan el proceso de b\u00fasqueda de usuarios y se conectan de manera efectiva con varias empresas dentro de sus respectivas comunidades locales. Con una extensa gama de caracter\u00edsticas de vanguardia, as\u00ed como una multitud de opciones personalizables, Wyzi le permite dise\u00f1ar un directorio impecablemente profesional y extremadamente f\u00e1cil de los cuales se integran sin problemas en un dise\u00f1o contempor\u00e1neo y est\u00e9ticamente agradable. Independientemente de si su objetivo es establecer un directorio que atiende a un nicho espec\u00edfico o un directorio de negocios local m\u00e1s completo, Wyzi indudablemente representa la soluci\u00f3n final para cualquier empresa o instituci\u00f3n con la esperanza de cultivar una presencia en l\u00ednea formidable y al mismo tiempo forja una conexi\u00f3n profunda con su Clientela valorada. Gracias a su interfaz sin esfuerzo navegable y su conjunto integral de caracter\u00edsticas, Wyzi simplifica la tarea ardua de construir un directorio social que lo abarca todo y visualmente, mientras facilita simult\u00e1neamente el proceso por el cual los usuarios pueden interactuar con \u00e9xito con las empresas en su origen inmediata.<\/p>\n<ul>\n<li>Un tema de WordPress de WordPress de Directorio Social visualmente atractivo<\/li>\n<li>Permite a los usuarios crear y administrar f\u00e1cilmente directorios comerciales en l\u00ednea<\/li>\n<li>Ofrece una gama de opciones de personalizaci\u00f3n para satisfacer cualquier necesidad comercial<\/li>\n<li>Incluye un sistema de calificaci\u00f3n y revisi\u00f3n incorporado para empresas y usuarios.<\/li>\n<li>Utiliza un poderoso sistema de b\u00fasqueda para encontrar r\u00e1pidamente listados o categor\u00edas<\/li>\n<li>Proporciona un dise\u00f1o receptivo para una visualizaci\u00f3n \u00f3ptima en todos los dispositivos<\/li>\n<li>Admite m\u00faltiples opciones de monetizaci\u00f3n, como listados y anuncios pagados.<\/li>\n<li>Ofrece una f\u00e1cil integraci\u00f3n con plataformas de redes sociales populares<\/li>\n<li>Incluye varios widgets y c\u00f3digos cortos para una funcionalidad adicional.<\/li>\n<li>Viene con una amplia documentaci\u00f3n y soporte dedicado para los usuarios.<\/li>\n<\/ul>\n","protected":false},"excerpt":{"rendered":"<p>El tema del Directorio Social de Wyzi WordPress cuenta con una multitud de capacidades potentes que est\u00e1n espec\u00edficamente dise\u00f1adas con el fin de construir directorios en l\u00ednea y plataformas de redes sociales. Con un dise\u00f1o de vanguardia y una amplia selecci\u00f3n de caracter\u00edsticas personalizables, proporciona un medio perfecto para establecer una comunidad en l\u00ednea resistente. Con una variedad de ofertas, incluidos los perfiles de miembros, la integraci\u00f3n con varias plataformas de redes sociales, as\u00ed como los filtros de b\u00fasqueda avanzados, este tema sirve como una soluci\u00f3n impecable para las empresas que buscan t\u00e9cnicas novedosas e inventivas para establecer conexiones con su p\u00fablico objetivo. Adem\u00e1s, su interfaz f\u00e1cil de usar y su documentaci\u00f3n integral y el soporte solidifican a\u00fan m\u00e1s su posici\u00f3n como una opci\u00f3n excepcional para cualquier persona que busque erigir un sitio web de directorio social.<\/p>\n","protected":false},"featured_media":168562,"comment_status":"open","ping_status":"open","template":"","meta":[],"product_brand":[2337],"product_cat":[1267,1237,1238],"product_tag":[1391],"class_list":{"0":"post-115942","1":"product","2":"type-product","3":"status-publish","4":"has-post-thumbnail","6":"product_brand-themeforest","7":"product_cat-creativo","8":"product_cat-temas","9":"product_cat-wordpress-temas","10":"product_tag-themeforest","11":"member-discount","12":"discount-restricted","14":"first","15":"instock","16":"sale","17":"downloadable","18":"virtual","19":"sold-individually","20":"purchasable","21":"product-type-simple"},"_links":{"self":[{"href":"https:\/\/gpl-love.com\/es\/wp-json\/wp\/v2\/product\/115942","targetHints":{"allow":["GET"]}}],"collection":[{"href":"https:\/\/gpl-love.com\/es\/wp-json\/wp\/v2\/product"}],"about":[{"href":"https:\/\/gpl-love.com\/es\/wp-json\/wp\/v2\/types\/product"}],"replies":[{"embeddable":true,"href":"https:\/\/gpl-love.com\/es\/wp-json\/wp\/v2\/comments?post=115942"}],"wp:featuredmedia":[{"embeddable":true,"href":"https:\/\/gpl-love.com\/es\/wp-json\/wp\/v2\/media\/168562"}],"wp:attachment":[{"href":"https:\/\/gpl-love.com\/es\/wp-json\/wp\/v2\/media?parent=115942"}],"wp:term":[{"taxonomy":"product_brand","embeddable":true,"href":"https:\/\/gpl-love.com\/es\/wp-json\/wp\/v2\/product_brand?post=115942"},{"taxonomy":"product_cat","embeddable":true,"href":"https:\/\/gpl-love.com\/es\/wp-json\/wp\/v2\/product_cat?post=115942"},{"taxonomy":"product_tag","embeddable":true,"href":"https:\/\/gpl-love.com\/es\/wp-json\/wp\/v2\/product_tag?post=115942"}],"curies":[{"name":"wp","href":"https:\/\/api.w.org\/{rel}","templated":true}]}}