{"id":115918,"date":"2026-04-21T00:00:00","date_gmt":"2026-04-21T05:00:00","guid":{"rendered":"http:\/\/gpl-love.com\/es\/?post_type=product&#038;p=115918"},"modified":"2026-04-21T11:15:28","modified_gmt":"2026-04-21T16:15:28","slug":"embedpress-pro-embed-anything-within-your-wordpress","status":"publish","type":"product","link":"https:\/\/gpl-love.com\/es\/producto\/embedpress-pro-embed-anything-within-your-wordpress\/","title":{"rendered":"EmbedPress Pro Embed Anything Within Your WordPress 3.8.8"},"content":{"rendered":"<h3>EmbedPress Pro Embed Anything Within Your WordPress Caracteristicas<\/h3>\n<p>Incredpress Pro es un complemento WordPress incre\u00edblemente robusto y rico en funciones que ofrece una amplia gama de funcionalidades, lo que le permite integrar varios tipos de contenido sin esfuerzo en su sitio web. Esta herramienta excepcional le permite incrustar una variedad diversa de elementos multimedia, que incluyen, entre otros, videos, mapas, encuestas, formularios y presentaciones, de una amplia selecci\u00f3n de m\u00e1s de 100 fuentes confiables y confiables, que abarcan plataformas prominentes como YouTube como YouTube. , Vimeo, Google Maps y TypeForm. Adem\u00e1s, este complemento le otorga una flexibilidad incomparable y al controlar su contenido integrado, ya que ofrece una amplia gama de opciones de personalizaci\u00f3n, lo que le permite adaptar el tama\u00f1o, el color, la alineaci\u00f3n y otras configuraciones para alinearse perfectamente con sus preferencias y requisitos espec\u00edficos. Adem\u00e1s de su notable versatilidad y funcionalidad, Incredpress Pro cuenta con una interfaz intuitiva y f\u00e1cil de usar que no requiere ninguna experiencia o habilidad de codificaci\u00f3n previa, asegurando que incluso las personas sin conocimientos t\u00e9cnicos extensos puedan navegar y utilizar esta herramienta notable sin esfuerzo. Independientemente de si usted es un blogger dedicado, comercialista ambicioso, educador apasionado o propietario de un negocio astuto, IncorpsPress Pro constituye la soluci\u00f3n definitiva para integrar sin problemas y sin esfuerzo cualquier tipo de contenido en su sitio web de WordPress, lo que lo convierte en un activo indispensable para que cualquier persona busque mejorar La experiencia general del usuario y la participaci\u00f3n de su plataforma en l\u00ednea.<\/p>\n<ul>\n<li>Incredpress Pro permite una f\u00e1cil incrustaci\u00f3n de cualquier tipo de contenido en su sitio de WordPress<\/li>\n<li>El complemento es simple de usar y ofrece una interfaz f\u00e1cil de usar para administrar su contenido integrado<\/li>\n<li>Con Incredpress Pro, puede incrustar videos de YouTube, Vimeo y otras plataformas de video populares<\/li>\n<li>Los archivos de audio de SoundCloud, Spotify y otros sitios de alojamiento de audio tambi\u00e9n se pueden integrar<\/li>\n<li>Las publicaciones de redes sociales y los feeds de Twitter, Instagram, Facebook y otras plataformas populares pueden integrarse sin problemas en su sitio de WordPress<\/li>\n<li>Tambi\u00e9n puede incrustar Google Maps, Google Hojas, PDF y otros documentos.<\/li>\n<li>El complemento ofrece una gama de opciones de personalizaci\u00f3n, lo que le permite elegir el tama\u00f1o, el posicionamiento y el estilo de su contenido integrado<\/li>\n<li>Incredpress Pro es compatible con todos los principales temas de WordPress y ofrece apoyo completo de un equipo dedicado de expertos<\/li>\n<li>Con actualizaciones regulares y nuevas funciones agregadas con frecuencia, IncorpsPress Pro es la soluci\u00f3n definitiva para integrar cualquier cosa dentro de su sitio de WordPress.<\/li>\n<\/ul>\n","protected":false},"excerpt":{"rendered":"<p>Incredpress Pro, un complemento excepcional de WordPress, le ofrece la conveniencia incomparable de incrustar a la perfecci\u00f3n diversas formas de contenido en su sitio web. Su robusta gama de caracter\u00edsticas le permite incorporar videos sin esfuerzo, archivos de audio, mapas, encuestas, formularios y varios otros elementos, sin requerir ninguna codificaci\u00f3n manual. Independientemente de si se identifica como blogger, vendedor o propietario del sitio web, no puede exagerarse la naturaleza indispensable de la incrustaci\u00f3n Pro. Al aprovechar esta notable herramienta, tiene la capacidad de aumentar significativamente la experiencia del usuario de su sitio web y fomentar un mejor compromiso con su audiencia. \u00bfPor qu\u00e9 esperar? \u00a1Abrace hoy el potencial transformador de Incredpress Pro e impulse su sitio web a alturas de \u00e9xito sin precedentes!<\/p>\n","protected":false},"featured_media":165979,"comment_status":"open","ping_status":"open","template":"","meta":[],"product_brand":[2441],"product_cat":[1214,1206,1211],"product_tag":[2179],"class_list":{"0":"post-115918","1":"product","2":"type-product","3":"status-publish","4":"has-post-thumbnail","6":"product_brand-embedpress","7":"product_cat-personalizacion","8":"product_cat-plugins","9":"product_cat-wordpress-plugins","10":"product_tag-embedpress","11":"member-discount","12":"discount-restricted","14":"first","15":"instock","16":"sale","17":"downloadable","18":"virtual","19":"sold-individually","20":"purchasable","21":"product-type-simple"},"_links":{"self":[{"href":"https:\/\/gpl-love.com\/es\/wp-json\/wp\/v2\/product\/115918","targetHints":{"allow":["GET"]}}],"collection":[{"href":"https:\/\/gpl-love.com\/es\/wp-json\/wp\/v2\/product"}],"about":[{"href":"https:\/\/gpl-love.com\/es\/wp-json\/wp\/v2\/types\/product"}],"replies":[{"embeddable":true,"href":"https:\/\/gpl-love.com\/es\/wp-json\/wp\/v2\/comments?post=115918"}],"wp:featuredmedia":[{"embeddable":true,"href":"https:\/\/gpl-love.com\/es\/wp-json\/wp\/v2\/media\/165979"}],"wp:attachment":[{"href":"https:\/\/gpl-love.com\/es\/wp-json\/wp\/v2\/media?parent=115918"}],"wp:term":[{"taxonomy":"product_brand","embeddable":true,"href":"https:\/\/gpl-love.com\/es\/wp-json\/wp\/v2\/product_brand?post=115918"},{"taxonomy":"product_cat","embeddable":true,"href":"https:\/\/gpl-love.com\/es\/wp-json\/wp\/v2\/product_cat?post=115918"},{"taxonomy":"product_tag","embeddable":true,"href":"https:\/\/gpl-love.com\/es\/wp-json\/wp\/v2\/product_tag?post=115918"}],"curies":[{"name":"wp","href":"https:\/\/api.w.org\/{rel}","templated":true}]}}