{"id":115916,"date":"2021-08-09T00:00:00","date_gmt":"2021-08-09T05:00:00","guid":{"rendered":"http:\/\/gpl-love.com\/es\/?post_type=product&#038;p=115916"},"modified":"2026-03-09T07:38:54","modified_gmt":"2026-03-09T12:38:54","slug":"go-portfolio-wordpress-responsive-portfolio","status":"publish","type":"product","link":"https:\/\/gpl-love.com\/es\/producto\/go-portfolio-wordpress-responsive-portfolio\/","title":{"rendered":"Go Portfolio WordPress Responsive Portfolio 1.8.3"},"content":{"rendered":"<h3>Go Portfolio WordPress Responsive Portfolio Caracteristicas<\/h3>\n<p>La cartera GO WordPress receptiva es una herramienta incre\u00edblemente vers\u00e1til y notablemente f\u00e1cil de usar que ha sido meticulosamente elaborada para ayudarlo a mostrar de manera efectiva e impresionante su trabajo ejemplar y su creatividad ilimitada. Esta impresionante cartera ofrece una extensa gama de caracter\u00edsticas, que abarca un dise\u00f1o altamente receptivo que se adapta perfectamente a varios tama\u00f1os de pantalla, dise\u00f1os y configuraciones altamente personalizables, as\u00ed como la notable capacidad para incorporar a la perfecci\u00f3n el contenido multimedia, como los videos cautivadores y los archivos de audio de la cautivaci\u00f3n. . Con la ayuda de esta cartera excepcional, el dise\u00f1o sin esfuerzo es impresionante galer\u00edas, carteras impresionantes y los controles deslizantes hipnotizadores se convierten en una brisa absoluta, lo que le permite presentar con confianza su notable trabajo a posibles clientes o empleadores potenciales. Ya sea que provenga del \u00e1mbito de la fotograf\u00eda, el arte, el dise\u00f1o o cualquier otra vocaci\u00f3n creativa, la cartera de WordPress de GO de WordPress es una inversi\u00f3n ejemplar que garantiza su distinci\u00f3n incomparable y su \u00e9xito rotundo en su campo elegido.<\/p>\n<ul>\n<li>Un escaparate de cartera visualmente impresionante con un dise\u00f1o receptivo<\/li>\n<li>Capacidad para crear m\u00faltiples dise\u00f1os de cartera con estilos \u00fanicos<\/li>\n<li>Filtros y categor\u00edas de cartera personalizables<\/li>\n<li>Navegaci\u00f3n suave e interfaz f\u00e1cil de usar<\/li>\n<li>Integraci\u00f3n con complementos populares de WordPress para una funcionalidad adicional<\/li>\n<li>SEO optimizado para mejorar la clasificaci\u00f3n del motor de b\u00fasqueda<\/li>\n<li>Documentaci\u00f3n extensa y atenci\u00f3n al cliente para una f\u00e1cil configuraci\u00f3n y mantenimiento<\/li>\n<li>Actualizaciones regulares para un mejor rendimiento y nuevas funciones<\/li>\n<li>Compatibilidad con todos los navegadores y dispositivos web modernos.<\/li>\n<\/ul>\n","protected":false},"excerpt":{"rendered":"<p>La cartera de cartera de GO WordPress receptiva es un complemento extremadamente vers\u00e1til y notablemente potente que le proporciona la capacidad de exhibir su trabajo en una cartera visualmente cautivadora y f\u00e1cilmente personalizable. A trav\u00e9s de la utilizaci\u00f3n de su interfaz de arrastrar y soltar f\u00e1cilmente de usar, puede tener carteras de moda sin esfuerzo de tan extraordinarias belleza y encanto con la m\u00e1xima facilidad. Adem\u00e1s, el complemento se confirma ingeniosamente para que responda completamente, asegurando as\u00ed que su cartera exude la resplencia y la magnificencia en una amplia gama de dispositivos. Adem\u00e1s, se le otorga la libertad de seleccionar entre un colector de estilos de cartera y dise\u00f1os, lo que le dio la capacidad de personalizar e individualizar cada cartera en un grado sin precedentes a trav\u00e9s de la utilizaci\u00f3n de la configuraci\u00f3n intr\u00ednseca del complemento. Independientemente de si usted es un fot\u00f3grafo consumado, un dise\u00f1ador innovador, un artista ingenioso o cualquier otra forma de profesional imaginativo, la cartera GO WordPress receptiva surge inexorablemente como el instrumento consumado con el que puede mostrar su notable cuerpo de trabajo y engendrar un Impresi\u00f3n indeleble sobre su estimada clientela.<\/p>\n","protected":false},"featured_media":166269,"comment_status":"open","ping_status":"open","template":"","meta":[],"product_brand":[2339],"product_cat":[1214,1206,1211],"product_tag":[1256],"class_list":{"0":"post-115916","1":"product","2":"type-product","3":"status-publish","4":"has-post-thumbnail","6":"product_brand-codecanyon","7":"product_cat-personalizacion","8":"product_cat-plugins","9":"product_cat-wordpress-plugins","10":"product_tag-codecanyon","11":"member-discount","12":"discount-restricted","14":"first","15":"instock","16":"sale","17":"downloadable","18":"virtual","19":"sold-individually","20":"purchasable","21":"product-type-simple"},"_links":{"self":[{"href":"https:\/\/gpl-love.com\/es\/wp-json\/wp\/v2\/product\/115916","targetHints":{"allow":["GET"]}}],"collection":[{"href":"https:\/\/gpl-love.com\/es\/wp-json\/wp\/v2\/product"}],"about":[{"href":"https:\/\/gpl-love.com\/es\/wp-json\/wp\/v2\/types\/product"}],"replies":[{"embeddable":true,"href":"https:\/\/gpl-love.com\/es\/wp-json\/wp\/v2\/comments?post=115916"}],"wp:featuredmedia":[{"embeddable":true,"href":"https:\/\/gpl-love.com\/es\/wp-json\/wp\/v2\/media\/166269"}],"wp:attachment":[{"href":"https:\/\/gpl-love.com\/es\/wp-json\/wp\/v2\/media?parent=115916"}],"wp:term":[{"taxonomy":"product_brand","embeddable":true,"href":"https:\/\/gpl-love.com\/es\/wp-json\/wp\/v2\/product_brand?post=115916"},{"taxonomy":"product_cat","embeddable":true,"href":"https:\/\/gpl-love.com\/es\/wp-json\/wp\/v2\/product_cat?post=115916"},{"taxonomy":"product_tag","embeddable":true,"href":"https:\/\/gpl-love.com\/es\/wp-json\/wp\/v2\/product_tag?post=115916"}],"curies":[{"name":"wp","href":"https:\/\/api.w.org\/{rel}","templated":true}]}}