{"id":115914,"date":"2021-08-09T00:00:00","date_gmt":"2021-08-09T05:00:00","guid":{"rendered":"http:\/\/gpl-love.com\/es\/?post_type=product&#038;p=115914"},"modified":"2026-03-13T17:22:01","modified_gmt":"2026-03-13T22:22:01","slug":"h-code-responsive-y-multipurpose-wordpress-theme","status":"publish","type":"product","link":"https:\/\/gpl-love.com\/es\/producto\/h-code-responsive-y-multipurpose-wordpress-theme\/","title":{"rendered":"H Code Responsive y Multipurpose WordPress Theme 2.2"},"content":{"rendered":"<h3>H Code Responsive y Multipurpose WordPress Theme Caracteristicas<\/h3>\n<p>El tema de WordPress de c\u00f3digo H de C\u00f3digo H es una opci\u00f3n excepcional para las personas que buscan un tema vers\u00e1til y f\u00e1cil de usar para su sitio web. Este tema cuenta con una gran cantidad de caracter\u00edsticas y opciones de personalizaci\u00f3n que le otorgan la capacidad de adaptar su sitio web a sus requisitos precisos. Con su capacidad de respuesta completa, su sitio web exhibir\u00e1 una apariencia impecable en cualquier dispositivo, y su optimizaci\u00f3n para los motores de b\u00fasqueda facilita la capacidad de descubrimiento f\u00e1cil de su sitio en l\u00ednea. Adem\u00e1s, el tema del c\u00f3digo H se integra perfectamente con una variedad diversa de complementos populares, lo que permite la integraci\u00f3n sin esfuerzo de la funcionalidad complementaria en su sitio. En general, si est\u00e1 en busca de un tema de WordPress de primer nivel que sobresale tanto en la capacidad de respuesta como en las capacidades multiprop\u00f3sito, el tema del c\u00f3digo H indudablemente merece una consideraci\u00f3n seria.<\/p>\n<ul>\n<li>El c\u00f3digo H es un tema vers\u00e1til de WordPress que responde a una variedad de dispositivos.<\/li>\n<li>El tema es multiprop\u00f3sito, lo que significa que puede usarse para una variedad de diferentes tipos de sitios web.<\/li>\n<li>El c\u00f3digo H viene equipado con una amplia gama de opciones de dise\u00f1o personalizables, lo que le permite hacer que su sitio web sea suyo.<\/li>\n<li>El tema incluye soporte incorporado para WooCommerce, lo que lo hace ideal para sitios web de comercio electr\u00f3nico.<\/li>\n<li>El c\u00f3digo H se basa en el popular marco Bootstrap, asegurando que su sitio web sea estable y f\u00e1cil de mantener.<\/li>\n<li>El tema incluye m\u00faltiples dise\u00f1os de p\u00e1gina de inicio preconstruidos que se pueden personalizar f\u00e1cilmente para satisfacer sus necesidades.<\/li>\n<li>El c\u00f3digo H es amigable con SEO, asegurando que su sitio web tenga una mejor oportunidad de clasificar bien en las p\u00e1ginas de resultados del motor de b\u00fasqueda.<\/li>\n<li>El tema incluye soporte para una variedad de complementos populares de WordPress, lo que le permite agregar funcionalidad a su sitio web con facilidad.<\/li>\n<li>El c\u00f3digo H viene con una variedad de documentaci\u00f3n \u00fatil para guiarlo a trav\u00e9s del proceso de configuraci\u00f3n y personalizaci\u00f3n.<\/li>\n<\/ul>\n","protected":false},"excerpt":{"rendered":"<p>El tema de WordPress que receptiva y multiprop\u00f3sito es una soluci\u00f3n incre\u00edblemente vers\u00e1til y altamente completa que satisface todas las necesidades de su sitio web. Su dise\u00f1o resplandeciente, junto con su compatibilidad perfecta con una multitud de navegadores web, garantiza que su sitio exude la magnificencia de cualquier dispositivo. Este espl\u00e9ndido tema se ha optimizado meticulosamente tanto para la expedici\u00f3n como para la optimizaci\u00f3n de motores de b\u00fasqueda (SEO), asegurando as\u00ed que las clasificaciones de los motores de b\u00fasqueda se alcancen sin esfuerzo y que sus usuarios se deleiten en una experiencia en l\u00ednea ilustrada y gratificante. Adem\u00e1s, este tema extraordinario le proporciona una cornucopia de dise\u00f1os prefabricados y una amplia gama de opciones personalizables, lo que lo permite a dise\u00f1ar un sitio web incomparable y resueltamente profesional que encapsula perfectamente su visi\u00f3n \u00fanica. Ya sea que caiga dentro de los \u00e1mbitos de un blogger prol\u00edfico, un propietario de negocios inteligente o un freelance profundamente imaginativo, el tema del c\u00f3digo H, sin duda, se erige como la opci\u00f3n por excelencia e inequ\u00edvoca para establecer y cultivar su presencia en l\u00ednea con grandeza sin igual y la sofisticaci\u00f3n.<\/p>\n","protected":false},"featured_media":166403,"comment_status":"open","ping_status":"open","template":"","meta":[],"product_brand":[2337],"product_cat":[1239,1237,1238],"product_tag":[1391],"class_list":{"0":"post-115914","1":"product","2":"type-product","3":"status-publish","4":"has-post-thumbnail","6":"product_brand-themeforest","7":"product_cat-de-multiples-fines","8":"product_cat-temas","9":"product_cat-wordpress-temas","10":"product_tag-themeforest","11":"member-discount","12":"discount-restricted","14":"first","15":"instock","16":"sale","17":"downloadable","18":"virtual","19":"sold-individually","20":"purchasable","21":"product-type-simple"},"_links":{"self":[{"href":"https:\/\/gpl-love.com\/es\/wp-json\/wp\/v2\/product\/115914","targetHints":{"allow":["GET"]}}],"collection":[{"href":"https:\/\/gpl-love.com\/es\/wp-json\/wp\/v2\/product"}],"about":[{"href":"https:\/\/gpl-love.com\/es\/wp-json\/wp\/v2\/types\/product"}],"replies":[{"embeddable":true,"href":"https:\/\/gpl-love.com\/es\/wp-json\/wp\/v2\/comments?post=115914"}],"wp:featuredmedia":[{"embeddable":true,"href":"https:\/\/gpl-love.com\/es\/wp-json\/wp\/v2\/media\/166403"}],"wp:attachment":[{"href":"https:\/\/gpl-love.com\/es\/wp-json\/wp\/v2\/media?parent=115914"}],"wp:term":[{"taxonomy":"product_brand","embeddable":true,"href":"https:\/\/gpl-love.com\/es\/wp-json\/wp\/v2\/product_brand?post=115914"},{"taxonomy":"product_cat","embeddable":true,"href":"https:\/\/gpl-love.com\/es\/wp-json\/wp\/v2\/product_cat?post=115914"},{"taxonomy":"product_tag","embeddable":true,"href":"https:\/\/gpl-love.com\/es\/wp-json\/wp\/v2\/product_tag?post=115914"}],"curies":[{"name":"wp","href":"https:\/\/api.w.org\/{rel}","templated":true}]}}