{"id":115875,"date":"2022-05-16T00:00:00","date_gmt":"2022-05-16T05:00:00","guid":{"rendered":"http:\/\/gpl-love.com\/es\/?post_type=product&#038;p=115875"},"modified":"2026-03-13T17:17:46","modified_gmt":"2026-03-13T22:17:46","slug":"classiera-classified-ads-wordpress-theme","status":"publish","type":"product","link":"https:\/\/gpl-love.com\/es\/producto\/classiera-classified-ads-wordpress-theme\/","title":{"rendered":"Classiera Classified Ads WordPress Theme 4.0.21"},"content":{"rendered":"<h3>Classiera Classified Ads WordPress Theme Caracteristicas<\/h3>\n<p>Los anuncios clasificados de Classiera WordPress Temo cuenta con una gran cantidad de funcionalidades robustas y de vanguardia, lo que lo convierte en una herramienta incomparable en el \u00e1mbito de la elaboraci\u00f3n de sitios web de anuncios clasificados. Caracterizado por su interfaz f\u00e1cil de usar, este tema ofrece una conveniencia perfecta para los usuarios cuando se trata de publicar y administrar sus anuncios, al tiempo que empodera a los propietarios de sitios para capitalizar su plataforma a trav\u00e9s de diversas v\u00edas de generaci\u00f3n de ingresos. La notable flexibilidad de Classiera se ejemplifica por su mir\u00edada de dise\u00f1os de p\u00e1gina de inicio preconfigurados, paletas de colores y alternativas de fuentes, que otorgan a los usuarios la libertad de personalizar su sitio web al deseo de su coraz\u00f3n. Adem\u00e1s, este tema est\u00e1 fortificado con capacidades avanzadas de b\u00fasqueda y filtrado, lo que permite a los usuarios navegar sin esfuerzo a trav\u00e9s de los listados abundantes disponibles. Integrado con una variedad de pasarelas de pago y plataformas de redes sociales, Classiera realmente se erige como un ep\u00edtome de la tecnolog\u00eda de vanguardia. Al aprovechar el poder de este tema excepcional, los usuarios pueden establecer de manera r\u00e1pida y perfecta un sitio web de anuncios clasificados sofisticados y lucrativos que est\u00e1 en sinton\u00eda con las necesidades y preferencias de su diversa base de usuarios.<\/p>\n<ul>\n<li>Dise\u00f1o totalmente receptivo que funciona en todos los dispositivos<\/li>\n<li>M\u00faltiples dise\u00f1os de p\u00e1gina de inicio para elegir<\/li>\n<li>Campos personalizables para categor\u00edas de listado<\/li>\n<li>Opciones de b\u00fasqueda avanzadas para usuarios<\/li>\n<li>Perfiles de usuario con la capacidad de administrar sus propios listados<\/li>\n<li>Integraci\u00f3n de las redes sociales para compartir f\u00e1cilmente<\/li>\n<li>Sistema de mensajer\u00eda integrado entre usuarios<\/li>\n<li>Integraci\u00f3n de la pasarela de pago para listados pagos o anuncios promocionados<\/li>\n<li>Integraci\u00f3n de Google Maps para b\u00fasquedas basadas en la ubicaci\u00f3n<\/li>\n<li>Fechas de vencimiento de anuncios y opciones de renovaci\u00f3n para usuarios<\/li>\n<li>Cumple con GDPR y seguro con actualizaciones y soporte regulares.<\/li>\n<\/ul>\n","protected":false},"excerpt":{"rendered":"<p>Presentaci\u00f3n del tema de WordPress de los anuncios clasificados de Classiera, una plataforma innovadora y f\u00e1cil de usar dise\u00f1ada para clasificados en l\u00ednea. Este tema de primer nivel es rico en caracter\u00edsticas, perfecta para cualquier negocio de anuncios clasificado. Ofrece un dise\u00f1o receptivo, asegurando una visualizaci\u00f3n e interacci\u00f3n \u00f3ptimas en una amplia gama de dispositivos. El tema Classiera es compatible con WooCommerce, lo que le permite integrar una tienda en l\u00ednea dentro de su sitio web sin problemas. Con la integraci\u00f3n de Google Maps, sus clientes pueden encontrar sin esfuerzo sus listados deseados. El tema tambi\u00e9n incluye un capas de liderar, que puede ayudar a resaltar sus anuncios y ofertas premium. Adem\u00e1s, Classiera viene con un sistema de env\u00edo frontal y un plan de precios, lo que le brinda el poder de administrar sus anuncios de manera efectiva. Explotar los beneficios del tema de WordPress de WordPress clasificados de Classiera y llevar su negocio clasificado al siguiente nivel.<\/p>\n","protected":false},"featured_media":165628,"comment_status":"open","ping_status":"open","template":"","meta":[],"product_brand":[2337],"product_cat":[1267,1237,1238],"product_tag":[1391],"class_list":{"0":"post-115875","1":"product","2":"type-product","3":"status-publish","4":"has-post-thumbnail","6":"product_brand-themeforest","7":"product_cat-creativo","8":"product_cat-temas","9":"product_cat-wordpress-temas","10":"product_tag-themeforest","11":"member-discount","12":"discount-restricted","14":"first","15":"instock","16":"sale","17":"downloadable","18":"virtual","19":"sold-individually","20":"purchasable","21":"product-type-simple"},"_links":{"self":[{"href":"https:\/\/gpl-love.com\/es\/wp-json\/wp\/v2\/product\/115875","targetHints":{"allow":["GET"]}}],"collection":[{"href":"https:\/\/gpl-love.com\/es\/wp-json\/wp\/v2\/product"}],"about":[{"href":"https:\/\/gpl-love.com\/es\/wp-json\/wp\/v2\/types\/product"}],"replies":[{"embeddable":true,"href":"https:\/\/gpl-love.com\/es\/wp-json\/wp\/v2\/comments?post=115875"}],"wp:featuredmedia":[{"embeddable":true,"href":"https:\/\/gpl-love.com\/es\/wp-json\/wp\/v2\/media\/165628"}],"wp:attachment":[{"href":"https:\/\/gpl-love.com\/es\/wp-json\/wp\/v2\/media?parent=115875"}],"wp:term":[{"taxonomy":"product_brand","embeddable":true,"href":"https:\/\/gpl-love.com\/es\/wp-json\/wp\/v2\/product_brand?post=115875"},{"taxonomy":"product_cat","embeddable":true,"href":"https:\/\/gpl-love.com\/es\/wp-json\/wp\/v2\/product_cat?post=115875"},{"taxonomy":"product_tag","embeddable":true,"href":"https:\/\/gpl-love.com\/es\/wp-json\/wp\/v2\/product_tag?post=115875"}],"curies":[{"name":"wp","href":"https:\/\/api.w.org\/{rel}","templated":true}]}}