{"id":115873,"date":"2026-02-23T00:00:00","date_gmt":"2026-02-23T05:00:00","guid":{"rendered":"http:\/\/gpl-love.com\/es\/?post_type=product&#038;p=115873"},"modified":"2026-03-31T17:16:20","modified_gmt":"2026-03-31T22:16:20","slug":"wordpress-timeline-plugin-cool-timeline-pro","status":"publish","type":"product","link":"https:\/\/gpl-love.com\/es\/producto\/wordpress-timeline-plugin-cool-timeline-pro\/","title":{"rendered":"WordPress Timeline Plugin Cool Timeline Pro 6.1.1"},"content":{"rendered":"<h3>WordPress Timeline Plugin Cool Timeline Pro Caracteristicas<\/h3>\n<p>Cool Timeline Pro es un complemento excepcional de WordPress Timeline que ofrece a sus usuarios una oportunidad notable para presentar su contenido de manera contempor\u00e1nea e interactiva. Con su interfaz f\u00e1cil de usar y sus caracter\u00edsticas personalizables, este complemento demuestra ser una opci\u00f3n ideal para las personas que buscan crear una l\u00ednea de tiempo informativa e informativa visualmente cautivadora para su sitio web. Cuenta con una amplia gama de dise\u00f1os de l\u00ednea de tiempo, estilos y animaciones que se pueden ajustar sin esfuerzo para armonizar con cualquier est\u00e9tica de dise\u00f1o. Adem\u00e1s, Cool Timeline Pro va m\u00e1s all\u00e1 al extender el soporte para m\u00faltiples formatos de medios, incluidas im\u00e1genes, videos y audio. Esto permite a los usuarios curar una experiencia de l\u00ednea de tiempo verdaderamente din\u00e1mica e inmersiva para su audiencia. Adem\u00e1s de sus extensas caracter\u00edsticas, el complemento se enorgullece de ser completamente receptivo, lo que garantiza que la l\u00ednea de tiempo aparecer\u00e1 visualmente llamativa y sin problemas en cualquier dispositivo. Teniendo en cuenta todos estos atributos notables, es evidente que Cool Timeline Pro sirve como una herramienta inmensamente potente para mostrar efectivamente el contenido y elevar la participaci\u00f3n del usuario a alturas sin precedentes.<\/p>\n<ul>\n<li>Complemento de l\u00ednea de tiempo atractivo y personalizable para sitios web de WordPress<\/li>\n<li>Ofrece m\u00faltiples dise\u00f1os\/dise\u00f1os de l\u00ednea de tiempo para elegir<\/li>\n<li>Capacidad para mostrar im\u00e1genes y videos dentro de la l\u00ednea de tiempo<\/li>\n<li>Admite opciones de desplazamiento y navegaci\u00f3n de la l\u00ednea de tiempo<\/li>\n<li>Permite una f\u00e1cil personalizaci\u00f3n de los colores y fuentes de la l\u00ednea de tiempo<\/li>\n<li>Incluye caracter\u00edsticas interactivas como el intercambio de redes sociales y los comentarios<\/li>\n<li>Compatible con todos los navegadores modernos y receptivos en dispositivos m\u00f3viles<\/li>\n<li>Proporciona documentaci\u00f3n detallada y atenci\u00f3n al cliente para una f\u00e1cil instalaci\u00f3n y configuraci\u00f3n<\/li>\n<li>Actualizado con frecuencia con nuevas caracter\u00edsticas y mejoras<\/li>\n<li>No se necesita experiencia de codificaci\u00f3n para su uso.<\/li>\n<\/ul>\n","protected":false},"excerpt":{"rendered":"<p>Cool Timeline Pro es un complemento de l\u00ednea de tiempo de WordPress muy solicitado que ofrece a los usuarios la oportunidad de presentar su narrativa de manera art\u00edstica y atractiva. La interfaz f\u00e1cil de usar del complemento otorga a las personas la capacidad de elaborar un cronograma cautivador desprovisto de cualquier requisito de codificaci\u00f3n, lo que lo hace accesible para las personas sin ning\u00fan conocimiento o habilidades de codificaci\u00f3n previa. Con una amplia gama de opciones de personalizaci\u00f3n a su disposici\u00f3n, incluida una notable selecci\u00f3n de 12 dise\u00f1os de l\u00ednea de tiempo distintos, una variedad ilimitada de colores, una variedad de fuentes y una abundancia de otras opciones de dise\u00f1o, este complemento asegura que su l\u00ednea de tiempo posee el \u00fanico atractivo est\u00e9tico que deseas. Adem\u00e1s, la inclusi\u00f3n de im\u00e1genes, videos y enlaces de redes sociales dentro de su l\u00ednea de tiempo le brinda la oportunidad de incorporar un aspecto multimedia en su narrativa, lo que permite una experiencia de usuario m\u00e1s rica y din\u00e1mica. Cool Timeline Pro sirve como el \u00faltimo recurso para las personas que buscan embellecer su sitio web con un elemento visualmente llamativo, independientemente de si desean mostrar la historia de su empresa o construir una l\u00ednea de tiempo personal que relata su propio viaje de vida.<\/p>\n","protected":false},"featured_media":168359,"comment_status":"open","ping_status":"open","template":"","meta":[],"product_brand":[2339],"product_cat":[1214,1206,1211],"product_tag":[1256],"class_list":{"0":"post-115873","1":"product","2":"type-product","3":"status-publish","4":"has-post-thumbnail","6":"product_brand-codecanyon","7":"product_cat-personalizacion","8":"product_cat-plugins","9":"product_cat-wordpress-plugins","10":"product_tag-codecanyon","11":"member-discount","12":"discount-restricted","14":"first","15":"instock","16":"sale","17":"downloadable","18":"virtual","19":"sold-individually","20":"purchasable","21":"product-type-simple"},"_links":{"self":[{"href":"https:\/\/gpl-love.com\/es\/wp-json\/wp\/v2\/product\/115873","targetHints":{"allow":["GET"]}}],"collection":[{"href":"https:\/\/gpl-love.com\/es\/wp-json\/wp\/v2\/product"}],"about":[{"href":"https:\/\/gpl-love.com\/es\/wp-json\/wp\/v2\/types\/product"}],"replies":[{"embeddable":true,"href":"https:\/\/gpl-love.com\/es\/wp-json\/wp\/v2\/comments?post=115873"}],"wp:featuredmedia":[{"embeddable":true,"href":"https:\/\/gpl-love.com\/es\/wp-json\/wp\/v2\/media\/168359"}],"wp:attachment":[{"href":"https:\/\/gpl-love.com\/es\/wp-json\/wp\/v2\/media?parent=115873"}],"wp:term":[{"taxonomy":"product_brand","embeddable":true,"href":"https:\/\/gpl-love.com\/es\/wp-json\/wp\/v2\/product_brand?post=115873"},{"taxonomy":"product_cat","embeddable":true,"href":"https:\/\/gpl-love.com\/es\/wp-json\/wp\/v2\/product_cat?post=115873"},{"taxonomy":"product_tag","embeddable":true,"href":"https:\/\/gpl-love.com\/es\/wp-json\/wp\/v2\/product_tag?post=115873"}],"curies":[{"name":"wp","href":"https:\/\/api.w.org\/{rel}","templated":true}]}}