{"id":115869,"date":"2021-08-08T00:00:00","date_gmt":"2021-08-08T05:00:00","guid":{"rendered":"http:\/\/gpl-love.com\/es\/?post_type=product&#038;p=115869"},"modified":"2026-04-10T11:23:25","modified_gmt":"2026-04-10T16:23:25","slug":"retina-multi-purpose-wordpress-tema-elision","status":"publish","type":"product","link":"https:\/\/gpl-love.com\/es\/producto\/retina-multi-purpose-wordpress-tema-elision\/","title":{"rendered":"Retina Multi-Purpose WordPress Tema Elision 4.5"},"content":{"rendered":"<h3>Retina Multi-Purpose WordPress Tema Elision Caracteristicas<\/h3>\n<p>Elision es un tema de WordPress multiprop\u00f3sito de retina excepcional que se ha creado meticulosamente para satisfacer los requisitos diversos y espec\u00edficos de las empresas, agencias y personas que buscan un tema incre\u00edblemente adaptable y flexible que se pueda adaptar sin esfuerzo para satisfacer sus necesidades distintas e individualistas. Con un dise\u00f1o ultra moderno e impecablemente elegante, este tema se ha desarrollado para que sea completamente receptivo, garantizando una experiencia de usuario perfecta y perfecta en todos los dispositivos, y se ve mejorado por su optimizaci\u00f3n para las pantallas de retina de alta resoluci\u00f3n, lo que permite la entrega de impresionantes. contenido n\u00edtido y visualmente cautivador.<\/p>\n<p>Este notable tema cuenta con una extensa variedad de caracter\u00edsticas robustas y potentes, asegurando un nivel incomparable de oportunidades de personalizaci\u00f3n y personalizaci\u00f3n para sus usuarios. Entre sus caracter\u00edsticas m\u00e1s notables se encuentra el men\u00fa de mega altamente personalizable, lo que permite a los usuarios dise\u00f1ar y modificar sin esfuerzo la navegaci\u00f3n de su sitio web para alinearse con su identidad de marca y requisitos espec\u00edficos. Adem\u00e1s, Elision ofrece m\u00faltiples dise\u00f1os de cartera, otorgando a los usuarios la libertad de presentar su trabajo de una manera visualmente atractiva y atractiva que supere los est\u00e1ndares convencionales. Adem\u00e1s, los usuarios pueden personalizar sin esfuerzo encabezados y pies de p\u00e1gina, lo que les permite crear una est\u00e9tica verdaderamente \u00fanica y cohesiva para su sitio web.<\/p>\n<p>En un esfuerzo por optimizar el proceso de creaci\u00f3n del sitio web y apoyar a los usuarios para lograr sus resultados deseados de manera r\u00e1pida y eficiente, Elision proporciona una amplia gama de p\u00e1ginas de demostraci\u00f3n predise\u00f1adas que pueden importarse sin problemas con un solo clic. Esta caracter\u00edstica no solo ahorra a los usuarios un tiempo valioso, sino que tambi\u00e9n garantiza que su sitio web tenga una apariencia pulida y profesional desde el momento en que sale en vivo.<\/p>\n<p>Reconociendo la importancia cr\u00edtica de la optimizaci\u00f3n de motores de b\u00fasqueda (SEO) para maximizar la visibilidad en l\u00ednea y atraer tr\u00e1fico org\u00e1nico, la elisi\u00f3n se ha desarrollado meticulosamente con SEO en mente. Al implementar pr\u00e1cticas l\u00edderes en la industria y adherirse a las \u00faltimas pautas de SEO, este tema garantiza que su sitio web lograr\u00e1 altas clasificaciones en los resultados de los motores de b\u00fasqueda, lo que aumenta significativamente sus posibilidades de ser descubierto por su p\u00fablico objetivo.<\/p>\n<p>Con elisi\u00f3n, las posibilidades son realmente infinitas. Este tema excepcional permite a los usuarios crear un sitio web que no solo encarna la profesionalidad, sino que tambi\u00e9n exuda singularidad, lo que les permite diferenciarse sin esfuerzo de sus competidores. Al aprovechar la amplia gama de caracter\u00edsticas ofrecidas por Elision, los usuarios pueden desarrollar con confianza una presencia en l\u00ednea impresionante y cautivadora que indudablemente dejar\u00e1 una impresi\u00f3n duradera para los visitantes y los clientes potenciales por igual.<\/p>\n<ul>\n<li>Tema de WordPress altamente personalizable adecuado para una variedad de prop\u00f3sitos<\/li>\n<li>Retina lista para pantallas de alta resoluci\u00f3n<\/li>\n<li>Panel de opciones de temas avanzados para una f\u00e1cil personalizaci\u00f3n<\/li>\n<li>Arrastre y suelte el constructor de p\u00e1ginas para crear dise\u00f1os \u00fanicos<\/li>\n<li>Dise\u00f1o totalmente receptivo para una visualizaci\u00f3n optimizada en cualquier dispositivo<\/li>\n<li>Compatibilidad con complementos populares como WooCommerce y WPML<\/li>\n<li>Incluye 6+ demostraciones de la p\u00e1gina de inicio y m\u00e1s de 20 p\u00e1ginas internas preconstruidas<\/li>\n<li>Estilos de cabeza de encabezado y pie de p\u00e1gina para elegir<\/li>\n<li>Importar demostraci\u00f3n de un clic para una configuraci\u00f3n r\u00e1pida<\/li>\n<li>SEO optimizado para mejorar la clasificaci\u00f3n del motor de b\u00fasqueda<\/li>\n<li>Actualizaciones regulares y atenci\u00f3n al cliente dedicada<\/li>\n<\/ul>\n","protected":false},"excerpt":{"rendered":"<p>Elision, un tema de WordPress incre\u00edblemente vers\u00e1til, ofrece una variedad de opciones de personalizaci\u00f3n y cuenta con gr\u00e1ficos de retina de alta calidad para garantizar sitios web visualmente impresionantes. Su constructor de p\u00e1ginas de arrastre y plantillas predise\u00f1adas f\u00e1ciles de usar y las plantillas predise\u00f1adas hacen que la venta de productos o las carteras de exhibir una brisa absoluta. Adem\u00e1s, Elision cuenta con animaciones perfectas y est\u00e1 optimizado para SEO, asegurando que su sitio web no solo se vea fant\u00e1stico, sino que tambi\u00e9n se puede descubrir f\u00e1cilmente por los posibles visitantes. Independientemente de si usted es un fot\u00f3grafo, un blogger o un empresario, Elision sirve como la soluci\u00f3n ideal para crear sin esfuerzo un sitio web con una est\u00e9tica profesional y sin la molestia que lo acompa\u00f1a.<\/p>\n","protected":false},"featured_media":167368,"comment_status":"open","ping_status":"open","template":"","meta":[],"product_brand":[2337],"product_cat":[1239,1237,1238],"product_tag":[1391],"class_list":{"0":"post-115869","1":"product","2":"type-product","3":"status-publish","4":"has-post-thumbnail","6":"product_brand-themeforest","7":"product_cat-de-multiples-fines","8":"product_cat-temas","9":"product_cat-wordpress-temas","10":"product_tag-themeforest","11":"member-discount","12":"discount-restricted","14":"first","15":"instock","16":"sale","17":"downloadable","18":"virtual","19":"sold-individually","20":"purchasable","21":"product-type-simple"},"_links":{"self":[{"href":"https:\/\/gpl-love.com\/es\/wp-json\/wp\/v2\/product\/115869","targetHints":{"allow":["GET"]}}],"collection":[{"href":"https:\/\/gpl-love.com\/es\/wp-json\/wp\/v2\/product"}],"about":[{"href":"https:\/\/gpl-love.com\/es\/wp-json\/wp\/v2\/types\/product"}],"replies":[{"embeddable":true,"href":"https:\/\/gpl-love.com\/es\/wp-json\/wp\/v2\/comments?post=115869"}],"wp:featuredmedia":[{"embeddable":true,"href":"https:\/\/gpl-love.com\/es\/wp-json\/wp\/v2\/media\/167368"}],"wp:attachment":[{"href":"https:\/\/gpl-love.com\/es\/wp-json\/wp\/v2\/media?parent=115869"}],"wp:term":[{"taxonomy":"product_brand","embeddable":true,"href":"https:\/\/gpl-love.com\/es\/wp-json\/wp\/v2\/product_brand?post=115869"},{"taxonomy":"product_cat","embeddable":true,"href":"https:\/\/gpl-love.com\/es\/wp-json\/wp\/v2\/product_cat?post=115869"},{"taxonomy":"product_tag","embeddable":true,"href":"https:\/\/gpl-love.com\/es\/wp-json\/wp\/v2\/product_tag?post=115869"}],"curies":[{"name":"wp","href":"https:\/\/api.w.org\/{rel}","templated":true}]}}