{"id":115867,"date":"2025-10-23T00:00:00","date_gmt":"2025-10-23T05:00:00","guid":{"rendered":"http:\/\/gpl-love.com\/es\/?post_type=product&#038;p=115867"},"modified":"2026-03-09T08:07:36","modified_gmt":"2026-03-09T13:07:36","slug":"smart-image-resize-pro","status":"publish","type":"product","link":"https:\/\/gpl-love.com\/es\/producto\/smart-image-resize-pro\/","title":{"rendered":"Smart Image Resize Pro 1.14.0"},"content":{"rendered":"<h3>Smart Image Resize Pro Caracteristicas<\/h3>\n<p>Smart Image Reize Pro es una herramienta de cambio de tama\u00f1o de imagen altamente sofisticada e inmensamente potente, que otorga a los usuarios la notable capacidad de cambiar el tama\u00f1o sin esfuerzo de sus im\u00e1genes mientras mantiene su calidad incomparable. A trav\u00e9s de la utilizaci\u00f3n de sus algoritmos de vanguardia y sus astutas capacidades de procesamiento, este notable software asegura que sus im\u00e1genes apreciadas mantengan su mayor claridad y precisi\u00f3n, incluso despu\u00e9s del proceso de cambio de tama\u00f1o. Con una interfaz incre\u00edblemente f\u00e1cil de usar y la opci\u00f3n de personalizaci\u00f3n, Smart Image Reize Pro es una opci\u00f3n excepcional no solo para profesionales experimentados, sino tambi\u00e9n para los aspirantes a fot\u00f3grafos. Ya sea que su objetivo es cambiar el tama\u00f1o de las im\u00e1genes para uso en l\u00ednea, plataformas de redes sociales, fines de impresi\u00f3n o cualquier otro esfuerzo creativo, este software extraordinario garantiza la erradicaci\u00f3n de la pixelaci\u00f3n, lo que le permite deleitarse con la magnificencia de su asombro y alta resoluci\u00f3n. fotograf\u00edas. D\u00e9jate despedir de la situaci\u00f3n desagradable de las im\u00e1genes pixeladas y abraza el reino cautivador de las im\u00e1genes impresionantes y de primera categor\u00eda con la notable destreza de la imagen inteligente RESIZE PRO.<\/p>\n<ul>\n<li>RESTACI\u00d3N DE IMAGEN DE LA ENTAULA DE ALTA CON LA P\u00e9rdida m\u00ednima de detalles<\/li>\n<li>Interfaz intuitiva y f\u00e1cil de usar para f\u00e1cil uso<\/li>\n<li>Soporte de formato de archivo m\u00faltiple que incluye JPG, PNG, BMP y m\u00e1s<\/li>\n<li>Capacidad para cambiar el tama\u00f1o de las im\u00e1genes a granel para un procesamiento m\u00e1s eficiente<\/li>\n<li>Opciones de cambio de tama\u00f1o personalizables que incluyen relaci\u00f3n de aspecto, dimensiones y resoluci\u00f3n<\/li>\n<li>Algoritmos potentes para garantizar una calidad de imagen \u00f3ptima<\/li>\n<li>Capacidad para obtener la vista previa de los cambios antes de aplicarlos<\/li>\n<li>Opci\u00f3n para guardar im\u00e1genes redimensionadas a un formato de directorio o archivo diferente<\/li>\n<li>Velocidad de procesamiento r\u00e1pida para una edici\u00f3n de imagen r\u00e1pida y eficiente<\/li>\n<li>Actualizaciones de por vida y soporte para el uso y mejora continuos.<\/li>\n<\/ul>\n","protected":false},"excerpt":{"rendered":"<p>Si uno est\u00e1 en busca de un m\u00e9todo confiable y experto para alterar las dimensiones de sus im\u00e1genes digitales, \u00a1su b\u00fasqueda deber\u00eda cesar con Smart Image Reize Pro! Este formidable software aprovecha los algoritmos de vanguardia para garantizar que las fotograf\u00edas se cambian constantemente sin problemas, independientemente de su tama\u00f1o o resoluci\u00f3n inicial. Con controles f\u00e1ciles de usar y una gran cantidad de opciones para la personalizaci\u00f3n, Smart Image Reize Pro sirve como el remedio final para las personas en los \u00e1mbitos de la fotograf\u00eda, el dise\u00f1o gr\u00e1fico y m\u00e1s all\u00e1, que se encuentran en la necesidad de un medio de tama\u00f1o de imagen r\u00e1pido y sin esfuerzo para cambiar el tama\u00f1o de la imagen. . Por lo tanto, \u00bfpor qu\u00e9 retrasar m\u00e1s? \u00a1Aproveche la oportunidad de experimentar la disparidad de primera mano al probar el cambio de tama\u00f1o de la imagen inteligente PRO!<\/p>\n","protected":false},"featured_media":167507,"comment_status":"open","ping_status":"open","template":"","meta":[],"product_brand":[2563],"product_cat":[1212,1206,1211],"product_tag":[2177],"class_list":{"0":"post-115867","1":"product","2":"type-product","3":"status-publish","4":"has-post-thumbnail","6":"product_brand-sirplugin","7":"product_cat-administracion-wordpress-plugins","8":"product_cat-plugins","9":"product_cat-wordpress-plugins","10":"product_tag-sirplugin","11":"member-discount","12":"discount-restricted","14":"first","15":"instock","16":"sale","17":"downloadable","18":"virtual","19":"sold-individually","20":"purchasable","21":"product-type-simple"},"_links":{"self":[{"href":"https:\/\/gpl-love.com\/es\/wp-json\/wp\/v2\/product\/115867","targetHints":{"allow":["GET"]}}],"collection":[{"href":"https:\/\/gpl-love.com\/es\/wp-json\/wp\/v2\/product"}],"about":[{"href":"https:\/\/gpl-love.com\/es\/wp-json\/wp\/v2\/types\/product"}],"replies":[{"embeddable":true,"href":"https:\/\/gpl-love.com\/es\/wp-json\/wp\/v2\/comments?post=115867"}],"wp:featuredmedia":[{"embeddable":true,"href":"https:\/\/gpl-love.com\/es\/wp-json\/wp\/v2\/media\/167507"}],"wp:attachment":[{"href":"https:\/\/gpl-love.com\/es\/wp-json\/wp\/v2\/media?parent=115867"}],"wp:term":[{"taxonomy":"product_brand","embeddable":true,"href":"https:\/\/gpl-love.com\/es\/wp-json\/wp\/v2\/product_brand?post=115867"},{"taxonomy":"product_cat","embeddable":true,"href":"https:\/\/gpl-love.com\/es\/wp-json\/wp\/v2\/product_cat?post=115867"},{"taxonomy":"product_tag","embeddable":true,"href":"https:\/\/gpl-love.com\/es\/wp-json\/wp\/v2\/product_tag?post=115867"}],"curies":[{"name":"wp","href":"https:\/\/api.w.org\/{rel}","templated":true}]}}