{"id":115865,"date":"2021-08-08T00:00:00","date_gmt":"2021-08-08T05:00:00","guid":{"rendered":"http:\/\/gpl-love.com\/es\/?post_type=product&#038;p=115865"},"modified":"2026-03-09T08:27:35","modified_gmt":"2026-03-09T13:27:35","slug":"wordpress-support-all-in-one","status":"publish","type":"product","link":"https:\/\/gpl-love.com\/es\/producto\/wordpress-support-all-in-one\/","title":{"rendered":"WordPress Support All In One 2.2"},"content":{"rendered":"<h3>WordPress Support All In One Caracteristicas<\/h3>\n<p>WordPress Support All in One es una soluci\u00f3n integral y abarrotable que atiende a su diversa gama de necesidades de WordPress. Ofrece una amplia gama de herramientas, asegurando la gesti\u00f3n de sitios web sin problemas. Este servicio abarca varias caracter\u00edsticas indispensables, como mantenimiento del sitio web, optimizaci\u00f3n, seguridad, copias de seguridad y soporte. Al utilizar las notables capacidades de soporte de WordPress, todo en uno, puede mantener actualizado su sitio web y garantizar su funcionalidad ininterrumpida sin lidiar con ning\u00fan problema t\u00e9cnico. Hecho en mente con la m\u00e1xima facilidad de uso, este servicio cuenta con un equipo dedicado de expertos que est\u00e1n a su disposici\u00f3n las 24 horas, los 7 d\u00edas de la semana, f\u00e1cilmente disponible para ayudarlo con cualquier desaf\u00edo que pueda encontrar. Independientemente de su nivel de competencia, ya sea un usuario novato o experimentado, WordPress admite todo en uno abarca todos los elementos esenciales necesarios para garantizar el funcionamiento sin problemas de su sitio web.<\/p>\n<ul>\n<li>Servicios integrales de soporte de WordPress en un paquete conveniente<\/li>\n<li>Disponible para individuos y empresas de todos los tama\u00f1os<\/li>\n<li>Servicio al cliente r\u00e1pido y receptivo con tiempos de respuesta r\u00e1pidos<\/li>\n<li>Equipo de apoyo experimentado con conocimiento profundo de WordPress<\/li>\n<li>Asistencia con una amplia gama de problemas de WordPress, incluidas instalaciones, actualizaciones, seguridad y optimizaci\u00f3n del rendimiento<\/li>\n<li>Planes de soporte personalizados dise\u00f1ados para satisfacer las necesidades espec\u00edficas de cada cliente<\/li>\n<li>Copias de seguridad del sitio web regulares y escaneos de seguridad para garantizar la protecci\u00f3n de datos<\/li>\n<li>Acceso a una base de conocimiento llena de art\u00edculos \u00fatiles, tutoriales y consejos<\/li>\n<li>Precios asequibles con opciones de pago flexibles para mayor comodidad<\/li>\n<li>La tranquilidad de saber que su sitio de WordPress est\u00e1 en buenas manos con los servicios de apoyo profesional.<\/li>\n<\/ul>\n","protected":false},"excerpt":{"rendered":"<p>\u00a1Experimenta la m\u00e1xima conveniencia de nuestro paquete integral de soporte de WordPress! Con nuestro soporte de WordPress en un paquete, obtendr\u00e1 acceso exclusivo y sin restricciones las 24 horas, los 7 d\u00edas de la semana, a nuestro equipo altamente calificado de t\u00e9cnicos, que poseen una amplia experiencia en una amplia gama de \u00e1reas como instalaci\u00f3n, personalizaci\u00f3n, soluci\u00f3n de problemas y recomendaciones de complementos. Adem\u00e1s, tendr\u00e1 el privilegio de adquirir temas premium sin esfuerzo, caracter\u00edsticas de seguridad y herramientas de optimizaci\u00f3n de rendimiento, asegurando que su sitio web funcione sin problemas y eficientemente. Independientemente de si usted es un blogger dedicado, un propietario de una peque\u00f1a empresa o un usuario empresarial, nuestro soporte de WordPress, todo en un paquete, abarca todos los aspectos esenciales necesarios para mantener la funcionalidad perfecta de su sitio web. \u00a1Le recomendamos que aproveche esta oportunidad y presencie de primera mano el incre\u00edble impacto que el soporte experto y todo en uno de WordPress puede tener en su presencia en l\u00ednea!<\/p>\n","protected":false},"featured_media":168358,"comment_status":"open","ping_status":"open","template":"","meta":[],"product_brand":[2614],"product_cat":[1214,1206,1211],"product_tag":[2176],"class_list":{"0":"post-115865","1":"product","2":"type-product","3":"status-publish","4":"has-post-thumbnail","6":"product_brand-ninjateam","7":"product_cat-personalizacion","8":"product_cat-plugins","9":"product_cat-wordpress-plugins","10":"product_tag-ninjateam","11":"member-discount","12":"discount-restricted","14":"first","15":"instock","16":"sale","17":"downloadable","18":"virtual","19":"sold-individually","20":"purchasable","21":"product-type-simple"},"_links":{"self":[{"href":"https:\/\/gpl-love.com\/es\/wp-json\/wp\/v2\/product\/115865","targetHints":{"allow":["GET"]}}],"collection":[{"href":"https:\/\/gpl-love.com\/es\/wp-json\/wp\/v2\/product"}],"about":[{"href":"https:\/\/gpl-love.com\/es\/wp-json\/wp\/v2\/types\/product"}],"replies":[{"embeddable":true,"href":"https:\/\/gpl-love.com\/es\/wp-json\/wp\/v2\/comments?post=115865"}],"wp:featuredmedia":[{"embeddable":true,"href":"https:\/\/gpl-love.com\/es\/wp-json\/wp\/v2\/media\/168358"}],"wp:attachment":[{"href":"https:\/\/gpl-love.com\/es\/wp-json\/wp\/v2\/media?parent=115865"}],"wp:term":[{"taxonomy":"product_brand","embeddable":true,"href":"https:\/\/gpl-love.com\/es\/wp-json\/wp\/v2\/product_brand?post=115865"},{"taxonomy":"product_cat","embeddable":true,"href":"https:\/\/gpl-love.com\/es\/wp-json\/wp\/v2\/product_cat?post=115865"},{"taxonomy":"product_tag","embeddable":true,"href":"https:\/\/gpl-love.com\/es\/wp-json\/wp\/v2\/product_tag?post=115865"}],"curies":[{"name":"wp","href":"https:\/\/api.w.org\/{rel}","templated":true}]}}