{"id":115863,"date":"2021-08-08T00:00:00","date_gmt":"2021-08-08T05:00:00","guid":{"rendered":"http:\/\/gpl-love.com\/es\/?post_type=product&#038;p=115863"},"modified":"2026-03-09T07:22:04","modified_gmt":"2026-03-09T12:22:04","slug":"bp-story-instagram-style-stories-para-wordpress","status":"publish","type":"product","link":"https:\/\/gpl-love.com\/es\/producto\/bp-story-instagram-style-stories-para-wordpress\/","title":{"rendered":"BP Story Instagram Style Stories para WordPress 3.1.3"},"content":{"rendered":"<h3>BP Story Instagram Style Stories para WordPress Caracteristicas<\/h3>\n<p>BP Story Instagram Style Stories para WordPress es un complemento incre\u00edblemente poderoso que ofrece una multitud de caracter\u00edsticas y funcionalidades, llevando efectivamente las historias inmensamente populares de Instagram directamente a su propio sitio web. La interfaz f\u00e1cil de usar proporcionada por este complemento permite la creaci\u00f3n sin esfuerzo de historias visualmente impresionantes y altamente cautivadoras que est\u00e1n obligadas a aprovechar la atenci\u00f3n indivisa de su p\u00fablico objetivo. Adem\u00e1s, este complemento ofrece una amplia gama de opciones de personalizaci\u00f3n, lo que le permite adaptar sus historias para alinearse perfectamente y representar efectivamente su identidad de marca y estilo personal \u00fanicos. Con este complemento a su disposici\u00f3n, tiene la capacidad de incorporar sin esfuerzo texto, im\u00e1genes, videos, as\u00ed como hiperv\u00ednculos a su sitio web u otros perfiles de redes sociales en sus historias, lo que permite una integraci\u00f3n perfecta y una mejor experiencia del usuario. Adem\u00e1s, la compatibilidad de este complemento con todos los temas de WordPress acompa\u00f1ados de su optimizaci\u00f3n para dispositivos m\u00f3viles asegura que sus historias se vean absolutamente impecables, independientemente del tama\u00f1o de la pantalla que se encuentren. Al incorporar las historias de estilo BP Story Instagram para WordPress en su sitio web, esencialmente est\u00e1 llevando su plataforma en l\u00ednea a alturas incomparables, revolucionando de manera efectiva la forma en que se involucra y cautiva a su audiencia, superando as\u00ed todos los niveles anteriores de \u00e9xito y logro.<\/p>\n<ul>\n<li>Capacidad para crear experiencias de historias atractivas e inmersivas en su sitio de WordPress<\/li>\n<li>Interfaz f\u00e1cil de usar similar a las historias de Instagram<\/li>\n<li>Plantillas personalizables para adaptarse a su marca o estilo personal<\/li>\n<li>Dise\u00f1o de pantalla completa y compatible con dispositivos m\u00f3viles para una visualizaci\u00f3n \u00f3ptima en todos los dispositivos<\/li>\n<li>Integraci\u00f3n con plataformas de redes sociales populares para compartir f\u00e1cilmente y un mayor alcance<\/li>\n<li>Opciones para agregar elementos interactivos como encuestas, cuestionarios y cuenta regresiva para aumentar el compromiso<\/li>\n<li>An\u00e1lisis y ideas para rastrear la participaci\u00f3n y tomar decisiones de contenido basadas en datos<\/li>\n<li>Integraci\u00f3n perfecta con su sitio de WordPress existente, sin requeridos habilidades de codificaci\u00f3n<\/li>\n<li>Actualizaciones y soporte regulares para garantizar la compatibilidad con las \u00faltimas tendencias y tecnolog\u00edas<\/li>\n<\/ul>\n","protected":false},"excerpt":{"rendered":"<p>Haga que su sitio de WordPress sea m\u00e1s atractivo con el complemento BP Story, inspirado en las historias de estilo de Instagram. Con BP Story, puede compartir sin esfuerzo actualizaciones diarias, ofertas especiales o vislumbres detr\u00e1s de escena en un formato inmersivo de pantalla completa. Este complemento no solo mejora el atractivo visual de su sitio, sino que tambi\u00e9n aumenta la participaci\u00f3n del usuario. Los usuarios pueden crear, editar y subir sus propias historias, fomentando una comunidad din\u00e1mica e interactiva. Adem\u00e1s, BP Story admite contenido multimedia, lo que permite que las historias cobren vida con im\u00e1genes, videos y GIF. Ya sea que sea un blogger, un sitio de comercio electr\u00f3nico o un negocio, BP Story es la herramienta perfecta para mantener a su audiencia enganchada y regresando por m\u00e1s. \u00a1Expanda sus capacidades de WordPress y enriquezca su experiencia de usuario con las historias de estilo de Instagram de BP Story!<\/p>\n","protected":false},"featured_media":165549,"comment_status":"open","ping_status":"open","template":"","meta":[],"product_brand":[2339],"product_cat":[1214,1206,1211],"product_tag":[1256],"class_list":{"0":"post-115863","1":"product","2":"type-product","3":"status-publish","4":"has-post-thumbnail","6":"product_brand-codecanyon","7":"product_cat-personalizacion","8":"product_cat-plugins","9":"product_cat-wordpress-plugins","10":"product_tag-codecanyon","11":"member-discount","12":"discount-restricted","14":"first","15":"instock","16":"sale","17":"downloadable","18":"virtual","19":"sold-individually","20":"purchasable","21":"product-type-simple"},"_links":{"self":[{"href":"https:\/\/gpl-love.com\/es\/wp-json\/wp\/v2\/product\/115863","targetHints":{"allow":["GET"]}}],"collection":[{"href":"https:\/\/gpl-love.com\/es\/wp-json\/wp\/v2\/product"}],"about":[{"href":"https:\/\/gpl-love.com\/es\/wp-json\/wp\/v2\/types\/product"}],"replies":[{"embeddable":true,"href":"https:\/\/gpl-love.com\/es\/wp-json\/wp\/v2\/comments?post=115863"}],"wp:featuredmedia":[{"embeddable":true,"href":"https:\/\/gpl-love.com\/es\/wp-json\/wp\/v2\/media\/165549"}],"wp:attachment":[{"href":"https:\/\/gpl-love.com\/es\/wp-json\/wp\/v2\/media?parent=115863"}],"wp:term":[{"taxonomy":"product_brand","embeddable":true,"href":"https:\/\/gpl-love.com\/es\/wp-json\/wp\/v2\/product_brand?post=115863"},{"taxonomy":"product_cat","embeddable":true,"href":"https:\/\/gpl-love.com\/es\/wp-json\/wp\/v2\/product_cat?post=115863"},{"taxonomy":"product_tag","embeddable":true,"href":"https:\/\/gpl-love.com\/es\/wp-json\/wp\/v2\/product_tag?post=115863"}],"curies":[{"name":"wp","href":"https:\/\/api.w.org\/{rel}","templated":true}]}}