{"id":115861,"date":"2021-08-08T00:00:00","date_gmt":"2021-08-08T05:00:00","guid":{"rendered":"http:\/\/gpl-love.com\/es\/?post_type=product&#038;p=115861"},"modified":"2026-03-09T07:38:52","modified_gmt":"2026-03-09T12:38:52","slug":"glossary-pro-wordpress-plugin","status":"publish","type":"product","link":"https:\/\/gpl-love.com\/es\/producto\/glossary-pro-wordpress-plugin\/","title":{"rendered":"Glossary Pro WordPress Plugin 2.0.13"},"content":{"rendered":"<h3>Glossary Pro WordPress Plugin Caracteristicas<\/h3>\n<p>El complemento Glossary Pro WordPress es una herramienta excepcionalmente poderosa que satisface las necesidades de los propietarios de sitios web y creadores de contenido que desean ofrecer definiciones y explicaciones completas de los t\u00e9rminos y jerga espec\u00edficos de la industria. Con la utilizaci\u00f3n de este complemento, la creaci\u00f3n y administraci\u00f3n sin esfuerzo de un glosario de t\u00e9rminos a los que los visitantes pueden acceder f\u00e1cilmente desde cualquier p\u00e1gina de su sitio web se convierte en realidad. Adem\u00e1s, el glosario se puede adaptar meticulosamente para alinearse con la est\u00e9tica de su marca, al tiempo que permite la inclusi\u00f3n del contenido multimedia, como las im\u00e1genes y videos informativos visualmente cautivadores, para enriquecer la experiencia general del usuario. Adem\u00e1s, el notable Glosary Pro abarca herramientas de optimizaci\u00f3n de SEO que sirven significativamente para elevar significativamente su visibilidad en los motores de b\u00fasqueda, facilitando as\u00ed el descubrimiento sin problemas de su contenido por su p\u00fablico objetivo previsto. Independientemente de si est\u00e1 operando un blog, una plataforma de comercio electr\u00f3nico o un sitio web rico en informaci\u00f3n, las capacidades notables del complemento Glossary Pro Wordpress est\u00e1n garantizados para ayudarlo a ofrecer informaci\u00f3n invaluable a sus estimados visitantes, que finalmente culman en el aumento del aumento del aumento de participaci\u00f3n del usuario.<\/p>\n<ul>\n<li>Glossary Pro es un poderoso complemento de WordPress dise\u00f1ado para crear y administrar glosarios dentro de su sitio web.<\/li>\n<li>Con Glossary Pro, puede definir f\u00e1cilmente los t\u00e9rminos, monitorear y editar sus entradas de glosario en un solo lugar.<\/li>\n<li>Agregue enlaces a sus t\u00e9rminos de glosario para enrutar a sus visitantes a publicaciones, p\u00e1ginas o recursos externos relacionados.<\/li>\n<li>Cree informaci\u00f3n sobre herramientas personalizadas para mostrar sus definiciones de glosario de manera visualmente atractiva sin comprometer la est\u00e9tica de su sitio web.<\/li>\n<li>Glossary Pro viene con una variedad de caracter\u00edsticas que incluyen enlaces autom\u00e1ticos, soporte de paneles de pan y paginaci\u00f3n para facilitar que los visitantes naveguen su glosario.<\/li>\n<li>El complemento es totalmente personalizable con la capacidad de modificar casi todos los aspectos de Glossary Pro desde fuentes hasta informaci\u00f3n sobre herramientas.<\/li>\n<li>Use este complemento de WordPress para agregar profundidad y contexto al contenido de su sitio web e involucrar mejor a su audiencia.<\/li>\n<li>Glossary Pro es f\u00e1cil de instalar y la interfaz f\u00e1cil de usar hace que sea simple agregar, administrar y personalizar su glosario.<\/li>\n<\/ul>\n","protected":false},"excerpt":{"rendered":"<p>Para las personas que poseen un sitio web o que se dedican a bloguear y desean optimizar su proceso de creaci\u00f3n de contenido, la indispensabilidad del complemento Glossary Pro WordPress no puede ser exagerado. Este complemento extremadamente potente le otorga la capacidad de generar y administrar glosarios sin esfuerzo en su sitio web, facilitando as\u00ed la comprensi\u00f3n de sus lectores de cualquier terminolog\u00eda intrincada o vern\u00e1cula empleada en su contenido. Armado con el complemento Glossary Pro WordPress, tiene la capacidad de agregar definiciones, sin\u00f3nimos e incluso im\u00e1genes a sus elementos de Glosario, cultivando as\u00ed un entorno que fomenta una mayor participaci\u00f3n e iluminaci\u00f3n para sus lectores. Independientemente de si se identifica como blogger, vendedor de contenido o propietario de una empresa a peque\u00f1a escala, el complemento Glossary Pro WordPress constituye una herramienta vers\u00e1til y f\u00e1cil de usar que posee un potencial inmenso para catapultar su sitio web a alturas incomparables.<\/p>\n","protected":false},"featured_media":166267,"comment_status":"open","ping_status":"open","template":"","meta":[],"product_brand":[2466],"product_cat":[1214,1206,1211],"product_tag":[2175],"class_list":{"0":"post-115861","1":"product","2":"type-product","3":"status-publish","4":"has-post-thumbnail","6":"product_brand-codeat","7":"product_cat-personalizacion","8":"product_cat-plugins","9":"product_cat-wordpress-plugins","10":"product_tag-codeat","11":"member-discount","12":"discount-restricted","14":"first","15":"instock","16":"sale","17":"downloadable","18":"virtual","19":"sold-individually","20":"purchasable","21":"product-type-simple"},"_links":{"self":[{"href":"https:\/\/gpl-love.com\/es\/wp-json\/wp\/v2\/product\/115861","targetHints":{"allow":["GET"]}}],"collection":[{"href":"https:\/\/gpl-love.com\/es\/wp-json\/wp\/v2\/product"}],"about":[{"href":"https:\/\/gpl-love.com\/es\/wp-json\/wp\/v2\/types\/product"}],"replies":[{"embeddable":true,"href":"https:\/\/gpl-love.com\/es\/wp-json\/wp\/v2\/comments?post=115861"}],"wp:featuredmedia":[{"embeddable":true,"href":"https:\/\/gpl-love.com\/es\/wp-json\/wp\/v2\/media\/166267"}],"wp:attachment":[{"href":"https:\/\/gpl-love.com\/es\/wp-json\/wp\/v2\/media?parent=115861"}],"wp:term":[{"taxonomy":"product_brand","embeddable":true,"href":"https:\/\/gpl-love.com\/es\/wp-json\/wp\/v2\/product_brand?post=115861"},{"taxonomy":"product_cat","embeddable":true,"href":"https:\/\/gpl-love.com\/es\/wp-json\/wp\/v2\/product_cat?post=115861"},{"taxonomy":"product_tag","embeddable":true,"href":"https:\/\/gpl-love.com\/es\/wp-json\/wp\/v2\/product_tag?post=115861"}],"curies":[{"name":"wp","href":"https:\/\/api.w.org\/{rel}","templated":true}]}}