{"id":115859,"date":"2021-08-08T00:00:00","date_gmt":"2021-08-08T05:00:00","guid":{"rendered":"http:\/\/gpl-love.com\/es\/?post_type=product&#038;p=115859"},"modified":"2026-04-10T11:22:38","modified_gmt":"2026-04-10T16:22:38","slug":"qreate-creative-agency-wordpress-theme","status":"publish","type":"product","link":"https:\/\/gpl-love.com\/es\/producto\/qreate-creative-agency-wordpress-theme\/","title":{"rendered":"Qreate Creative Agency WordPress Theme 1.1.1"},"content":{"rendered":"<h3>Qreate Creative Agency WordPress Theme Caracteristicas<\/h3>\n<p>El tema de WordPress de la agencia creativa Qreate se presenta como una soluci\u00f3n impecable adaptada espec\u00edficamente para las personas que operan en la industria creativa. Con un dise\u00f1o contempor\u00e1neo y elegante, este tema ofrece una amplia gama de opciones de personalizaci\u00f3n, facilitando as\u00ed la creaci\u00f3n de un sitio web distintivo y profesional. Adem\u00e1s, el tema es totalmente receptivo, asegurando as\u00ed su adaptabilidad perfecta a cualquier dispositivo de navegaci\u00f3n. Adem\u00e1s, se ha optimizado meticulosamente para fines de SEO, garantizando una clasificaci\u00f3n favorable en varios motores de b\u00fasqueda. Adem\u00e1s, el tema Qreate posee la compatibilidad de WooCommerce, permitiendo sin esfuerzo a los usuarios vender directamente sus productos o servicios a trav\u00e9s de su sitio web. Adem\u00e1s, el tema cuenta con un constructor de p\u00e1ginas de arrastrar y soltar intuitivo, que simplifica el proceso de elaboraci\u00f3n de p\u00e1ginas y publicaciones. Adem\u00e1s, el tema abarca una selecci\u00f3n diversa de plantillas predise\u00f1adas, incluidas la cartera, el blog y las p\u00e1ginas de contacto, todas las cuales se pueden adaptar sin esfuerzo para cumplir con los requisitos espec\u00edficos del usuario. Al emplear el tema de WordPress de la agencia creativa Qreate, los individuos poseer\u00e1n una caja de herramientas integral, capacit\u00e1ndolos para exhibir efectivamente sus creaciones y su atractivo clientes potenciales.<\/p>\n<ul>\n<li>Un tema de WordPress moderno y elegante dise\u00f1ado espec\u00edficamente para agencias creativas<\/li>\n<li>Dise\u00f1o totalmente receptivo que se ve muy bien en todos los dispositivos<\/li>\n<li>Opciones de personalizaci\u00f3n f\u00e1ciles con constructor de p\u00e1ginas incorporado y numerosos widgets<\/li>\n<li>Una variedad de p\u00e1ginas y dise\u00f1os preconstruidos para cartera, equipo, servicios y m\u00e1s<\/li>\n<li>Integraci\u00f3n con complementos populares como el Formulario de contacto 7 y MailChimp<\/li>\n<li>Optimizaci\u00f3n de SEO y velocidad de carga r\u00e1pida<\/li>\n<li>Actualizaciones de por vida y soporte de los desarrolladores del tema<\/li>\n<li>Compatibilidad con el navegador cruzado con todos los principales navegadores web<\/li>\n<li>Interfaz f\u00e1cil de usar con navegaci\u00f3n intuitiva e informaci\u00f3n f\u00e1cil de encontrar.<\/li>\n<\/ul>\n","protected":false},"excerpt":{"rendered":"<p>Estamos encantados de presentarle el tema de WordPress de la agencia creativa Qreate, una soluci\u00f3n impecable e inigualable meticulosamente elaborada para individuos y organizaciones dentro de la industria creativa que anhelan exhibir su trabajo y servicios excepcionales en el vasto reino del mundo digital. Con un dise\u00f1o contempor\u00e1neo y de moda, Qreate abarca una interfaz f\u00e1cil de usar y una amplia gama de caracter\u00edsticas personalizables, lo que le permite crear un sitio web que se distingue sin esfuerzo en medio de la multitud de plataformas en l\u00ednea. Ya sea que busque exhibir su cartera, anunciar sus servicios o narrar la cautivadora historia de su marca, Qreate simplifica la ardua tarea y le permite manifestar sus ambiciones con facilidad. Entonces, \u00bfpor qu\u00e9 demorarse m\u00e1s? \u00a1Emp\u00e1rate en este viaje transformador hoy y impulse tu presencia en l\u00ednea a alturas sin precedentes adoptando el notable Qreate!<\/p>\n","protected":false},"featured_media":167298,"comment_status":"open","ping_status":"open","template":"","meta":[],"product_brand":[2337],"product_cat":[1267,1237,1238],"product_tag":[1391],"class_list":{"0":"post-115859","1":"product","2":"type-product","3":"status-publish","4":"has-post-thumbnail","6":"product_brand-themeforest","7":"product_cat-creativo","8":"product_cat-temas","9":"product_cat-wordpress-temas","10":"product_tag-themeforest","11":"member-discount","12":"discount-restricted","14":"first","15":"instock","16":"sale","17":"downloadable","18":"virtual","19":"sold-individually","20":"purchasable","21":"product-type-simple"},"_links":{"self":[{"href":"https:\/\/gpl-love.com\/es\/wp-json\/wp\/v2\/product\/115859","targetHints":{"allow":["GET"]}}],"collection":[{"href":"https:\/\/gpl-love.com\/es\/wp-json\/wp\/v2\/product"}],"about":[{"href":"https:\/\/gpl-love.com\/es\/wp-json\/wp\/v2\/types\/product"}],"replies":[{"embeddable":true,"href":"https:\/\/gpl-love.com\/es\/wp-json\/wp\/v2\/comments?post=115859"}],"wp:featuredmedia":[{"embeddable":true,"href":"https:\/\/gpl-love.com\/es\/wp-json\/wp\/v2\/media\/167298"}],"wp:attachment":[{"href":"https:\/\/gpl-love.com\/es\/wp-json\/wp\/v2\/media?parent=115859"}],"wp:term":[{"taxonomy":"product_brand","embeddable":true,"href":"https:\/\/gpl-love.com\/es\/wp-json\/wp\/v2\/product_brand?post=115859"},{"taxonomy":"product_cat","embeddable":true,"href":"https:\/\/gpl-love.com\/es\/wp-json\/wp\/v2\/product_cat?post=115859"},{"taxonomy":"product_tag","embeddable":true,"href":"https:\/\/gpl-love.com\/es\/wp-json\/wp\/v2\/product_tag?post=115859"}],"curies":[{"name":"wp","href":"https:\/\/api.w.org\/{rel}","templated":true}]}}