{"id":115851,"date":"2021-08-07T00:00:00","date_gmt":"2021-08-07T05:00:00","guid":{"rendered":"http:\/\/gpl-love.com\/es\/?post_type=product&#038;p=115851"},"modified":"2026-04-10T11:19:58","modified_gmt":"2026-04-10T16:19:58","slug":"nyla-a-fresh-y-modern-woocommerce-theme","status":"publish","type":"product","link":"https:\/\/gpl-love.com\/es\/producto\/nyla-a-fresh-y-modern-woocommerce-theme\/","title":{"rendered":"Nyla A Fresh y Modern WooCommerce Theme 1.6.11"},"content":{"rendered":"<h3>Nyla A Fresh y Modern WooCommerce Theme Caracteristicas<\/h3>\n<p>Nyla, un tema de WooCommerce excepcional y contempor\u00e1neo, encarna la soluci\u00f3n definitiva para cualquier tienda virtual. Su dise\u00f1o inmaculado y sofisticado garantiza inequ\u00edvocamente que sus productos irradiar\u00e1n el brillantez. El tema est\u00e1 equipado con total capacidad de respuesta, garantizando as\u00ed su adaptabilidad perfecta en todos los dispositivos, desde las computadoras de escritorio convencionales hasta los tel\u00e9fonos m\u00f3viles siempre presentes. Adem\u00e1s, posee la capacidad de personalizar el tema de acuerdo con los tonos y el dise\u00f1o distintivos de su marca, aumentado por una variedad de dise\u00f1os de p\u00e1gina de inicio meticulosamente elaborados que est\u00e1n a su disposici\u00f3n. La interfaz f\u00e1cil de usar de Nyla y el proceso de configuraci\u00f3n sin esfuerzo lo convierten en una opci\u00f3n incomparable para propietarios de tiendas digitales experimentadas y incipientes. En conclusi\u00f3n, Nyla representa una alternativa extraordinaria para las personas en busca de un tema de WooCommerce de vanguardia, de moda y f\u00e1cil de usar.<\/p>\n<ul>\n<li>Dise\u00f1o elegante y moderno, perfecto para cualquier tienda en l\u00ednea<\/li>\n<li>F\u00e1cil de personalizar con varias opciones y caracter\u00edsticas incorporadas<\/li>\n<li>Altamente receptivo y amigable para m\u00f3viles para una experiencia de compra perfecta en cualquier dispositivo<\/li>\n<li>Integraci\u00f3n con complementos y extensiones populares para una funcionalidad mejorada<\/li>\n<li>Optimizado para la velocidad y el rendimiento para tiempos de carga m\u00e1s r\u00e1pidos y SEO mejorado<\/li>\n<li>Opciones de dise\u00f1o flexibles para adaptarse a cualquier producto o est\u00e9tica de marca<\/li>\n<li>Documentaci\u00f3n detallada y soporte \u00fatil para una experiencia de configuraci\u00f3n y uso sin problemas<\/li>\n<li>Actualizaciones y mejoras regulares para garantizar la compatibilidad y la satisfacci\u00f3n continua.<\/li>\n<\/ul>\n","protected":false},"excerpt":{"rendered":"<p>Perm\u00edtame presentarle Nyla, un tema de WooCommerce exquisito y contempor\u00e1neo h\u00e1bilmente dise\u00f1ado para exhibir su emporio virtual de manera elegante y refinada. Ideal para los \u00e1mbitos de la moda, la belleza, el estilo de vida y los art\u00edculos para el hogar, el arreglo inmaculado de Nyla y la navegaci\u00f3n sin esfuerzo comprensible aseguran una experiencia perfecta para compradores potenciales, lo que les permite leer detenidamente sin esfuerzo y hacer compras de su asombrosa variedad de mercanc\u00edas. Con una gran cantidad de atributos personalizables y una elegante est\u00e9tica de vanguardia, Nyla, sin duda, posee el poder de impulsar su tienda digital a alturas de \u00e9xito sin precedentes.<\/p>\n","protected":false},"featured_media":167070,"comment_status":"open","ping_status":"open","template":"","meta":[],"product_brand":[2337],"product_cat":[1263,1264,1237],"product_tag":[1391],"class_list":{"0":"post-115851","1":"product","2":"type-product","3":"status-publish","4":"has-post-thumbnail","6":"product_brand-themeforest","7":"product_cat-comercio-electronico-temas","8":"product_cat-negocio","9":"product_cat-temas","10":"product_tag-themeforest","11":"member-discount","12":"discount-restricted","14":"first","15":"instock","16":"sale","17":"downloadable","18":"virtual","19":"sold-individually","20":"purchasable","21":"product-type-simple"},"_links":{"self":[{"href":"https:\/\/gpl-love.com\/es\/wp-json\/wp\/v2\/product\/115851","targetHints":{"allow":["GET"]}}],"collection":[{"href":"https:\/\/gpl-love.com\/es\/wp-json\/wp\/v2\/product"}],"about":[{"href":"https:\/\/gpl-love.com\/es\/wp-json\/wp\/v2\/types\/product"}],"replies":[{"embeddable":true,"href":"https:\/\/gpl-love.com\/es\/wp-json\/wp\/v2\/comments?post=115851"}],"wp:featuredmedia":[{"embeddable":true,"href":"https:\/\/gpl-love.com\/es\/wp-json\/wp\/v2\/media\/167070"}],"wp:attachment":[{"href":"https:\/\/gpl-love.com\/es\/wp-json\/wp\/v2\/media?parent=115851"}],"wp:term":[{"taxonomy":"product_brand","embeddable":true,"href":"https:\/\/gpl-love.com\/es\/wp-json\/wp\/v2\/product_brand?post=115851"},{"taxonomy":"product_cat","embeddable":true,"href":"https:\/\/gpl-love.com\/es\/wp-json\/wp\/v2\/product_cat?post=115851"},{"taxonomy":"product_tag","embeddable":true,"href":"https:\/\/gpl-love.com\/es\/wp-json\/wp\/v2\/product_tag?post=115851"}],"curies":[{"name":"wp","href":"https:\/\/api.w.org\/{rel}","templated":true}]}}