{"id":115849,"date":"2025-12-18T00:00:00","date_gmt":"2025-12-18T05:00:00","guid":{"rendered":"http:\/\/gpl-love.com\/es\/?post_type=product&#038;p=115849"},"modified":"2026-03-09T07:52:07","modified_gmt":"2026-03-09T12:52:07","slug":"multistep-checkout-pro-para-woocommerce","status":"publish","type":"product","link":"https:\/\/gpl-love.com\/es\/producto\/multistep-checkout-pro-para-woocommerce\/","title":{"rendered":"Multistep Checkout Pro para WooCommerce 2.43"},"content":{"rendered":"<h3>Multistep Checkout Pro para WooCommerce Caracteristicas<\/h3>\n<p>El PRO de pago de varios pasos para WooCommerce es un complemento notablemente eficiente y f\u00e1cil de usar que tiene como objetivo optimizar el proceso de pago para los propietarios de tiendas en l\u00ednea. Logra esto implementando un proceso de pago de varios pasos que descompone efectivamente formularios largos en pasos m\u00e1s manejables, facilitando as\u00ed una experiencia m\u00e1s f\u00e1cil y m\u00e1s perfecta para los clientes al completar sus compras. Este complemento ofrece el beneficio adicional de permitirle personalizar y dise\u00f1ar la p\u00e1gina de pago de una manera que se alinee con la marca de su tienda, mejorando en \u00faltima instancia la experiencia general del usuario. No solo contribuye significativamente a una mejor satisfacci\u00f3n del cliente al simplificar el proceso de pago, sino que tambi\u00e9n aborda efectivamente el problema de las tasas de abandono del carrito y, posteriormente, aumenta las conversiones, lo que finalmente conduce a una mayor generaci\u00f3n de ingresos para su negocio. Adem\u00e1s, vale la pena se\u00f1alar que el Pro de m\u00faltiples peces Pro para WooCommerce se enorgullece de proporcionar soporte receptivo y actualizaciones peri\u00f3dicas para garantizar su compatibilidad con las versiones m\u00e1s actualizadas de WooCommerce. En resumen, es una herramienta indispensable para cualquier propietario de la tienda de WooCommerce que busque optimizar su proceso de pago y elevar la experiencia de compra para sus valiosos clientes.<\/p>\n<ul>\n<li>Agiliza el proceso de pago para los clientes dividi\u00e9ndolo en pasos individuales<\/li>\n<li>Reduce las tasas de abandono del carrito y aumenta las tasas de conversi\u00f3n<\/li>\n<li>Altamente personalizable para adaptarse al aspecto de su tienda en l\u00ednea<\/li>\n<li>Permite m\u00faltiples opciones de pago, incluidos PayPal, Stripe y Credit Card<\/li>\n<li>Proporciona una experiencia de pago para dispositivos m\u00f3viles para los clientes<\/li>\n<li>Ofrece tarifas de env\u00edo en tiempo real y estimaciones de fecha de entrega<\/li>\n<li>Incluye la capacidad de agregar campos personalizados para obtener informaci\u00f3n adicional al cliente o instrucciones especiales<\/li>\n<li>Compatible con WooCommerce y WordPress<\/li>\n<li>Se integra a la perfecci\u00f3n con otros complementos populares de WooCommerce para una funcionalidad mejorada<\/li>\n<li>Ofrece un excelente soporte y documentaci\u00f3n para una f\u00e1cil configuraci\u00f3n y uso.<\/li>\n<\/ul>\n","protected":false},"excerpt":{"rendered":"<p>MultiStep Checkout Pro para WooCommerce es un complemento incre\u00edblemente robusto y eficiente que tiene como objetivo optimizar y optimizar el proceso de pago en su tienda WooCommerce, lo que finalmente garantiza una experiencia sin problemas y sin problemas para sus valiosos clientes. Al incorporar un sistema din\u00e1mico de pago de m\u00faltiples pasos, este complemento le permite elevar la satisfacci\u00f3n del usuario al tiempo que mejora simult\u00e1neamente la probabilidad de convertir potenciales clientes potenciales en ventas exitosas. Adem\u00e1s, este complemento excepcional cuenta con una amplia gama de opciones altamente personalizables, lo que le permite adaptar sin esfuerzo los diversos pasos de pago y la interfaz de usuario para alinearse perfectamente con la est\u00e9tica \u00fanica de su marca. Adem\u00e1s, el pago de m\u00faltiples pasos para WooCommerce se integra sin problemas con una variedad de pasarelas de pago de renombre, solidificando su estado como una herramienta esencial e indispensable para cualquier empresa de comercio electr\u00f3nico. Ej\u00fabate con este notable complemento y prep\u00e1rate para presenciar un aumento sustancial en las ventas, todo mientras superas las expectativas de tus clientes y superas los puntos de referencia de la industria para la satisfacci\u00f3n del cliente.<\/p>\n","protected":false},"featured_media":166839,"comment_status":"open","ping_status":"open","template":"","meta":[],"product_brand":[2501],"product_cat":[1207,1248,1206],"product_tag":[1795],"class_list":{"0":"post-115849","1":"product","2":"type-product","3":"status-publish","4":"has-post-thumbnail","6":"product_brand-silkypress","7":"product_cat-comercio-electronico-plugins","8":"product_cat-personalizacion-comercio-electronico-plugins","9":"product_cat-plugins","10":"product_tag-silkypress","11":"member-discount","12":"discount-restricted","14":"first","15":"instock","16":"sale","17":"downloadable","18":"virtual","19":"sold-individually","20":"purchasable","21":"product-type-simple"},"_links":{"self":[{"href":"https:\/\/gpl-love.com\/es\/wp-json\/wp\/v2\/product\/115849","targetHints":{"allow":["GET"]}}],"collection":[{"href":"https:\/\/gpl-love.com\/es\/wp-json\/wp\/v2\/product"}],"about":[{"href":"https:\/\/gpl-love.com\/es\/wp-json\/wp\/v2\/types\/product"}],"replies":[{"embeddable":true,"href":"https:\/\/gpl-love.com\/es\/wp-json\/wp\/v2\/comments?post=115849"}],"wp:featuredmedia":[{"embeddable":true,"href":"https:\/\/gpl-love.com\/es\/wp-json\/wp\/v2\/media\/166839"}],"wp:attachment":[{"href":"https:\/\/gpl-love.com\/es\/wp-json\/wp\/v2\/media?parent=115849"}],"wp:term":[{"taxonomy":"product_brand","embeddable":true,"href":"https:\/\/gpl-love.com\/es\/wp-json\/wp\/v2\/product_brand?post=115849"},{"taxonomy":"product_cat","embeddable":true,"href":"https:\/\/gpl-love.com\/es\/wp-json\/wp\/v2\/product_cat?post=115849"},{"taxonomy":"product_tag","embeddable":true,"href":"https:\/\/gpl-love.com\/es\/wp-json\/wp\/v2\/product_tag?post=115849"}],"curies":[{"name":"wp","href":"https:\/\/api.w.org\/{rel}","templated":true}]}}