{"id":115847,"date":"2026-03-13T00:00:00","date_gmt":"2026-03-13T05:00:00","guid":{"rendered":"http:\/\/gpl-love.com\/es\/?post_type=product&#038;p=115847"},"modified":"2026-04-10T11:16:25","modified_gmt":"2026-04-10T16:16:25","slug":"memberpress-wp-simple-pay-pro","status":"publish","type":"product","link":"https:\/\/gpl-love.com\/es\/producto\/memberpress-wp-simple-pay-pro\/","title":{"rendered":"MemberPress WP Simple Pay Pro 1.0.3"},"content":{"rendered":"<h3>MemberPress WP Simple Pay Pro Caracteristicas<\/h3>\n<p>MemberPress WP Simple Pay Pro es una soluci\u00f3n de pago robusta y altamente efectiva dise\u00f1ada espec\u00edficamente para sitios web de WordPress. Ofrece una amplia gama de caracter\u00edsticas que le permiten recibir sin esfuerzo pagos de sus valiosos clientes. Este complemento excepcional no solo le permite crear formularios de pago personalizados sin esfuerzo, sino que tambi\u00e9n le permite aceptar pagos \u00fanicos y recurrentes. Adem\u00e1s, incluso le brinda la capacidad de vender productos digitales, mejorando la versatilidad de su negocio en l\u00ednea. La integraci\u00f3n perfecta entre este complemento y MemberPress son a\u00fan m\u00e1s racionalos y simplifica la gesti\u00f3n de sus membres\u00edas y suscripciones. Adem\u00e1s, la naturaleza totalmente personalizable de WP Simple Pay Pro lo permite ejercer un control total sobre los aspectos est\u00e9ticos y funcionales de sus formularios de pago. Por lo tanto, independientemente de si se dedica a la venta de bienes tangibles, la provisi\u00f3n de servicios o la distribuci\u00f3n de contenido digital, MemberPress WP Simple Pay Pro presenta una v\u00eda altamente segura y f\u00e1cil de usar para facilitar los pagos en su estimado sitio web.<\/p>\n<ul>\n<li>Integraci\u00f3n perfecta de MemberPress y WP Simple Pay Pro<\/li>\n<li>Permite una f\u00e1cil gesti\u00f3n de suscripci\u00f3n para cobrar pagos recurrentes<\/li>\n<li>Capacidad para establecer un pago \u00fanico por cargos no recurrentes<\/li>\n<li>Formularios de pago personalizables para que coincidan con su marca<\/li>\n<li>Procesamiento de pago seguro con Stripe<\/li>\n<li>Informes detallados e historial de transacciones para una f\u00e1cil gesti\u00f3n y seguimiento<\/li>\n<li>Documentaci\u00f3n de soporte \u00fatil y servicio al cliente<\/li>\n<li>Capacidad para m\u00faltiples niveles de precios y planes de suscripci\u00f3n<\/li>\n<\/ul>\n","protected":false},"excerpt":{"rendered":"<p>El MemberPress WP Simple Pay Pro es una soluci\u00f3n de pago excepcionalmente robusta y eficiente espec\u00edficamente dise\u00f1ada para sitios web de WordPress. Esta notable herramienta le permite establecer y personalizar sin esfuerzo las opciones de pago, as\u00ed como los planes de suscripci\u00f3n en su estimado sitio web, facilitando as\u00ed la monetizaci\u00f3n lucrativa de su contenido invaluable y, en \u00faltima instancia, le permite generar ingresos sustanciales. Con su proceso de configuraci\u00f3n notablemente f\u00e1cil de usar y sin complicaciones y su interfaz de usuario altamente intuitiva, puede embarcarse r\u00e1pidamente en aceptar pagos en poco tiempo. Independientemente de si est\u00e1 tratando de vender productos digitales, bienes tangibles o incluso proporcionar contenido premium exclusivo, tenga la seguridad de que este complemento fenomenal posee todas las caracter\u00edsticas y funcionalidades esenciales para acomodar a la perfecci\u00f3n sus diversas necesidades y requisitos. Adem\u00e1s, se integra sin problemas con el complemento MemberPress incomparable, dot\u00e1ndole as\u00ed una soluci\u00f3n integral y hol\u00edstica para administrar y supervisar sin esfuerzo sus membres\u00edas y pagos con la m\u00e1xima eficiencia y efectividad. No pierda tiempo y experimente las ventajas inigualables y los beneficios invaluables del miembro Simple Pay Pro de MemberPress WP hoy, y eleven sus estimados negocios en l\u00ednea a alturas de \u00e9xito y prosperidad sin precedentes.<\/p>\n","protected":false},"featured_media":166763,"comment_status":"open","ping_status":"open","template":"","meta":[],"product_brand":[2496],"product_cat":[1325,1206,1211],"product_tag":[1327],"class_list":{"0":"post-115847","1":"product","2":"type-product","3":"status-publish","4":"has-post-thumbnail","6":"product_brand-memberpress","7":"product_cat-afiliacion","8":"product_cat-plugins","9":"product_cat-wordpress-plugins","10":"product_tag-memberpress","11":"member-discount","12":"discount-restricted","14":"first","15":"instock","16":"sale","17":"downloadable","18":"virtual","19":"sold-individually","20":"purchasable","21":"product-type-simple"},"_links":{"self":[{"href":"https:\/\/gpl-love.com\/es\/wp-json\/wp\/v2\/product\/115847","targetHints":{"allow":["GET"]}}],"collection":[{"href":"https:\/\/gpl-love.com\/es\/wp-json\/wp\/v2\/product"}],"about":[{"href":"https:\/\/gpl-love.com\/es\/wp-json\/wp\/v2\/types\/product"}],"replies":[{"embeddable":true,"href":"https:\/\/gpl-love.com\/es\/wp-json\/wp\/v2\/comments?post=115847"}],"wp:featuredmedia":[{"embeddable":true,"href":"https:\/\/gpl-love.com\/es\/wp-json\/wp\/v2\/media\/166763"}],"wp:attachment":[{"href":"https:\/\/gpl-love.com\/es\/wp-json\/wp\/v2\/media?parent=115847"}],"wp:term":[{"taxonomy":"product_brand","embeddable":true,"href":"https:\/\/gpl-love.com\/es\/wp-json\/wp\/v2\/product_brand?post=115847"},{"taxonomy":"product_cat","embeddable":true,"href":"https:\/\/gpl-love.com\/es\/wp-json\/wp\/v2\/product_cat?post=115847"},{"taxonomy":"product_tag","embeddable":true,"href":"https:\/\/gpl-love.com\/es\/wp-json\/wp\/v2\/product_tag?post=115847"}],"curies":[{"name":"wp","href":"https:\/\/api.w.org\/{rel}","templated":true}]}}