{"id":115845,"date":"2021-08-07T00:00:00","date_gmt":"2021-08-07T05:00:00","guid":{"rendered":"http:\/\/gpl-love.com\/es\/?post_type=product&#038;p=115845"},"modified":"2026-04-10T11:16:24","modified_gmt":"2026-04-10T16:16:24","slug":"memberpress-woocommerce","status":"publish","type":"product","link":"https:\/\/gpl-love.com\/es\/producto\/memberpress-woocommerce\/","title":{"rendered":"MemberPress WooCommerce 1.0.5"},"content":{"rendered":"<h3>MemberPress WooCommerce Caracteristicas<\/h3>\n<p>MemberPress WooCommerce es una soluci\u00f3n de comercio electr\u00f3nico altamente robusta y sofisticada que brinda a los usuarios la notable capacidad de vender y administrar sin esfuerzo membres\u00edas, suscripciones y productos digitales. Esta integraci\u00f3n excepcional sirve como catalizador al otorgarle el invaluable poder para regular meticulosamente el acceso a sus productos estimados y contenido invaluable, todo dependiendo de los niveles de membres\u00eda diversos y distintivos. Adem\u00e1s, tambi\u00e9n facilita la automatizaci\u00f3n de pagos recurrentes y facilita la provisi\u00f3n de descuentos exclusivos para resolver a los miembros resueltos y dedicados. Con la asistencia inigualable de MemberPress WooCommerce, se le otorga un sentido incomparable de autoridad y control sobre su estimada tienda en l\u00ednea, otorg\u00e1ndole la capacidad sin precedentes para administrar meticulosamente la informaci\u00f3n del cliente y expede y optimiza sustancialmente el proceso de control de la compra a menudo laborioso y de oftentimes. Colectivamente, este complemento extraordinario e indispensable indudablemente se destaca como una opci\u00f3n incomparable y m\u00e1xima \u00f3ptima para una variedad de empresas que anhelan monetizar efectivamente su invaluable presencia en l\u00ednea y ofrecer una variedad de contenido atractivo y cautivador solo para miembros con facilidad de utilidad y eficiencia sin problemas.<\/p>\n<ul>\n<li>Integraci\u00f3n entre MemberPress y WooCommerce<\/li>\n<li>Capacidad para vender membres\u00edas de MemberPress como productos en WooCommerce<\/li>\n<li>Proceso de pago simplificado para clientes que compran membres\u00edas a trav\u00e9s de WooCommerce<\/li>\n<li>Creaci\u00f3n autom\u00e1tica de cuentas de MemberPress para clientes que compran productos de membres\u00eda a trav\u00e9s de WooCommerce<\/li>\n<li>Informes detallados y seguimiento de las ventas de membres\u00eda a trav\u00e9s de WooCommerce<\/li>\n<li>Sincronizaci\u00f3n perfecta de datos de membres\u00eda entre MemberPress y WooCommerce para la gesti\u00f3n precisa de los miembros<\/li>\n<li>Posibilidad de ofrecer ventajas o complementos con productos de membres\u00eda en WooCommerce<\/li>\n<li>Opci\u00f3n de suscripciones recurrentes para membres\u00edas vendidas a trav\u00e9s de WooCommerce<\/li>\n<li>Gesti\u00f3n conveniente de membres\u00edas y ventas en una ubicaci\u00f3n central con el uso de MemberPress y WooCommerce<\/li>\n<\/ul>\n","protected":false},"excerpt":{"rendered":"<p>MemberPress WooCommerce, un complemento incre\u00edblemente robusto, combina sin esfuerzo el brillante software del sitio de membres\u00eda de MemberPress con la vers\u00e1til plataforma WooCommerce. A trav\u00e9s de esta integraci\u00f3n perfecta, obtiene la notable capacidad de comercializar sin esfuerzo y vender planes de membres\u00eda y varios productos dentro de su tienda WooCommerce. Adem\u00e1s, esta integraci\u00f3n tambi\u00e9n proporciona acceso exclusivo a contenido restringido y caracter\u00edsticas exclusivas basadas en los niveles de membres\u00eda \u00fanicos. Al aprovechar el poder de MemberPress WooCommerce, puede construir efectivamente una tienda en l\u00ednea completamente personalizada y armoniosamente integrada, asegurando una experiencia de usuario perfecta y fluida para su estimada clientela.<\/p>\n","protected":false},"featured_media":166762,"comment_status":"open","ping_status":"open","template":"","meta":[],"product_brand":[2496],"product_cat":[1325,1206,1211],"product_tag":[1327],"class_list":{"0":"post-115845","1":"product","2":"type-product","3":"status-publish","4":"has-post-thumbnail","6":"product_brand-memberpress","7":"product_cat-afiliacion","8":"product_cat-plugins","9":"product_cat-wordpress-plugins","10":"product_tag-memberpress","11":"member-discount","12":"discount-restricted","14":"first","15":"instock","16":"sale","17":"downloadable","18":"virtual","19":"sold-individually","20":"purchasable","21":"product-type-simple"},"_links":{"self":[{"href":"https:\/\/gpl-love.com\/es\/wp-json\/wp\/v2\/product\/115845","targetHints":{"allow":["GET"]}}],"collection":[{"href":"https:\/\/gpl-love.com\/es\/wp-json\/wp\/v2\/product"}],"about":[{"href":"https:\/\/gpl-love.com\/es\/wp-json\/wp\/v2\/types\/product"}],"replies":[{"embeddable":true,"href":"https:\/\/gpl-love.com\/es\/wp-json\/wp\/v2\/comments?post=115845"}],"wp:featuredmedia":[{"embeddable":true,"href":"https:\/\/gpl-love.com\/es\/wp-json\/wp\/v2\/media\/166762"}],"wp:attachment":[{"href":"https:\/\/gpl-love.com\/es\/wp-json\/wp\/v2\/media?parent=115845"}],"wp:term":[{"taxonomy":"product_brand","embeddable":true,"href":"https:\/\/gpl-love.com\/es\/wp-json\/wp\/v2\/product_brand?post=115845"},{"taxonomy":"product_cat","embeddable":true,"href":"https:\/\/gpl-love.com\/es\/wp-json\/wp\/v2\/product_cat?post=115845"},{"taxonomy":"product_tag","embeddable":true,"href":"https:\/\/gpl-love.com\/es\/wp-json\/wp\/v2\/product_tag?post=115845"}],"curies":[{"name":"wp","href":"https:\/\/api.w.org\/{rel}","templated":true}]}}