{"id":115843,"date":"2021-08-07T00:00:00","date_gmt":"2021-08-07T05:00:00","guid":{"rendered":"http:\/\/gpl-love.com\/es\/?post_type=product&#038;p=115843"},"modified":"2026-04-10T11:16:23","modified_gmt":"2026-04-10T16:16:23","slug":"memberpress-user-roles","status":"publish","type":"product","link":"https:\/\/gpl-love.com\/es\/producto\/memberpress-user-roles\/","title":{"rendered":"MemberPress User Roles 1.0.5"},"content":{"rendered":"<h3>MemberPress User Roles Caracteristicas<\/h3>\n<p>MemberPress User Roles es un complemento inmensamente poderoso que proporciona a los propietarios de sitios web la capacidad conveniente para administrar y asignar roles y permisos de usuarios en sus sitios de WordPress. Al utilizar esta herramienta, los usuarios tienen la oportunidad de generar roles personalizados de los usuarios, regular la accesibilidad a p\u00e1ginas o publicaciones espec\u00edficas e incluso salvaguardar su contenido de cualquier acceso no autorizado. Con su interfaz notablemente f\u00e1cil de usar, los roles de usuario de MemberPress optimizan efectivamente el proceso de administrar los permisos de los usuarios, lo que finalmente garantiza la seguridad fortificada de su sitio. Independientemente de si posee un blog modesto o un sitio de comercio electr\u00f3nico en expansi\u00f3n, este complemento representa indudablemente una herramienta indispensable para cualquier usuario de WordPress que busque mantener la mayor organizaci\u00f3n y seguridad en su sitio. En consecuencia, si posee el deseo de confiscar el control sobre los roles y permisos de usuario de su sitio, se hace evidente que los roles de usuario de MemberPress se destacan como la soluci\u00f3n por excelencia para usted.<\/p>\n<ul>\n<li>Permite a los propietarios de sitios web crear y administrar m\u00faltiples roles de usuario para su sitio de membres\u00eda<\/li>\n<li>Proporciona opciones de flexibilidad y personalizaci\u00f3n para diferentes niveles de acceso y permisos<\/li>\n<li>Permite a los propietarios del sitio configurar restricciones de contenido \u00fanicas y reglas de acceso para cada rol de usuario<\/li>\n<li>Rimensione las tareas administrativas al automatizar la asignaci\u00f3n y la gesti\u00f3n de roles del usuario<\/li>\n<li>Se integra a la perfecci\u00f3n con el complemento de membres\u00eda de MemberPress para una experiencia de usuario sin problemas<\/li>\n<li>Proporciona an\u00e1lisis detallados e informes para rastrear la actividad y el compromiso del usuario<\/li>\n<li>Ofrece protocolos seguros de inicio de sesi\u00f3n y autenticaci\u00f3n para salvaguardar los datos y el contenido del usuario<\/li>\n<li>Empodera a los propietarios del sitio web para crear una experiencia de usuario personalizada y atractiva para sus miembros.<\/li>\n<\/ul>\n","protected":false},"excerpt":{"rendered":"<p>Roles de usuario de MemberPress es un complemento de WordPress incre\u00edblemente robusto y altamente funcional que proporciona un medio verdaderamente din\u00e1mico y vers\u00e1til para adaptar los roles de los usuarios en su sitio web. Este complemento excepcional cuenta con una amplia gama de caracter\u00edsticas excepcionalmente avanzadas, lo que le brinda la mayor comodidad y facilidad cuando se trata de dise\u00f1ar, modificar y supervisar sin esfuerzo roles de acuerdo con sus requisitos \u00fanicos y espec\u00edficos. Al utilizar las notables capacidades de los roles de usuario de MemberPress, puede ejercer un control completo de manera efectiva y eficiente sobre el acceso a varios componentes de su sitio web, as\u00ed como restringir h\u00e1bilmente el contenido e integrarse sin problemas con una gran cantidad de otros complementos. Independientemente de si se encuentra al frente de un bullicioso sitio de comercio electr\u00f3nico, un sitio de membres\u00eda pr\u00f3spero o incluso un blog cautivador y atractivo, este notable complemento est\u00e1 listo y listo para ofrecerle una soluci\u00f3n incomparable e inmensamente efectiva para administrar h\u00e1bilmente sus roles de usuario con facilidad incomparable.<\/p>\n","protected":false},"featured_media":166761,"comment_status":"open","ping_status":"open","template":"","meta":[],"product_brand":[2496],"product_cat":[1325,1206,1211],"product_tag":[1327],"class_list":{"0":"post-115843","1":"product","2":"type-product","3":"status-publish","4":"has-post-thumbnail","6":"product_brand-memberpress","7":"product_cat-afiliacion","8":"product_cat-plugins","9":"product_cat-wordpress-plugins","10":"product_tag-memberpress","11":"member-discount","12":"discount-restricted","14":"first","15":"instock","16":"sale","17":"downloadable","18":"virtual","19":"sold-individually","20":"purchasable","21":"product-type-simple"},"_links":{"self":[{"href":"https:\/\/gpl-love.com\/es\/wp-json\/wp\/v2\/product\/115843","targetHints":{"allow":["GET"]}}],"collection":[{"href":"https:\/\/gpl-love.com\/es\/wp-json\/wp\/v2\/product"}],"about":[{"href":"https:\/\/gpl-love.com\/es\/wp-json\/wp\/v2\/types\/product"}],"replies":[{"embeddable":true,"href":"https:\/\/gpl-love.com\/es\/wp-json\/wp\/v2\/comments?post=115843"}],"wp:featuredmedia":[{"embeddable":true,"href":"https:\/\/gpl-love.com\/es\/wp-json\/wp\/v2\/media\/166761"}],"wp:attachment":[{"href":"https:\/\/gpl-love.com\/es\/wp-json\/wp\/v2\/media?parent=115843"}],"wp:term":[{"taxonomy":"product_brand","embeddable":true,"href":"https:\/\/gpl-love.com\/es\/wp-json\/wp\/v2\/product_brand?post=115843"},{"taxonomy":"product_cat","embeddable":true,"href":"https:\/\/gpl-love.com\/es\/wp-json\/wp\/v2\/product_cat?post=115843"},{"taxonomy":"product_tag","embeddable":true,"href":"https:\/\/gpl-love.com\/es\/wp-json\/wp\/v2\/product_tag?post=115843"}],"curies":[{"name":"wp","href":"https:\/\/api.w.org\/{rel}","templated":true}]}}