{"id":115841,"date":"2021-08-07T00:00:00","date_gmt":"2021-08-07T05:00:00","guid":{"rendered":"http:\/\/gpl-love.com\/es\/?post_type=product&#038;p=115841"},"modified":"2026-04-10T11:16:22","modified_gmt":"2026-04-10T16:16:22","slug":"memberpress-sendy","status":"publish","type":"product","link":"https:\/\/gpl-love.com\/es\/producto\/memberpress-sendy\/","title":{"rendered":"MemberPress Sendy 1.0.5"},"content":{"rendered":"<h3>MemberPress Sendy Caracteristicas<\/h3>\n<p>La integraci\u00f3n de Sendy MemberPress es una herramienta incre\u00edblemente robusta y din\u00e1mica que permite a los propietarios de sitios web conectar sin problemas su sitio de membres\u00eda de MemberPress con el software de marketing de correo electr\u00f3nico Sendy altamente efectivo. Esta integraci\u00f3n ofrece a los usuarios la capacidad incomparable para difundir sin esfuerzo campa\u00f1as de correo electr\u00f3nico personalizadas y dirigidas con precisi\u00f3n a sus estimados miembros directamente de Sendy, todo sin la necesidad de complementos o herramientas complementarias. A trav\u00e9s de la utilizaci\u00f3n de la integraci\u00f3n de MemberPress Sendy, a los propietarios de sitios web se les otorga la capacidad de supervisar y administrar sin esfuerzo sus diversas listas de correo electr\u00f3nico, artesan\u00eda y adaptan los segmentos personalizados, monitorean y eval\u00faa de cerca el rendimiento de sus respectivas campa\u00f1as de correo electr\u00f3nico, e incluso automatiza todo el proceso. MiemberPress Sendy es realmente una herramienta innovadora y revolucionaria que no solo facilita una comunicaci\u00f3n efectiva entre los propietarios de sitios web y sus valiosos miembros, sino que tambi\u00e9n sirve como un catalizador para una mayor participaci\u00f3n y, en \u00faltima instancia, aumenta las conversiones. Es un activo indispensable para cualquier negocio que busque optimizar y elevar sus esfuerzos de marketing por correo electr\u00f3nico.<\/p>\n<ul>\n<li>Integraci\u00f3n perfecta entre MemberPress y Sendy<\/li>\n<li>Actualice instant\u00e1neamente su lista de correo de Sendy con nuevos datos de miembros de MemberPress<\/li>\n<li>Automatice la comunicaci\u00f3n por correo electr\u00f3nico a los miembros con las poderosas herramientas de marketing por correo electr\u00f3nico de Sendy<\/li>\n<li>Ahorre tiempo y aumente la eficiencia eliminando la necesidad de entrada manual de datos o transferencias de archivos CSV<\/li>\n<li>Mejorar la participaci\u00f3n y la retenci\u00f3n de los miembros con campa\u00f1as de correo electr\u00f3nico personalizadas y espec\u00edficas de Sendy<\/li>\n<li>Interfaz f\u00e1cil de usar para una f\u00e1cil configuraci\u00f3n y personalizaci\u00f3n de campa\u00f1as de correo electr\u00f3nico<\/li>\n<li>Una soluci\u00f3n rentable para el marketing por correo electr\u00f3nico y las necesidades de gesti\u00f3n de membres\u00eda.<\/li>\n<\/ul>\n","protected":false},"excerpt":{"rendered":"<p>MemberPress Sendy, una herramienta de integraci\u00f3n incre\u00edblemente potente, le ofrece la notable oportunidad de establecer sin esfuerzo una conexi\u00f3n perfecta entre su sitio de membres\u00eda y la ampliamente aclamada plataforma de marketing por correo electr\u00f3nico conocida como Sendy. En virtud de esta integraci\u00f3n excepcional, obtiene la capacidad de automatizar sus campa\u00f1as de correo electr\u00f3nico con la mayor facilidad, difundir contenido personalizado a sus suscriptores apreciados y monitorear meticulosamente las m\u00e9tricas de rendimiento, durante la comodidad de su Dashboard de MemberPress. Adem\u00e1s, esta integraci\u00f3n se presta para brindarle un comando incomparable sobre las notificaciones de correo electr\u00f3nico, asegurando as\u00ed que sus miembros estimados permanezcan completamente comprometidos y exquisitamente informados, todo mientras ejerce un esfuerzo m\u00ednimo de su parte. Por lo tanto, si aspira a elevar su sitio de membres\u00eda a alturas sin precedentes, \u00a1tenga la seguridad de que la soluci\u00f3n fenomenal que es miembro Sendy le espera con los brazos abiertos!<\/p>\n","protected":false},"featured_media":166760,"comment_status":"open","ping_status":"open","template":"","meta":[],"product_brand":[2496],"product_cat":[1325,1206,1211],"product_tag":[1327],"class_list":{"0":"post-115841","1":"product","2":"type-product","3":"status-publish","4":"has-post-thumbnail","6":"product_brand-memberpress","7":"product_cat-afiliacion","8":"product_cat-plugins","9":"product_cat-wordpress-plugins","10":"product_tag-memberpress","11":"member-discount","12":"discount-restricted","14":"first","15":"instock","16":"sale","17":"downloadable","18":"virtual","19":"sold-individually","20":"purchasable","21":"product-type-simple"},"_links":{"self":[{"href":"https:\/\/gpl-love.com\/es\/wp-json\/wp\/v2\/product\/115841","targetHints":{"allow":["GET"]}}],"collection":[{"href":"https:\/\/gpl-love.com\/es\/wp-json\/wp\/v2\/product"}],"about":[{"href":"https:\/\/gpl-love.com\/es\/wp-json\/wp\/v2\/types\/product"}],"replies":[{"embeddable":true,"href":"https:\/\/gpl-love.com\/es\/wp-json\/wp\/v2\/comments?post=115841"}],"wp:featuredmedia":[{"embeddable":true,"href":"https:\/\/gpl-love.com\/es\/wp-json\/wp\/v2\/media\/166760"}],"wp:attachment":[{"href":"https:\/\/gpl-love.com\/es\/wp-json\/wp\/v2\/media?parent=115841"}],"wp:term":[{"taxonomy":"product_brand","embeddable":true,"href":"https:\/\/gpl-love.com\/es\/wp-json\/wp\/v2\/product_brand?post=115841"},{"taxonomy":"product_cat","embeddable":true,"href":"https:\/\/gpl-love.com\/es\/wp-json\/wp\/v2\/product_cat?post=115841"},{"taxonomy":"product_tag","embeddable":true,"href":"https:\/\/gpl-love.com\/es\/wp-json\/wp\/v2\/product_tag?post=115841"}],"curies":[{"name":"wp","href":"https:\/\/api.w.org\/{rel}","templated":true}]}}