{"id":115839,"date":"2024-12-01T00:00:00","date_gmt":"2024-12-01T05:00:00","guid":{"rendered":"http:\/\/gpl-love.com\/es\/producto\/memberpress-math-captcha\/"},"modified":"2026-04-10T11:16:21","modified_gmt":"2026-04-10T16:16:21","slug":"memberpress-math-captcha","status":"publish","type":"product","link":"https:\/\/gpl-love.com\/es\/producto\/memberpress-math-captcha\/","title":{"rendered":"MemberPress Math CAPTCHA 1.1.10"},"content":{"rendered":"<h3>MemberPress Math CAPTCHA Caracteristicas<\/h3>\n<p>MemberPress Math Captcha es una herramienta incre\u00edblemente robusta y altamente eficiente que sirve para salvaguardar su sitio web contra la insidiosa invasi\u00f3n de spam no deseado y bots maliciosos. Al emplear ecuaciones matem\u00e1ticas intrincadas y avanzadas, esta notable herramienta filtra efectivamente entidades automatizadas, asegurando as\u00ed que solo a las personas genuinas y de buena fe se les otorga acceso a su estimado contenido y servicios estimados. Adem\u00e1s, este complemento excepcional cuenta con una interfaz f\u00e1cil de usar, lo que hace que el proceso de instalaci\u00f3n y utilizaci\u00f3n sea muy f\u00e1cil. Adem\u00e1s, se integra perfectamente con MemberPress, un complemento de membres\u00eda excepcional y preeminente para WordPress. Al adoptar las poderosas capacidades de MemberPress Math Captcha, puede fortalecer las medidas de seguridad de su sitio web, fomentando as\u00ed una experiencia de usuario mejorada e incomparable para sus miembros estimados y apreciados.<\/p>\n<ul>\n<li>Resuelve el problema de los registros de spam en su sitio web<\/li>\n<li>Utiliza ecuaciones matem\u00e1ticas como captcha para verificar la interacci\u00f3n humana<\/li>\n<li>Dificulta que los bots registren y accedan a su contenido<\/li>\n<li>Se integra a la perfecci\u00f3n con el complemento de MemberPress<\/li>\n<li>Configuraci\u00f3n y opciones personalizables para las necesidades de su sitio web<\/li>\n<li>Proporciona una soluci\u00f3n CAPTCHA f\u00e1cil de usar y accesible<\/li>\n<li>Mejora la seguridad y la protecci\u00f3n del sitio web contra la actividad fraudulenta<\/li>\n<li>F\u00e1cil de instalar y configurar con instrucciones paso a paso<\/li>\n<li>Proporciona un complemento peque\u00f1o pero significativo a la funcionalidad de su sitio web<\/li>\n<li>Actualiza su sitio web a una experiencia m\u00e1s profesional y simplificada para sus usuarios.<\/li>\n<\/ul>\n","protected":false},"excerpt":{"rendered":"<p>MemberPress Math Captcha sirve como una herramienta excepcionalmente potente que satisface las necesidades de los propietarios de sitios web que est\u00e1n decididos a salvaguardar su sitio de membres\u00eda contra los bots spam y maliciosos. Al incorporar este complemento en sus formularios de registro e inicio de sesi\u00f3n, se introduce una ecuaci\u00f3n matem\u00e1tica directa, lo que requiere que los usuarios lo resuelvan con \u00e9xito antes de poder enviar el formulario. Esta caracter\u00edstica particular juega un papel fundamental en la garant\u00eda de que a las personas \u00fanicamente aut\u00e9nticas se les otorgue acceso a su sitio, en consecuencia, mitigando la amenaza potencial de conducta enga\u00f1osa. Ofreciendo una amplia gama de opciones personalizables y una integraci\u00f3n perfecta con MemberPress, Math Captcha, sin duda, garantiza su indispensabilidad para cualquier sitio de membres\u00eda.<\/p>\n","protected":false},"featured_media":166759,"comment_status":"open","ping_status":"open","template":"","meta":[],"product_brand":[2496],"product_cat":[1325,1206,1211],"product_tag":[1327],"class_list":{"0":"post-115839","1":"product","2":"type-product","3":"status-publish","4":"has-post-thumbnail","6":"product_brand-memberpress","7":"product_cat-afiliacion","8":"product_cat-plugins","9":"product_cat-wordpress-plugins","10":"product_tag-memberpress","11":"member-discount","12":"discount-restricted","14":"first","15":"instock","16":"sale","17":"downloadable","18":"virtual","19":"sold-individually","20":"purchasable","21":"product-type-simple"},"_links":{"self":[{"href":"https:\/\/gpl-love.com\/es\/wp-json\/wp\/v2\/product\/115839","targetHints":{"allow":["GET"]}}],"collection":[{"href":"https:\/\/gpl-love.com\/es\/wp-json\/wp\/v2\/product"}],"about":[{"href":"https:\/\/gpl-love.com\/es\/wp-json\/wp\/v2\/types\/product"}],"replies":[{"embeddable":true,"href":"https:\/\/gpl-love.com\/es\/wp-json\/wp\/v2\/comments?post=115839"}],"wp:featuredmedia":[{"embeddable":true,"href":"https:\/\/gpl-love.com\/es\/wp-json\/wp\/v2\/media\/166759"}],"wp:attachment":[{"href":"https:\/\/gpl-love.com\/es\/wp-json\/wp\/v2\/media?parent=115839"}],"wp:term":[{"taxonomy":"product_brand","embeddable":true,"href":"https:\/\/gpl-love.com\/es\/wp-json\/wp\/v2\/product_brand?post=115839"},{"taxonomy":"product_cat","embeddable":true,"href":"https:\/\/gpl-love.com\/es\/wp-json\/wp\/v2\/product_cat?post=115839"},{"taxonomy":"product_tag","embeddable":true,"href":"https:\/\/gpl-love.com\/es\/wp-json\/wp\/v2\/product_tag?post=115839"}],"curies":[{"name":"wp","href":"https:\/\/api.w.org\/{rel}","templated":true}]}}