{"id":115837,"date":"2026-04-08T00:00:00","date_gmt":"2026-04-08T05:00:00","guid":{"rendered":"http:\/\/gpl-love.com\/es\/?post_type=product&#038;p=115837"},"modified":"2026-04-10T11:16:20","modified_gmt":"2026-04-10T16:16:20","slug":"memberpress-mailster","status":"publish","type":"product","link":"https:\/\/gpl-love.com\/es\/producto\/memberpress-mailster\/","title":{"rendered":"MemberPress Mailster 1.1.5"},"content":{"rendered":"<h3>MemberPress Mailster Caracteristicas<\/h3>\n<p>MemberPress Mailster ofrece una integraci\u00f3n s\u00f3lida que simplifica el proceso de conectar su sitio de membres\u00eda de MemberPress a la plataforma de marketing por correo electr\u00f3nico de Mailster ampliamente popular. Esta integraci\u00f3n proporciona una forma perfecta de administrar efectivamente sus suscriptores de correo electr\u00f3nico y enviar campa\u00f1as de correo electr\u00f3nico espec\u00edficas sin esfuerzo directamente a sus valiosos miembros. No solo eso, sino que MemberPress Mailster tambi\u00e9n proporciona la notable capacidad de segmentar a su audiencia en funci\u00f3n de varios factores, como el nivel de membres\u00eda, el historial de compras y otros criterios relevantes. Como resultado, est\u00e1 facultado para crear mensajes altamente personalizados y a medida que realmente resuenen con sus estimados suscriptores. Ya sea que su objetivo sea mejorar la participaci\u00f3n, elevar las tasas de conversi\u00f3n o generar m\u00e1s ingresos, MemberPress Mailster sirve como la soluci\u00f3n perfecta para cualquier propietario del sitio de membres\u00eda que busque elevar sus esfuerzos de marketing por correo electr\u00f3nico a alturas sin precedentes.<\/p>\n<ul>\n<li>Integraci\u00f3n de MemberPress con Mailster, el complemento de automatizaci\u00f3n de marketing por correo electr\u00f3nico para WordPress<\/li>\n<li>Capacidad para administrar y enviar f\u00e1cilmente campa\u00f1as de correo electr\u00f3nico espec\u00edficas a los miembros de MemberPress<\/li>\n<li>Opciones de segmentaci\u00f3n avanzada para crear listas de correo electr\u00f3nico \u00fanicas basadas en los niveles de membres\u00eda, el historial de compras y m\u00e1s<\/li>\n<li>Contenido de correo electr\u00f3nico personalizado utilizando los campos de datos de MemberPress, como el nombre y los detalles de la membres\u00eda<\/li>\n<li>Correos electr\u00f3nicos automatizados activados por acciones del usuario, como confirmaci\u00f3n de compra, renovaci\u00f3n de membres\u00eda o cuentas vencidas<\/li>\n<li>Seguimiento detallado de rendimiento del correo electr\u00f3nico que incluye openses, clics y conversiones<\/li>\n<li>Constructor de correo electr\u00f3nico intuitivo con funcionalidad de arrastrar y soltar y plantillas de correo electr\u00f3nico personalizables<\/li>\n<li>Integraci\u00f3n perfecta con WordPress y MemberPress, eliminando la necesidad de herramientas externas de marketing por correo electr\u00f3nico de terceros<\/li>\n<li>Control completo sobre campa\u00f1as de correo electr\u00f3nico, programaci\u00f3n y entrega<\/li>\n<li>Ideal para empresas y organizaciones que buscan construir relaciones y aumentar el compromiso con sus suscriptores de MemberPress.<\/li>\n<\/ul>\n","protected":false},"excerpt":{"rendered":"<p>MemberPress Mailster es una soluci\u00f3n de marketing por correo electr\u00f3nico altamente sofisticada y avanzada que se adapta espec\u00edficamente para elevar y mejorar el rendimiento de su sitio de MemberPress. Al integrar sin problemas su cuenta de MemberPress con Mailster, tendr\u00e1 la capacidad de establecer y supervisar sin esfuerzo campa\u00f1as de correo electr\u00f3nico dirigidas con precisi\u00f3n que poseen una notable capacidad para generar conversiones. Este software excepcional est\u00e1 rebosante de una variedad de caracter\u00edsticas sobresalientes que no solo simplifican el proceso de cautivar a su audiencia, sino que tambi\u00e9n le permite conectarse de manera efectiva y eficiente con ellas en un nivel m\u00e1s profundo. Estas caracter\u00edsticas notables incluyen editores de correo electr\u00f3nico de arrastrar y soltar, plantillas totalmente personalizables, flujos de trabajo de automatizaci\u00f3n que agilizan sus operaciones y un conjunto integral de herramientas de an\u00e1lisis avanzados. Al aprovechar el poder de MemberPress Mailster, tendr\u00e1 poder para construir una estrategia de marketing por correo electr\u00f3nico incre\u00edblemente robusta y altamente efectiva que no solo fortalece y refuerza la identidad de su marca, sino que tambi\u00e9n amplifica significativamente los niveles de participaci\u00f3n, lo que resulta en un aumento sustancial en los ingresos.<\/p>\n","protected":false},"featured_media":166758,"comment_status":"open","ping_status":"open","template":"","meta":[],"product_brand":[2496],"product_cat":[1325,1206,1211],"product_tag":[1327],"class_list":{"0":"post-115837","1":"product","2":"type-product","3":"status-publish","4":"has-post-thumbnail","6":"product_brand-memberpress","7":"product_cat-afiliacion","8":"product_cat-plugins","9":"product_cat-wordpress-plugins","10":"product_tag-memberpress","11":"member-discount","12":"discount-restricted","14":"first","15":"instock","16":"sale","17":"downloadable","18":"virtual","19":"sold-individually","20":"purchasable","21":"product-type-simple"},"_links":{"self":[{"href":"https:\/\/gpl-love.com\/es\/wp-json\/wp\/v2\/product\/115837","targetHints":{"allow":["GET"]}}],"collection":[{"href":"https:\/\/gpl-love.com\/es\/wp-json\/wp\/v2\/product"}],"about":[{"href":"https:\/\/gpl-love.com\/es\/wp-json\/wp\/v2\/types\/product"}],"replies":[{"embeddable":true,"href":"https:\/\/gpl-love.com\/es\/wp-json\/wp\/v2\/comments?post=115837"}],"wp:featuredmedia":[{"embeddable":true,"href":"https:\/\/gpl-love.com\/es\/wp-json\/wp\/v2\/media\/166758"}],"wp:attachment":[{"href":"https:\/\/gpl-love.com\/es\/wp-json\/wp\/v2\/media?parent=115837"}],"wp:term":[{"taxonomy":"product_brand","embeddable":true,"href":"https:\/\/gpl-love.com\/es\/wp-json\/wp\/v2\/product_brand?post=115837"},{"taxonomy":"product_cat","embeddable":true,"href":"https:\/\/gpl-love.com\/es\/wp-json\/wp\/v2\/product_cat?post=115837"},{"taxonomy":"product_tag","embeddable":true,"href":"https:\/\/gpl-love.com\/es\/wp-json\/wp\/v2\/product_tag?post=115837"}],"curies":[{"name":"wp","href":"https:\/\/api.w.org\/{rel}","templated":true}]}}